{"id":3,"date":"2022-05-08T13:15:44","date_gmt":"2022-05-08T13:15:44","guid":{"rendered":"https:\/\/aisvision.com\/?page_id=3"},"modified":"2026-03-10T16:37:56","modified_gmt":"2026-03-10T15:37:56","slug":"politica-privacidad","status":"publish","type":"page","link":"https:\/\/aisvision.com\/ca\/politica-de-privadesa\/","title":{"rendered":"Pol\u00edtica de privadesa"},"content":{"rendered":"<p><\/p>\n<table class=\"e-table\" style=\"width: 100%; height: 204px;\">\n<tbody>\n<tr style=\"height: 24px;\">\n<td style=\"height: 24px;\" colspan=\"2\" width=\"595\"><strong>RESPONSABLE<\/strong><\/td>\n<\/tr>\n<tr style=\"height: 78px;\">\n<td style=\"height: 78px;\" width=\"225\">Identitat i dades de contacte<\/td>\n<td style=\"height: 78px;\" width=\"371\">\n<h4>AIS VISION SYSTEMS S.L.<\/h4>\n<\/td>\n<\/tr>\n<tr style=\"height: 78px;\">\n<td style=\"height: 78px;\" width=\"225\">Direcci\u00f3n postal<\/td>\n<td style=\"height: 78px;\" width=\"371\">\n<h4>Carrer de Can Camps, 10, 08202 Sabadell, (Barcelona)<\/h4>\n<\/td>\n<\/tr>\n<tr style=\"height: 24px;\">\n<td style=\"height: 24px;\" width=\"225\">Correu electr\u00f2nic<\/td>\n<td style=\"height: 24px;\" width=\"371\"><a href=\"mailto:info@aisvision.com\">info@aisvision.com<\/a><\/td>\n<\/tr>\n<\/tbody>\n<\/table>\n<p>&nbsp;<\/p>\n<p>En compliment del que disposa l&#8217;article 11 de la Llei Org\u00e0nica 3\/2018, de 5 de desembre, de Protecci\u00f3 de Dades Personals i garantia dels drets digitals (d&#8217;ara endavant, LOPDGDD), <strong>AIS VISION<\/strong> l\u2019informa que les dades de car\u00e0cter personal que ens proporcioni durant la seva navegaci\u00f3 i\/o mitjan\u00e7ant l&#8217;emplenament dels formularis de la P\u00c0GINA WEB seran objecte de tractament per part d&#8217;<strong>AIS VISION<\/strong>, amb la FINALITAT de gestionar els serveis oferts.<\/p>\n<p>Tractem la informaci\u00f3 que ens facilita com a client i de les persones de contacte que participen de la relaci\u00f3 comercial durant el per\u00edode de vig\u00e8ncia de la mateixa per tal de mantenir la relaci\u00f3 contractual i comercial, dur a terme tasques administratives relacionades amb aquests serveis i oferir-li un servei \u00f2ptim i de qualitat per mitj\u00e0 de la P\u00c0GINA WEB i\/o la indicada a la cl\u00e0usula de protecci\u00f3 de dades que es troba al costat del formulari que vost\u00e8 acaba d&#8217;emplenar.<\/p>\n<p>&nbsp;<\/p>\n<h3>Com utilitzem les seves dades?<\/h3>\n<p>A <strong>AIS VISION <\/strong>tractem la informaci\u00f3 que ens faciliten els nostres clients amb la finalitat de desenvolupar la nostra activitat i oferir els nostres serveis.<\/p>\n<p>Utilitzem la informaci\u00f3 de qu\u00e8 disposem, segons les seves decisions, per proporcionar-li un servei de qualitat i per assegurar-ne el funcionament. La informaci\u00f3 proporcionada tamb\u00e9 li servir\u00e0 per accedir i utilitzar la nostra P\u00c0GINA WEB i proporcionar-li informaci\u00f3 sobre els productes i serveis que desitgi.<\/p>\n<p>Aix\u00ed mateix, utilitzem la informaci\u00f3 de la qual disposem per combatre conductes perjudicials, sospitoses o infraccions de les nostres condicions i pol\u00edtiques, detectar i prevenir correu brossa i conservar la integritat dels nostres productes, serveis i dades recopilades, prenent les MESURES DE SEGURETAT pertinents, conforme a les dades recopilades i a les finalitats del tractament per garantir la confidencialitat i la seguretat de les seves dades de car\u00e0cter personal, quan aquestes s\u00f3n objecte de tractament en la mesura que la nostra entitat t\u00e9 implantades les pol\u00edtiques de tractament i mesures de seguretat a les que es refereix la normativa europea vigent de protecci\u00f3 de dades. Les pol\u00edtiques de tractament i mesures de seguretat implantades a AIS VISION tenen la finalitat d\u2019evitar l\u2019alteraci\u00f3, p\u00e8rdua, tractament o \u00fas no autoritzat de les seves dades de car\u00e0cter personal.<\/p>\n<p>Tamb\u00e9 utilitzem la informaci\u00f3 que ens proporciona per respondre-li quan es posi en contacte amb nosaltres o per comunicar-nos amb vost\u00e8 en els casos en els quals est\u00e0 legalment perm\u00e8s.<\/p>\n<p>L\u2019usuari, marcant i acceptant la casella corresponent a comunicacions comercials (<em>checkbox<\/em>), consent expressament que <strong>AIS VISION <\/strong>li envi\u00ef una NEWSLETTER (butllet\u00ed informatiu) amb novetats, missatges de m\u00e0rqueting, publicitat i\/o informacions relacionades amb la nostra entitat, els serveis que prestem i\/o els nostres productes, aix\u00ed com poder-li donar informaci\u00f3 sobre les nostres pol\u00edtiques i condicions.<\/p>\n<p>Les dades recollides no seran tractades de manera incompatible amb les finalitats indicades.<\/p>\n<p><em>\u00a0<\/em><\/p>\n<h3>Quina informaci\u00f3 recollim?<\/h3>\n<p>El tipus d\u2019informaci\u00f3 recollida per <strong>AIS VISION <\/strong>dep\u00e8n de l\u2019\u00fas que vost\u00e8 faci de la P\u00c0GINA WEB, la informaci\u00f3 sobre les dades que recollim i com eliminar-les les trobar\u00e0 a l\u2019apartat relatiu a l\u2019exercici de drets d\u2019aquesta Pol\u00edtica de Privacitat.<\/p>\n<ul>\n<li>Recopilem la informaci\u00f3 que ens proporciona quan navega per la nostra P\u00c0GINA WEB, espec\u00edficament les dades d\u2019identificaci\u00f3 i registre incloses en formularis o dades i missatges que ens comuniqui a trav\u00e9s d\u2019aquests. Aquestes dades poden incloure: el seu nom i cognoms, tel\u00e8fon i correu electr\u00f2nic, aix\u00ed com altres dades necess\u00e0ries per a poder processar la seva sol\u00b7licitud o comunicaci\u00f3.<\/li>\n<li>Podem rebre informaci\u00f3 identificativa quan ens envi\u00ef un correu electr\u00f2nic o quan contacti amb nosaltres.<\/li>\n<li>Podem rebre, ara mateix o en un futur, informaci\u00f3 identificativa quan accedeixi o inici\u00ef sessi\u00f3 en una altra p\u00e0gina, com per exemple una xarxa social, des de la nostra P\u00c0GINA WEB. Aix\u00f2 pot incloure text i\/o imatges de la seva Informaci\u00f3 Personal Identificable disponible en aquestes terceres p\u00e0gines.<\/li>\n<\/ul>\n<p>La RESPOSTA als formularis plantejats per rebre informaci\u00f3 dels serveis oferts per <strong>AIS VISION<\/strong>, aix\u00ed com de qualsevol altre q\u00fcestionari que se li pugui facilitar en un futur, \u00e9s totalment potestativa. Tanmateix, la negativa del client o usuari a facilitar determinades dades podr\u00e0 impossibilitar la prestaci\u00f3 dels serveis oferts per <strong>AIS VISION.<\/strong><\/p>\n<p>L\u2019informem que tamb\u00e9 utilitzem (o podem utilitzar) cookies mentre visita la nostra P\u00c0GINA WEB. Si desitja m\u00e9s informaci\u00f3 sobre el nostre \u00fas de cookies, si us plau, dirigeixi\u2019s a la nostra <a href=\"https:\/\/aisvision.com\/ca\/politica-de-cookies\/\">pol\u00edtica de cookies.<\/a><\/p>\n<p>&nbsp;<\/p>\n<h3>D\u2019on prov\u00e9 la informaci\u00f3 recollida?<\/h3>\n<p>La informaci\u00f3 que recollim a trav\u00e9s de la P\u00c0GINA WEB prov\u00e9 exclusivament de vost\u00e8. No rebem dades de tercers ni de fonts d\u2019acc\u00e9s p\u00fablic.<\/p>\n<p><em>\u00a0<\/em><\/p>\n<h3>Quina base legal ens legitima per tractar les dades recollides?<\/h3>\n<p>La base legal pel tractament de les seves dades \u00e9s la seg\u00fcent:<\/p>\n<ul>\n<li>L\u2019execuci\u00f3 del contracte en el qual vost\u00e8 o la seva empresa, a la que representa, en formen part i <strong>AIS VISION<\/strong>, o per l\u2019aplicaci\u00f3 de mesures precontractuals.<\/li>\n<li>El consentiment prestat mitjan\u00e7ant l\u2019acceptaci\u00f3 expressa de la present Pol\u00edtica de Privacitat, el qual pot revocar en qualsevol moment. Si desitja m\u00e9s informaci\u00f3 sobre la possibilitat de revocar el seu consentiment, dirigeixi\u2019s a l\u2019apartat relatiu a l\u2019exercici de drets d\u2019aquesta Pol\u00edtica.<\/li>\n<li>L\u2019inter\u00e8s leg\u00edtim d\u2019<strong>AIS VISION.<\/strong><\/li>\n<li>El compliment d\u2019obligacions legals d\u2019<strong>AIS VISION.<\/strong><\/li>\n<\/ul>\n<p>&nbsp;<\/p>\n<h3>Conservem les seves dades?<\/h3>\n<p>Les dades personals proporcionades es conservaran durant el temps necessari per al compliment de les finalitats previstes del tractament. El temps durant el qual conservem les seves dades dependr\u00e0 de les finalitats per les quals s\u2019hagin recollit i el compliment de les obligacions legals d\u2019<strong>AIS VISION<\/strong>. Les dades es conservaran mentre no se sol\u00b7liciti la supressi\u00f3 per part de l\u2019interessat. Per a m\u00e9s informaci\u00f3 sobre com suprimir les seves dades, es pot dirigir a l\u2019apartat que fa refer\u00e8ncia a l\u2019exercici de drets d\u2019aquesta pol\u00edtica de privacitat. Les dades obtingudes es conservaran durant el manteniment del vincle contractual amb el client i despr\u00e9s de la finalitzaci\u00f3 de la relaci\u00f3, fins que puguin exigir-se responsabilitats d\u2019acord amb la legislaci\u00f3 vigent en l\u2019\u00e0mbit mercantil, fiscal i per complir amb les obligacions relacionades amb l\u2019\u00e0mbit professional.<\/p>\n<p><em>\u00a0<\/em><\/p>\n<h3>Com actualitzem la seva informaci\u00f3?<\/h3>\n<p>Tota la informaci\u00f3 que faciliti l\u2019usuari a trav\u00e9s del registre o emplenament dels formularis de la P\u00c0GINA WEB haur\u00e0 de ser vera\u00e7. Aix\u00ed mateix, ser\u00e0 responsabilitat de l\u2019usuari mantenir tota la informaci\u00f3 facilitada a <strong>AIS VISION <\/strong>permanentment actualitzada en la manera que correspongui, en cada moment, a la situaci\u00f3 real de l\u2019usuari. L\u2019usuari ser\u00e0 l\u2019\u00fanic responsable de les manifestacions falses o inexactes que faci i dels perjudicis que causi a <strong>AIS VISION<\/strong> o a tercers per la informaci\u00f3 que ens faciliti.<\/p>\n<p>Demanem que comuniqui de forma immediata a AIS VISION qualsevol canvi o modificaci\u00f3 que es produeixi amb relaci\u00f3 a les dades que ens ha proporcionat, amb la finalitat que aquestes dades corresponguin amb veracitat a la seva situaci\u00f3 personal en tot moment.<\/p>\n<p><strong>\u00a0<\/strong><\/p>\n<h3>Com pot exercir els seus drets?<\/h3>\n<p>&nbsp;<\/p>\n<p>De conformitat amb la LOPDGDD, vost\u00e8 disposa dels seg\u00fcents drets:<\/p>\n<ul>\n<li>Dret a obtenir confirmaci\u00f3 sobre si a <strong>AIS VISION<\/strong> estem tractant dades personals que tenen a veure amb vost\u00e8 o no.<\/li>\n<li>Dret a sol\u00b7licitar l\u2019acc\u00e9s a les dades personals de qu\u00e8 disposem relatives a la seva persona.<\/li>\n<li>Dret a sol\u00b7licitar la seva rectificaci\u00f3 o supressi\u00f3. Per exemple, podr\u00e0 demanar que el seu correu electr\u00f2nic es rectifiqui si t\u00e9 algun error, o demanar l\u2019eliminaci\u00f3 de les dades que <strong>AIS VISION <\/strong>tingui quan, entre altres motius, ja no siguin necess\u00e0ries per a la finalitat amb la qual van ser recollides. En el moment de la supressi\u00f3 de les dades, nom\u00e9s les conservarem bloquejades pel compliment d\u2019obligacions legals.<\/li>\n<li>Dret a sol\u00b7licitar la limitaci\u00f3 del seu tractament. Per exemple, t\u00e9 dret a limitar el tractament de les seves dades per a finalitats de m\u00e0rqueting, podent comunicar-se amb nosaltres per donar-se de baixa a la subscripci\u00f3 a la NEWSLETTER o a comunicacions comercials. En aquest cas, nom\u00e9s conservarem les dades per l\u2019exercici o la defensa de reclamacions.<\/li>\n<li>Dret a oposar-se al tractament i retirar el consentiment en qualsevol moment. Per exemple, pot demanar a <strong>AIS VISION<\/strong> que deixi de tractar les seves dades, sense que aix\u00f2 afecti la licitud del tractament basat en el consentiment previ a la seva retirada. En aquest cas, les dades tamb\u00e9 nom\u00e9s es conservarien per motius leg\u00edtims o per l\u2019exercici o la defensa davant de possibles reclamacions.<\/li>\n<li>Dret a la portabilitat de les dades en suport automatitzat a un altre responsable, en els sup\u00f2sits de tractaments que permet la LOPDGDD.<\/li>\n<\/ul>\n<p>Pot exercir aquests drets enviant un email a info@aisvision.com indicant, a l\u2019assumpte \u201cExercici de drets LOPDGDD\u201d i especificant el seg\u00fcent contingut:<\/p>\n<ul>\n<li>El seu nom i cognoms o nom d\u2019usuari<\/li>\n<li>DNI\/NIE<\/li>\n<li>Correu electr\u00f2nic<\/li>\n<li>Dret que vol exercir<\/li>\n<li>Informaci\u00f3 a la qual vol tenir acc\u00e9s, rectificar, suprimir, limitar el tractament o exercir el seu dret de portabilitat.<\/li>\n<\/ul>\n<p>Aix\u00ed mateix, els interessats podran <strong><em>presentar una reclamaci\u00f3<\/em><\/strong> davant l\u2019Autoritat de Control en mat\u00e8ria de Protecci\u00f3 de Dades competent, especialment quan no s\u2019hagi correspost satisfact\u00f2riament en l\u2019exercici dels seus drets a trav\u00e9s del seg\u00fcent enlla\u00e7:<\/p>\n<p><a href=\"https:\/\/sedeagpd.gob.es\/sede-electronica-web\/vistas\/formNuevaReclamacion\/solicitudReclamacion.jsf;jsessionid=58939FC9F6DAB8144DD8E79FC94D0A40\">https:\/\/sedeagpd.gob.es\/sede-electronica-web\/vistas\/formNuevaReclamacion\/solicitudReclamacion.jsf;jsessionid=58939FC9F6DAB8144DD8E79FC94D0A40<\/a><\/p>\n<p>&nbsp;<\/p>\n<h3>Transferim o cedim les seves dades a tercers?<\/h3>\n<p>Les dades no es comunicaran ni transferiran a tercers. Nom\u00e9s de manera excepcional als possibles Encarregats del Tractament de Dades (prove\u00efdors que presten servei a la nostra entitat).<\/p>\n<p><strong>AIS VISION <\/strong>pot compartir la seva informaci\u00f3 amb diverses autoritats governamentals en resposta a compareixences, ordres judicials o altres processos legals o per qualsevol altre tema requerit per la llei. Les seves dades no es comunicaran a tercers excepte per obligaci\u00f3 legal a l\u2019Ag\u00e8ncia Tribut\u00e0ria, Jutjats i Tribunals, a Bancs i Entitats financeres per q\u00fcestions relacionades amb el pagament dels serveis i als nostres corresponsables en el cas que fos necessari per complir amb el servei encarregat.<\/p>\n<p>Per a la seva comoditat i inter\u00e8s, podem proporcionar enlla\u00e7os a p\u00e0gines que gestionen organitzadors diversos (\u201cp\u00e0gines de tercers\u201d). No divulguem la seva informaci\u00f3 a aquestes P\u00e0gines de tercers sense el seu consentiment. Tot i aix\u00f2, no aprovem i no som responsables de les pr\u00e0ctiques de privacitat d\u2019aquestes p\u00e0gines. Si decideix entrar a un enlla\u00e7 d\u2019una d\u2019aquestes p\u00e0gines de tercers, hauria de revisar la seva Pol\u00edtica de Privacitat publicada a la seva pr\u00f2pia web, per entendre com aquesta p\u00e0gina de tercers recull i utilitza les seves dades personals.<\/p>","protected":false},"excerpt":{"rendered":"<p>RESPONSABLE Identitat i dades de contacte AIS VISION SYSTEMS S.L. Direcci\u00f3n postal Carrer de Can Camps, 10, 08202 Sabadell, (Barcelona) Correu electr\u00f2nic info@aisvision.com &nbsp; En compliment del que disposa l&#8217;article 11 de la Llei Org\u00e0nica 3\/2018, de 5 de desembre, de Protecci\u00f3 de Dades Personals i garantia dels drets digitals (d&#8217;ara endavant, LOPDGDD), AIS VISION [&hellip;]<\/p>\n","protected":false},"author":1,"featured_media":0,"parent":0,"menu_order":45,"comment_status":"closed","ping_status":"closed","template":"","meta":{"_acf_changed":false,"inline_featured_image":false,"footnotes":"","_links_to":"","_links_to_target":""},"class_list":["post-3","page","type-page","status-publish","hentry"],"acf":[],"_links":{"self":[{"href":"https:\/\/aisvision.com\/ca\/wp-json\/wp\/v2\/pages\/3","targetHints":{"allow":["GET"]}}],"collection":[{"href":"https:\/\/aisvision.com\/ca\/wp-json\/wp\/v2\/pages"}],"about":[{"href":"https:\/\/aisvision.com\/ca\/wp-json\/wp\/v2\/types\/page"}],"author":[{"embeddable":true,"href":"https:\/\/aisvision.com\/ca\/wp-json\/wp\/v2\/users\/1"}],"replies":[{"embeddable":true,"href":"https:\/\/aisvision.com\/ca\/wp-json\/wp\/v2\/comments?post=3"}],"version-history":[{"count":19,"href":"https:\/\/aisvision.com\/ca\/wp-json\/wp\/v2\/pages\/3\/revisions"}],"predecessor-version":[{"id":2733,"href":"https:\/\/aisvision.com\/ca\/wp-json\/wp\/v2\/pages\/3\/revisions\/2733"}],"wp:attachment":[{"href":"https:\/\/aisvision.com\/ca\/wp-json\/wp\/v2\/media?parent=3"}],"curies":[{"name":"wp","href":"https:\/\/api.w.org\/{rel}","templated":true}]}}