{"id":752,"date":"2022-08-05T05:21:00","date_gmt":"2022-08-05T05:21:00","guid":{"rendered":"https:\/\/aisvision.com\/es\/?page_id=752"},"modified":"2026-03-10T16:39:56","modified_gmt":"2026-03-10T15:39:56","slug":"aviso-legal","status":"publish","type":"page","link":"https:\/\/aisvision.com\/ca\/avis-legal\/","title":{"rendered":"Av\u00eds legal"},"content":{"rendered":"<p><\/p>\n<ol>\n<li><strong>Identificaci\u00f3 de la p\u00e0gina web<\/strong><\/li>\n<\/ol>\n<p>En compliment del que disposa l\u2019article 10 de la Llei 34\/2002 de l\u201911 de juliol, de Serveis de la Societat de la Informaci\u00f3 i Comer\u00e7 Electr\u00f2nic (LSSICE), posem a la seva disposici\u00f3 la \u201cinformaci\u00f3 general\u201d, que compr\u00e8n les dades identificatives de l&#8217;entitat titular d\u2019aquesta P\u00c0GINA WEB:<\/p>\n<p>Denominaci\u00f3 social: <strong>AIS VISION SYSTEMS S.L.<\/strong><\/p>\n<p>Nom comercial: <strong>AIS VISION<\/strong><\/p>\n<p>Domicili de contacte: <strong>carrer de Can Camps, 10, 08202 Sabadell (Barcelona)<\/strong><\/p>\n<p>Domicili social: <strong>carrer de Can Camps, 10, 08202 Sabadell (Barcelona)<\/strong><\/p>\n<p>CIF: <strong>B65946691<\/strong><\/p>\n<p>Tel\u00e8fon: <strong>931 003 035<\/strong><\/p>\n<p>Email: <a href=\"mailto:info@aisvision.com\">info@aisvision.com<\/a><\/p>\n<p>Nom del domini: <a href=\"http:\/\/www.aisvision.com\">www.aisvision.com<\/a><\/p>\n<p>Inscrita al Registre Mercantil de Barcelona, Protocol 58 atorgada 10\/01\/2013 davant de notari F. de Salas Moreno, Registrada 08\/02\/2013 Seient 1681 Diari 1156.<\/p>\n<p>&nbsp;<\/p>\n<h3 style=\"text-align: center;\"><b>Condicions d\u2019\u00fas de la p\u00e0gina web<\/b><\/h3>\n<ol start=\"2\">\n<li><b>Atribuci\u00f3 de condici\u00f3 d\u2019usuari de la p\u00e0gina web<\/b><\/li>\n<\/ol>\n<p>La utilitzaci\u00f3 de <a href=\"http:\/\/www.aisvision.com\">www.aisvision.com<\/a> (d&#8217;ara endavant, la \u201cP\u00c0GINA WEB\u201d) atribueix la condici\u00f3 d\u2019usuari del web i implica l\u2019acceptaci\u00f3 plena i sense reserves de totes i cadascuna de les disposicions incloses en aquest av\u00eds legal en la versi\u00f3 publicada per <b>AIS VISION<\/b> en el mateix moment en qu\u00e8 l\u2019usuari accedeix a la P\u00c0GINA WEB. En conseq\u00fc\u00e8ncia, l\u2019usuari ha de llegir atentament les presents condicions en cadascuna de les ocasions en les quals es proposi utilitzar la P\u00c0GINA WEB, ja que poden haver-hi modificacions.<\/p>\n<p>&nbsp;<\/p>\n<p><b>AIS VISION<\/b> es reserva el dret de modificar les condicions d\u2019\u00fas de la P\u00c0GINA WEB i \u00e9s obligaci\u00f3 de l\u2019usuari revisar-les peri\u00f2dicament.<\/p>\n<p>&nbsp;<\/p>\n<ol start=\"3\">\n<li><b>Objecte<\/b><\/li>\n<\/ol>\n<p>Aquestes condicions d\u2019\u00fas pretenen regular l\u2019acc\u00e9s dels usuaris i la navegaci\u00f3 posterior a la P\u00c0GINA WEB. Aix\u00ed mateix, aquestes condicions regulen la relaci\u00f3 entre els usuaris i AIS VISION quan els primers utilitzin la P\u00c0GINA WEB oferta per AIS VISION amb qualsevol mena de finalitat.<\/p>\n<p>&nbsp;<\/p>\n<ol start=\"4\">\n<li><b>Obligacions dels usuaris<\/b><\/li>\n<\/ol>\n<p><b>Acc\u00e9s i utilitzaci\u00f3 de la P\u00c0GINA WEB:<\/b><\/p>\n<p>La visita i la consulta d\u2019informaci\u00f3 de la P\u00c0GINA WEB, t\u00e9 car\u00e0cter gratu\u00eft per a tots els usuaris.<\/p>\n<p><b>Obligaci\u00f3 de fer un \u00fas correcte dels Continguts:<\/b><\/p>\n<p>L\u2019usuari es compromet a utilitzar els continguts de la P\u00c0GINA WEB, entenent per aquests \u2013sense que aquesta enumeraci\u00f3 tingui car\u00e0cter limitant\u2013 els textos, fotografies, gr\u00e0fics, imatges, icones, tecnologia, <i>software<\/i>, <i>links<\/i> i altres continguts audiovisuals o sonors, aix\u00ed com el seu disseny gr\u00e0fic i codis font (d\u2019ara endavant, els \u201cContinguts\u201d), de conformitat amb la llei, el present av\u00eds legal (condicions d\u2019\u00fas) i d\u2019altres avisos, reglaments d\u2019\u00fas i instruccions posats en el seu coneixement, aix\u00ed com amb la moral i els bons costums generalment acceptats i l\u2019ordre p\u00fablic.<\/p>\n<p>&nbsp;<\/p>\n<ol start=\"5\">\n<li><b>Propietat intel\u00b7lectual<\/b><\/li>\n<\/ol>\n<p><b>AIS VISION<\/b> \u00e9s titular dels drets de propietat intel\u00b7lectual i industrial o ha obtingut les autoritzacions o llic\u00e8ncies corresponents per a la seva explotaci\u00f3, sobre el nom del domini, les marques i signes distintius, la informaci\u00f3 i la resta de les obres i invencions relacionades amb la P\u00c0GINA WEB i la tecnologia associada a aquesta, aix\u00ed com els seus continguts.<\/p>\n<h4>Els continguts d\u2019aquesta P\u00c0GINA WEB, incloent-hi dissenys, aplicacions, text, imatges i codi font, estan protegits per drets de propietat intel\u00b7lectual i industrial.<\/h4>\n<p>De cap manera el contingut es podr\u00e0 utilitzar, reproduir, copiar o transmetre sense el perm\u00eds previ, escrit i expl\u00edcit d\u2019<b>AIS VISION.<\/b><\/p>\n<p>L\u2019usuari haur\u00e0 d\u2019abstenir-se d\u2019aportar continguts que hagin estat aconseguits de manera il\u00b7l\u00edcita o protegits per drets de propietat intel\u00b7lectual (<i>copyright<\/i>) sense l\u2019autoritzaci\u00f3 expressa dels autors originals o els propietaris dels citats drets. En tot cas, respondr\u00e0 l\u2019usuari i no <b>AIS VISION<\/b> de les possibles reclamacions econ\u00f2miques o de qualsevol classe que poguessin dirigir-se a<b> AIS VISION<\/b> per aquests fets en reclamaci\u00f3 dels citats drets de propietat intel\u00b7lectual.<\/p>\n<p>En el cas que un usuari o un tercer consideri que existeixen fets o circumst\u00e0ncies que revelin el car\u00e0cter indegut de la utilitzaci\u00f3 de qualsevol contingut i\/o de la realitzaci\u00f3 de qualsevol activitat en les p\u00e0gines web incloses o accessibles a trav\u00e9s de la P\u00c0GINA WEB i, en particular, de la violaci\u00f3 de drets de propietat intel\u00b7lectual o industrial (patents, models i dibuixos industrials, marques i noms comercials, etc.), l\u2019incompliment dels deures i obligacions previstes en aquestes condicions o la vulneraci\u00f3 d\u2019altres drets, haur\u00e0 d\u2019enviar un email a <a href=\"mailto:info@aisvision.com\">info@aisvision.com<\/a> informant AIS VISION. L\u2019email haur\u00e0 de contenir:<\/p>\n<ol>\n<li>Dades personals del reclamant: nom, direcci\u00f3, n\u00famero de tel\u00e8fon i adre\u00e7a de correu electr\u00f2nic;<\/li>\n<li>Especificaci\u00f3 de la suposada activitat il\u00b7l\u00edcita portada a terme a la P\u00c0GINA WEB i, en particular, quan es tracti d\u2019una suposada violaci\u00f3 de drets, indicaci\u00f3 precisa i concreta dels continguts protegits, aix\u00ed com de la seva localitzaci\u00f3 en les p\u00e0gines web;<\/li>\n<li>Fets o circumst\u00e0ncies que revelen el car\u00e0cter il\u00b7l\u00edcit d\u2019aquesta activitat;<\/li>\n<li>En el sup\u00f2sit de violaci\u00f3 de drets, amb les dades personals del titular dels drets suposadament infringits.<\/li>\n<li>Declaraci\u00f3 expressa, clara i sota la responsabilitat del reclamant que la informaci\u00f3 proporcionada a la notificaci\u00f3 \u00e9s exacta i de car\u00e0cter indegut de la utilitzaci\u00f3 dels continguts o de la realitzaci\u00f3 de les activitats descrites.<\/li>\n<\/ol>\n<p><b>AIS VISION<\/b> procedir\u00e0 immediatament a adoptar les mesures per a l&#8217;esmena o eliminaci\u00f3, si s&#8217;escau, de les citades dades o continguts.<\/p>\n<p>Tots els serveis d\u2019\u00fas del <i>software<\/i> estan protegits per lleis de <i>copyright<\/i> i tractats internacionals de <i>copyright<\/i>, aix\u00ed com d\u2019altres lleis i tractats de car\u00e0cter intel\u00b7lectual. Tots els drets de t\u00edtol i de propietat intel\u00b7lectual en el contingut que s\u2019accedeixi a trav\u00e9s de l\u2019\u00fas de la P\u00c0GINA WEB \u00e9s propietat d\u2019<b>AIS VISION<\/b> o del respectiu propietari i tamb\u00e9 estan protegits per <i>copyright<\/i> i altres lleis de propietat intel\u00b7lectual.<\/p>\n<p>&nbsp;<\/p>\n<ol start=\"6\">\n<li><b>Protecci\u00f3 de dades personals i confidencialitat<\/b><\/li>\n<\/ol>\n<p>En compliment del que es disposa a la normativa de protecci\u00f3 de dades, <b>AIS VISION,<\/b> com a responsable del tractament, l&#8217;informa que les dades de car\u00e0cter personal que ens proporcioni durant la seva navegaci\u00f3 per la P\u00c0GINA WEB i\/o mitjan\u00e7ant l\u2019emplenament de formularis ubicats a la mateixa P\u00c0GINA WEB, nom\u00e9s s\u2019utilitzaran per a gestionar el manteniment de la P\u00c0GINA WEB, oferir-li un servei \u00f2ptim i de qualitat, millorar l\u2019experi\u00e8ncia de l\u2019usuari i dur a terme tasques administratives relacionades amb els serveis i activitats que oferim a trav\u00e9s de la P\u00c0GINA WEB. Amb la cessi\u00f3 de les seves dades, vost\u00e8 ens autoritza a tractar les seves dades amb les finalitats indicades.<\/p>\n<p><b>AIS VISION <\/b>garanteix la confidencialitat i seguretat de les seves dades de car\u00e0cter personal quan aquestes s\u00f3n objectes de tractament en la mesura que t\u00e9 implantades les pol\u00edtiques de tractament i mesures de seguretat a les que es refereix la normativa de privacitat. Les pol\u00edtiques de tractament i mesures de seguretat implantades a <b>AIS VISION<\/b> eviten l\u2019alteraci\u00f3, p\u00e8rdua, tractament o \u00fas no autoritzat de les seves dades de car\u00e0cter personal.<\/p>\n<p>Tota la informaci\u00f3 que faciliti l\u2019usuari a trav\u00e9s dels formularis de la P\u00c0GINA WEB, haur\u00e0 de ser vera\u00e7. Vost\u00e8 ens autoritza que passin a formar part d\u2019un fitxer del qual <b>AIS VISION<\/b> n\u2019\u00e9s responsable. Vost\u00e8 podr\u00e0 exercir-ne els drets, i aquesta informaci\u00f3 podr\u00e0 ser utilitzada per mantenir la relaci\u00f3 comercial i rebre informaci\u00f3 i publicitat de la nostra empresa.<\/p>\n<p>A tots aquests efectes, l\u2019usuari garanteix l\u2019autenticitat de totes aquelles dades que comuniqui a conseq\u00fc\u00e8ncia de l\u2019emplenament dels formularis. Aix\u00ed mateix, ser\u00e0 responsabilitat de l\u2019usuari mantenir tota la informaci\u00f3 facilitada a <b>AIS VISION<\/b> permanentment actualitzada de manera que respongui, en cada moment, a la situaci\u00f3 real de l\u2019usuari. L\u2019usuari ser\u00e0 l\u2019\u00fanic responsable de les manifestacions falses o inexactes que realitzi i dels perjudicis que causi a AIS VISION o a tercers per la informaci\u00f3 que ens faciliti.<\/p>\n<p>Podr\u00e0 exercir els seus drets d\u2019acc\u00e9s, rectificaci\u00f3, supressi\u00f3, limitaci\u00f3, portabilitat i oposici\u00f3 dirigint-se a <b>AIS VISION<\/b> enviant un email a <a href=\"mailto:info@aisvision.com\">info@aisvision.com<\/a> indicant a l\u2019assumpte \u201cExercici de drets LOPDGDD\u201d i el seg\u00fcent contingut:<\/p>\n<ul>\n<li>El seu nom i cognoms o nom d\u2019usuari<\/li>\n<li>DNI\/NIE<\/li>\n<li>Correu electr\u00f2nic<\/li>\n<li>Dret que vol exercir<\/li>\n<li>Informaci\u00f3 a la qual vol tenir acc\u00e9s, rectificar, suprimir, limitar el tractament o exercir el seu dret de portabilitat.<\/li>\n<\/ul>\n<p>Per a m\u00e9s informaci\u00f3 sobre la nostra pol\u00edtica de protecci\u00f3 de dades, consulti la nostra \u201cPol\u00edtica de Privacitat\u201d i \u201cPol\u00edtica de Cookies\u201d.<\/p>\n<p>&nbsp;<\/p>\n<ol start=\"7\">\n<li><strong>Limitacions de responsabilitat<\/strong><\/li>\n<\/ol>\n<p><b>AIS VISION <\/b>no garanteix la disponibilitat i continu\u00eftat del funcionament dels serveis de la P\u00c0GINA WEB.\u00a0 Quan sigui raonablement possible, advertir\u00e0 pr\u00e8viament de les interrupcions en el funcionament d&#8217;aquests. <b>AIS VISION <\/b>tampoc garanteix la utilitat dels serveis de la P\u00c0GINA WEB per a la realitzaci\u00f3 de cap activitat en concret, ni la seva infal\u00b7libilitat i, en particular, encara que no de manera exclusiva, no garanteix que els usuaris puguin efectivament utilitzar els mateixos, accedir a les diferents p\u00e0gines web que formen part de la P\u00c0GINA WEB o aquelles des de les quals es presten els serveis.<\/p>\n<p>&nbsp;<\/p>\n<p>Si vost\u00e8 se sent perjudicat per la difusi\u00f3 a la nostra P\u00c0GINA WEB de v\u00eddeos o imatges, pot remetre\u2019ns un email a <a href=\"mailto:info@aisvision.com\">info@aisvision.com<\/a> i estudiarem la seva reclamaci\u00f3 i la possibilitat de retirar el material de la nostra P\u00c0GINA WEB.<\/p>\n<p><b>AIS VISION<\/b> no garanteix la veracitat, exactitud, exhaustivitat i actualitat dels continguts de la seva <b>P\u00c0GINA WEB<\/b> generats per empleats d\u2019<b>AIS VISION<\/b> o pels usuaris de la <b>P\u00c0GINA WEB<\/b> en publicar les seves opinions en aquesta <b>P\u00c0GINA WEB<\/b>.<\/p>\n<p>En relaci\u00f3 amb els enlla\u00e7os externs: la P\u00c0GINA WEB pot contenir enlla\u00e7os a p\u00e0gines web que no pertanyen, ni s\u00f3n controlades, editades o censurades per <b>AIS VISION. <\/b>Per tant, no assumim cap responsabilitat pel contingut, pol\u00edtiques de privacitat o pr\u00e0ctiques d\u2019aquestes p\u00e0gines web externes. L\u2019exist\u00e8ncia d\u2019aquests enlla\u00e7os a la web no comporta, per part d\u2019<b>AIS VISION<\/b>, l\u2019aprovaci\u00f3 dels productes, serveis, continguts, informaci\u00f3, dades, arxius i qualsevol altra classe de material existent en aquestes p\u00e0gines web, i no controla ni es fa responsable de la qualitat, licitud, fiabilitat i utilitat de la informaci\u00f3 i\/o continguts i serveis existents en els llocs web.<\/p>\n<p><b>AIS VISION <\/b>es guardar\u00e0 el dret a canviar, modificar o afegir cl\u00e0usules sense notificaci\u00f3 pr\u00e8via, sempre que es facin constar degudament online en el present document.<\/p>\n<p>&nbsp;<\/p>\n<ol start=\"8\">\n<li><strong>Legislaci\u00f3 aplicable i jurisdicci\u00f3 competent<\/strong><\/li>\n<\/ol>\n<p>Els termes i l\u2019\u00fas de la P\u00c0GINA WEB d\u2019<b>AIS VISION<\/b> o qualsevol servei que ofereixi <b>AIS VISION<\/b> seran regits i interpretats d\u2019acord amb les lleis espanyoles, i per a qualsevol controv\u00e8rsia que es derivi de l\u2019\u00fas d\u2019aquest servei les parts se sotmeten expressament a la jurisdicci\u00f3 dels Tribunals de la ciutat de Sabadell (Barcelona).<\/p>","protected":false},"excerpt":{"rendered":"<p>Identificaci\u00f3 de la p\u00e0gina web En compliment del que disposa l\u2019article 10 de la Llei 34\/2002 de l\u201911 de juliol, de Serveis de la Societat de la Informaci\u00f3 i Comer\u00e7 Electr\u00f2nic (LSSICE), posem a la seva disposici\u00f3 la \u201cinformaci\u00f3 general\u201d, que compr\u00e8n les dades identificatives de l&#8217;entitat titular d\u2019aquesta P\u00c0GINA WEB: Denominaci\u00f3 social: AIS VISION [&hellip;]<\/p>\n","protected":false},"author":1,"featured_media":0,"parent":0,"menu_order":47,"comment_status":"closed","ping_status":"closed","template":"","meta":{"_acf_changed":false,"inline_featured_image":false,"footnotes":"","_links_to":"","_links_to_target":""},"class_list":["post-752","page","type-page","status-publish","hentry"],"acf":[],"_links":{"self":[{"href":"https:\/\/aisvision.com\/ca\/wp-json\/wp\/v2\/pages\/752","targetHints":{"allow":["GET"]}}],"collection":[{"href":"https:\/\/aisvision.com\/ca\/wp-json\/wp\/v2\/pages"}],"about":[{"href":"https:\/\/aisvision.com\/ca\/wp-json\/wp\/v2\/types\/page"}],"author":[{"embeddable":true,"href":"https:\/\/aisvision.com\/ca\/wp-json\/wp\/v2\/users\/1"}],"replies":[{"embeddable":true,"href":"https:\/\/aisvision.com\/ca\/wp-json\/wp\/v2\/comments?post=752"}],"version-history":[{"count":15,"href":"https:\/\/aisvision.com\/ca\/wp-json\/wp\/v2\/pages\/752\/revisions"}],"predecessor-version":[{"id":2734,"href":"https:\/\/aisvision.com\/ca\/wp-json\/wp\/v2\/pages\/752\/revisions\/2734"}],"wp:attachment":[{"href":"https:\/\/aisvision.com\/ca\/wp-json\/wp\/v2\/media?parent=752"}],"curies":[{"name":"wp","href":"https:\/\/api.w.org\/{rel}","templated":true}]}}