{"id":755,"date":"2022-08-05T06:05:20","date_gmt":"2022-08-05T06:05:20","guid":{"rendered":"https:\/\/aisvision.com\/es\/?page_id=755"},"modified":"2026-03-10T16:41:50","modified_gmt":"2026-03-10T15:41:50","slug":"politica-de-cookies","status":"publish","type":"page","link":"https:\/\/aisvision.com\/ca\/politica-de-cookies\/","title":{"rendered":"Pol\u00edtica de cookies"},"content":{"rendered":"<p><strong>AIS VISION ha desenvolupat aquesta pol\u00edtica per informar-lo de qu\u00e8 \u00e9s una cookie, quines utilitzem en aquesta web i ajudar-lo a poder gestionar-les segons sigui del seu inter\u00e8s.<\/strong><\/p>\n<p>Amb la seva visita a la nostra web est\u00e0 sent informat de l\u2019exist\u00e8ncia de cookies i de la present pol\u00edtica de cookies. Amb l\u2019acceptaci\u00f3 de la pol\u00edtica de cookies, <strong>est\u00e0 consentint la instal\u00b7laci\u00f3 de les cookies<\/strong> informades (a excepci\u00f3 que hagi estat modificada la configuraci\u00f3 del seu navegador per a rebutjar cookies).<\/p>\n<p><strong>\u00a0<\/strong>Una \u201ccookie\u201d (o galeta) \u00e9s un petit arxiu de text que un lloc web emmagatzema al navegador de l\u2019usuari. Les cookies faciliten l\u2019\u00fas i la navegaci\u00f3 per una p\u00e0gina web i s\u00f3n essencials pel funcionament d\u2019internet, aportant innumerables avantatges en la prestaci\u00f3 de serveis interactius.<\/p>\n<p>Les cookies s\u2019utilitzen, per exemple, per gestionar la sessi\u00f3 de l\u2019usuari (reduint el n\u00famero de vegades que ha d\u2019incloure la seva contrasenya) o per adequar els continguts d\u2019una p\u00e0gina web a les seves prefer\u00e8ncies. Les cookies poden ser de \u201csessi\u00f3\u201d, fet pel qual s&#8217;esborraran un cop l\u2019usuari abandoni la p\u00e0gina web que les va generar, o \u201cpersistents\u201d; que es mantenen a l\u2019ordinador fins a una data determinada.<\/p>\n<p>Aquest document d\u2019\u201d\u00das de Cookies\u201d ha estat elaborat a partir d\u2019una auditoria t\u00e8cnica externa estant, per tant, subjecte a actualitzacions peri\u00f2diques. El seu prop\u00f2sit \u00e9s ajudar-lo a comprendre l\u2019\u00fas que la present p\u00e0gina web fa de les cookies, la finalitat de les cookies utilitzades, aix\u00ed com de les opcions que l\u2019usuari t\u00e9 a la seva disposici\u00f3 per gestionar-les.<\/p>\n<p>L\u2019acceptaci\u00f3 d\u2019aquesta pol\u00edtica de cookies i amb la funcionalitat del seu navegador habilitada per acceptar les mateixes, implica l\u2019acceptaci\u00f3 per part de l\u2019usuari de la tecnologia cookie utilitzada per aquesta p\u00e0gina web.<\/p>\n<p>&nbsp;<\/p>\n<h3>Exemples de tipus de cookies<\/h3>\n<h4>Cookies t\u00e8cniques o d\u2019\u00fas intern<\/h4>\n<p>S\u00f3n cookies t\u00e8cniques o d\u2019\u00fas intern les imprescindibles pel funcionament d\u2019una web, com per exemple aquelles que permeten l\u2019autenticaci\u00f3 o el manteniment de la sessi\u00f3 de l\u2019usuari registrat quan navega per la p\u00e0gina. La desactivaci\u00f3 d\u2019aquestes galetes impedeix el funcionament correcte d\u2019algunes de les funcionalitats de la web.<\/p>\n<h4>Cookies Anal\u00edtiques<\/h4>\n<p>S\u00f3n cookies anal\u00edtiques aquelles que serveixen per captar estad\u00edstiques sobre l\u2019activitat de l\u2019usuari a la web i l\u2019activitat general d\u2019aquesta. La informaci\u00f3 recopilada \u00e9s an\u00f2nima i permet optimitzar la navegaci\u00f3 d\u2019una p\u00e0gina web i garantir el millor servei a l\u2019usuari. L\u2019usuari pot excloure la seva activitat mitjan\u00e7ant sistemes d\u2019exclusi\u00f3 facilitats per les eines anal\u00edtiques.<\/p>\n<h4>Cookies de tercers per a la gesti\u00f3 d\u2019espais publicitaris<\/h4>\n<p>S\u00f3n cookies emmagatzemades per terceres parts que gestionen els espais publicitaris que els usuaris visualitzen en accedir a aquesta web. Aquestes galetes permeten mesurar l\u2019efectivitat de campanyes online, proporcionar a l\u2019usuari informaci\u00f3 del seu inter\u00e8s i oferir-li continguts publicitaris de la seva prefer\u00e8ncia. De conformitat amb les seves pr\u00f2pies pol\u00edtiques, alguns gestors de publicitat poden utilitzar les cookies an\u00f2nimes per mostrar anuncis del seu inter\u00e8s quan visiti altres p\u00e0gines web. Tanmateix, els usuaris poden gestionar l\u2019acceptaci\u00f3 o no d\u2019aquestes galetes mitjan\u00e7ant la configuraci\u00f3 del seu navegador.<\/p>\n<h4>Garanties i opcions sobre les cookies<\/h4>\n<p>A trav\u00e9s de la configuraci\u00f3 del seu navegador, l\u2019usuari t\u00e9 la possibilitat d\u2019acceptar o rebutjar la instal\u00b7laci\u00f3 de cookies, o b\u00e9 rebutjar la instal\u00b7laci\u00f3 d\u2019un determinat tipus de galetes, com les de publicitat i de tercers. A m\u00e9s, despr\u00e9s de cada sessi\u00f3 pot eliminar totes o algunes de les cookies emmagatzemades.<\/p>\n<p>Tanmateix, l\u2019usuari pot activar:<\/p>\n<p>\u2013La navegaci\u00f3 privada, mitjan\u00e7ant la qual el seu navegador deixa de guardar l\u2019historial de navegaci\u00f3, contrasenyes de llocs web, cookies i altra informaci\u00f3 de les p\u00e0gines que visita, o<\/p>\n<p>\u2013la funci\u00f3 de no rastrejar, per la que el navegador demana als llocs web que visita que no rastregin els seus h\u00e0bits de navegaci\u00f3 per, per exemple, servir publicitat del seu inter\u00e8s als llocs que visita.<\/p>\n<p>Li recomanem que consulti l\u2019ajuda del seu navegador per informar-se de les diferents opcions sobre com gestionar les cookies. <strong>Tingui en compte que el bloqueig de cookies pot afectar a totes o algunes de les funcionalitats de la nostra web. <\/strong>Incl\u00fas pot passar que en el cas de NO ACCEPTAR les cookies t\u00e8cniques\/internes, no pugui accedir a la nostra p\u00e0gina web.<\/p>\n<p>&nbsp;<\/p>\n<h4>Cookies utilitzades a la nostra p\u00e0gina web<\/h4>\n<div class=\"e-scroll-horizontal\">\n<table class=\"e-table\">\n<thead>\n<tr>\n<td><strong>Nom de cookie<\/strong><\/td>\n<td><strong>Tipus de cookie<\/strong><\/td>\n<td><strong>Temps de caducitat<\/strong><\/td>\n<td><strong>Descripci\u00f3<\/strong><\/td>\n<\/tr>\n<\/thead>\n<tbody>\n<tr>\n<td>_ga<\/td>\n<td>Cookie anal\u00edtica (de tercers)<\/td>\n<td>2 anys desde la \u00faltima actualizaci\u00f3n<\/td>\n<td>Cookie de Google Analytics que habilita la funci\u00f3 de control de visites \u00faniques. La primera vegada que un usuari entri al lloc web a trav\u00e9s d\u2019un navegador s\u2019instal\u00b7lar\u00e0 aquesta cookie. Quan aquest usuari torni a entrar al web a trav\u00e9s del mateix navegador, la cookie considerar\u00e0 que \u00e9s el mateix usuari. Nom\u00e9s en el cas que l\u2019usuari canvi\u00ef de navegador, es considerar\u00e0 un altre usuari.<\/td>\n<\/tr>\n<tr>\n<td>_gid<\/td>\n<td>Cookie anal\u00edtica (de tercers)<\/td>\n<td>24h des de l\u2019\u00faltima actualitzaci\u00f3<\/td>\n<td>Aquesta cookie s\u2019associa amb Google Analytics. S\u2019utilitza per a distingir als usuaris.<\/td>\n<\/tr>\n<tr>\n<td>_gat<\/td>\n<td>Cookie anal\u00edtica (de tercers)<\/td>\n<td>10 minuts des de la creaci\u00f3 o modificaci\u00f3<\/td>\n<td>Aquesta cookie s\u2019associa amb Google Analytics. S\u2019utilitza per a limitar la velocitat de petici\u00f3 \u2013la limitaci\u00f3 de recollida de dades als llocs d\u2019alt tr\u00e0fic.<\/td>\n<\/tr>\n<tr>\n<td>PHPSESSID<\/td>\n<td>Cookie T\u00e8cnica (Interna)<\/td>\n<td>En acabar la sessi\u00f3<\/td>\n<td>Aquesta cookie es fa servir per guardar les dades de la sessi\u00f3 de l\u2019usuari. \u00c9s essencial pel funcionament de la web<\/td>\n<\/tr>\n<tr>\n<td>lang<\/td>\n<td>Cookie T\u00e8cnica (Interna)<\/td>\n<td>En acabar la sessi\u00f3<\/td>\n<td>Cookie que s\u2019utilitza per mantenir i recordar l\u2019idioma actual en qu\u00e8 navega l\u2019usuari.<\/td>\n<\/tr>\n<tr>\n<td>ac_cookies<\/td>\n<td>Cookie T\u00e8cnica (Interna)<\/td>\n<td>1 any des de l\u2019\u00faltima actualitzaci\u00f3<\/td>\n<td>Cookie t\u00e8cnica i estrictament necess\u00e0ria que cont\u00e9 el valor de si ha acceptat la instal\u00b7laci\u00f3 de cookies.<\/td>\n<\/tr>\n<tr>\n<td>__utma<\/td>\n<td>Cookie anal\u00edtica (de tercers)<\/td>\n<td>2 anys des de la creaci\u00f3 o modificaci\u00f3<\/td>\n<td>Es fa servir per a diferenciar entre usuaris i sessions. La cookie es crea en carregar la llibreria JavaScript i no existeix una versi\u00f3 pr\u00e8via de la cookie __utma. La cookie s\u2019actualitza cada vegada que envia les dades a Google Analytics.<\/td>\n<\/tr>\n<tr>\n<td>__utmb<\/td>\n<td>Cookie anal\u00edtica (de tercers)<\/td>\n<td>30 mins des de la creaci\u00f3 o modificaci\u00f3<\/td>\n<td>Es fa servir per saber si hi ha una nova sessi\u00f3 o visita. La cookie es crea en carregar la llibreria JavaScript i no existeix una versi\u00f3 pr\u00e8via de la cookie __utmb. La cookie s\u2019actualitza cada cop que envia les dades a Google Analytics.<\/td>\n<\/tr>\n<tr>\n<td>__utmc<\/td>\n<td>Cookie de sesi\u00f3n (de tercers)<\/td>\n<td>En acabar la sessi\u00f3<\/td>\n<td>No es fa servir la llibreria ga.js. Aquesta cookie es fa servir per facilitar la funcionalitat amb la llibreria urchin.js. Hist\u00f2ricament, aquesta cookie funciona juntament amb la cookie __utmb per saber si l\u2019usuari \u00e9s una nova sessi\u00f3 o visita.<\/td>\n<\/tr>\n<tr>\n<td>__utmli<\/td>\n<td>Cookie anal\u00edtica (de tercers)<\/td>\n<td>30 segundos desde creaci\u00f3n o modificaci\u00f3n<\/td>\n<td>La utilitat \u00e9s poder diferenciar a l\u2019informe d\u2019Anal\u00edtica de p\u00e0gina, diferents enlla\u00e7os que apuntin a un mateix dest\u00ed.<\/td>\n<\/tr>\n<tr>\n<td>__utmv<\/td>\n<td>Cookie anal\u00edtica (de tercers)<\/td>\n<td>2 anys des de la creaci\u00f3 o modificaci\u00f3<\/td>\n<td>Utilitzada per guardar dades variables personalitzades del nivell del visitant. La cookie s\u2019actualitza cada vegada que envia les dades a Google Analytics.<\/td>\n<\/tr>\n<tr>\n<td>__utmz<\/td>\n<td>Cookie anal\u00edtica (de tercers)<\/td>\n<td>6 mesos desde creaci\u00f3n o modificaci\u00f3n<\/td>\n<td>Guarda el origen del tr\u00e1fico o la campa\u00f1a que explica desde donde llega el usuario hasta el sitio web. La cookie se crea cuando la librer\u00eda javascript se carga y se actualiza cada vez que env\u00eda los datos a Google Analytics.<\/td>\n<\/tr>\n<tr>\n<td>__utmt<\/td>\n<td>Cookie anal\u00edtica (de tercers)<\/td>\n<td>10 minutos<\/td>\n<td>Google Analytics. Es fa servir per limitar el percentatge de sol\u00b7licituds.<\/td>\n<\/tr>\n<tr>\n<td>wpml_referer_url<\/td>\n<td>Cookie T\u00e8cnica (Interna)<\/td>\n<td>1 d\u00eda<\/td>\n<td>Emmagatzema la darrera p\u00e0gina visitada, per poder fer el canvi d&#8217;idioma a la mateixa secci\u00f3<\/td>\n<\/tr>\n<tr>\n<td>&nbsp;<\/p>\n<p>-icl-current-lenguage<\/p>\n<p>&nbsp;<\/p>\n<p>&nbsp;<\/td>\n<td>Cookie T\u00e8cnica (Interna)<\/td>\n<td>En acabar la sessi\u00f3<\/td>\n<td>Permet con\u00e8ixer l&#8217;idioma que fa servir l&#8217;usuari.<\/td>\n<\/tr>\n<tr>\n<td>AdSense<\/td>\n<td>Cookie de tercers<\/td>\n<td>Indeterminado<\/td>\n<td>Estad\u00edstiques de publicitat. Google AdSense<\/td>\n<\/tr>\n<tr>\n<td>AID<\/td>\n<td>Cookie de tercers<\/td>\n<td>3 mesos desde la \u00faltima actualizaci\u00f3n<\/td>\n<td>Cookie dels serveis de publicitat de Google<\/td>\n<\/tr>\n<tr>\n<td>GAPS<\/td>\n<td>Cookie de tercers<\/td>\n<td>Sesi\u00f3n<\/td>\n<td>En crear o iniciar sessi\u00f3 en un compte de Google s&#8217;emmagatzemen les galetes PREF, NID, HSID, APISID, SID, SSID, SAPISID, GAPS, LSID, BEAT, ULS, a l&#8217;ordinador per tal de romandre connectat al vostre compte de Google en visitar els seus serveis de nou. Mentre romangui amb aquesta sessi\u00f3 activa i utilitzeu complements en altres llocs web com el nostre, Google far\u00e0 \u00fas d&#8217;aquestes galetes per millorar la vostra experi\u00e8ncia d&#8217;\u00fas.<\/td>\n<\/tr>\n<tr>\n<td>HSID<\/td>\n<td>Cookie de tercers<\/td>\n<td>2 anys<\/td>\n<td>En crear o iniciar sessi\u00f3 en un compte de Google s&#8217;emmagatzemen les galetes PREF, NID, HSID, APISID, SID, SSID, SAPISID, GAPS, LSID, BEAT, ULS, a l&#8217;ordinador per tal de romandre connectat al vostre compte de Google en visitar els seus serveis de nou. Mentre romangui amb aquesta sessi\u00f3 activa i utilitzeu complements en altres llocs web com el nostre, Google far\u00e0 \u00fas d&#8217;aquestes galetes per millorar la vostra experi\u00e8ncia d&#8217;\u00fas.<\/td>\n<\/tr>\n<tr>\n<td>APISID<\/td>\n<td>Cookie de tercers<\/td>\n<td>2 anys<\/td>\n<td>En crear o iniciar sessi\u00f3 en un compte de Google s&#8217;emmagatzemen les galetes PREF, NID, HSID, APISID, SID, SSID, SAPISID, GAPS, LSID, BEAT, ULS, a l&#8217;ordinador per tal de romandre connectat al vostre compte de Google en visitar els seus serveis de nou. Mentre romangui amb aquesta sessi\u00f3 activa i utilitzeu complements en altres llocs web com el nostre, Google far\u00e0 \u00fas d&#8217;aquestes galetes per millorar la vostra experi\u00e8ncia d&#8217;\u00fas.<\/td>\n<\/tr>\n<tr>\n<td>&nbsp;<\/p>\n<p>&nbsp;<\/p>\n<p>NID<\/td>\n<td>&nbsp;<\/p>\n<p>&nbsp;<\/p>\n<p>Cookie de tercers<\/td>\n<td>&nbsp;<\/p>\n<p>&nbsp;<\/p>\n<p>6 mesos<\/td>\n<td>&nbsp;<\/p>\n<p>&nbsp;<\/p>\n<p>En crear o iniciar sessi\u00f3 en un compte de Google s&#8217;emmagatzemen les galetes PREF, NID, HSID, APISID, SID, SSID, SAPISID, GAPS, LSID, BEAT, ULS, a l&#8217;ordinador per tal de romandre connectat al vostre compte de Google en visitar els seus serveis de nou. Mentre romangui amb aquesta sessi\u00f3 activa i utilitzeu complements en altres llocs web com el nostre, Google far\u00e0 \u00fas d&#8217;aquestes galetes per millorar la vostra experi\u00e8ncia d&#8217;\u00fas.<\/td>\n<\/tr>\n<tr>\n<td>OTZ<\/td>\n<td>Cookie de tercers<\/td>\n<td>1 mes<\/td>\n<td>Cookies de Google que guarden informaci\u00f3 dels comptes de Google de l&#8217;usuari.<\/td>\n<\/tr>\n<tr>\n<td>PAIDCONTENT<\/td>\n<td>Cookie de tercers<\/td>\n<td>2 anys<\/td>\n<td>Connecten amb Google Analytics i serveixen per con\u00e8ixer, de forma an\u00f2nima, com has fet servir aquesta web.<\/td>\n<\/tr>\n<tr>\n<td>SAPISID<\/td>\n<td>Cookie de tercers<\/td>\n<td>2 anys<\/td>\n<td>En crear o iniciar sessi\u00f3 en un compte de Google s&#8217;emmagatzemen les galetes PREF, NID, HSID, APISID, SID, SSID, SAPISID, GAPS, LSID, BEAT, ULS, a l&#8217;ordinador per tal de romandre connectat al vostre compte de Google en visitar els seus serveis de nou. Mentre romangui amb aquesta sessi\u00f3 activa i utilitzeu complements en altres llocs web com el nostre, Google far\u00e0 \u00fas d&#8217;aquestes galetes per millorar la vostra experi\u00e8ncia d&#8217;\u00fas.<\/td>\n<\/tr>\n<tr>\n<td>SIDCC<\/td>\n<td>Cookie de tercers<\/td>\n<td>4 mesos<\/td>\n<td>Facilita la personalitzaci\u00f3 als serveis de Google<\/td>\n<\/tr>\n<tr>\n<td>SID<\/td>\n<td>Cookie de tercers<\/td>\n<td>2 anys<\/td>\n<td>En crear o iniciar sessi\u00f3 en un compte de Google s&#8217;emmagatzemen les galetes PREF, NID, HSID, APISID, SID, SSID, SAPISID, GAPS, LSID, BEAT, ULS, a l&#8217;ordinador per tal de romandre connectat al vostre compte de Google en visitar els seus serveis de nou. Mentre romangui amb aquesta sessi\u00f3 activa i utilitzeu complements en altres llocs web com el nostre, Google far\u00e0 \u00fas d&#8217;aquestes galetes per millorar la vostra experi\u00e8ncia d&#8217;\u00fas.<\/td>\n<\/tr>\n<tr>\n<td>SSID<\/td>\n<td>Cookie de tercers<\/td>\n<td>2 anys<\/td>\n<td>En crear o iniciar sessi\u00f3 en un compte de Google s&#8217;emmagatzemen les galetes PREF, NID, HSID, APISID, SID, SSID, SAPISID, GAPS, LSID, BEAT, ULS, a l&#8217;ordinador per tal de romandre connectat al vostre compte de Google en visitar els seus serveis de nou. Mentre romangui amb aquesta sessi\u00f3 activa i utilitzeu complements en altres llocs web com el nostre, Google far\u00e0 \u00fas d&#8217;aquestes galetes per millorar la vostra experi\u00e8ncia d&#8217;\u00fas.<\/td>\n<\/tr>\n<tr>\n<td>viewed_cookie_policy<\/td>\n<td>Cookie T\u00e8cnica (Interna)<\/td>\n<td>1 a\u00f1o<\/td>\n<td>Galetes d&#8217;\u00fas intern necess\u00e0ries per al funcionament de la visualitzaci\u00f3 de la pol\u00edtica de galetes de la web<\/td>\n<\/tr>\n<\/tbody>\n<\/table>\n<\/div>\n<p><strong><br \/>\nXarxes socials:<\/strong><\/p>\n<p>Cookies de complements externs de continguts i cookies utilitzades per xarxes socials:<\/p>\n<p>&nbsp;<\/p>\n<p>En altres webs que no pertanyen a <strong>AIS VISION <\/strong>s\u2019instal\u00b7len cookies de tercers a tots els seus visitants, encara que no siguin usuaris registrats a les corresponents plataformes:<\/p>\n<ul>\n<li><strong>AIS VISION <\/strong>a <strong>Twitter<\/strong>. Les seves finalitats estan descrites a la P\u00e0gina de Cookies de <strong>Twitter<\/strong>: <a href=\"https:\/\/support.twitter.com\/articles\/20170521-el-uso-que-hace-twitter-de-cookies-y-tecnologias-similares\">https:\/\/support.twitter.com\/articles\/20170521-el-uso-que-hace-twitter-de-cookies-y-tecnologias-similares<\/a><\/li>\n<li><strong>AIS VISION <\/strong>a <strong>Facebook<\/strong>. Les seves finalitats estan descrites a la P\u00e0gina de Cookies de <strong>Facebook<\/strong>: <a href=\"https:\/\/es-es.facebook.com\/help\/cookies\/\">https:\/\/es-es.facebook.com\/help\/cookies\/<\/a><\/li>\n<li><strong>AIS VISION <\/strong>a <strong>LinkedIn<\/strong>. Les seves finalitats estan descrites a la P\u00e0gina de Cookies de <strong>LinkedIn<\/strong>: <a href=\"https:\/\/www.linkedin.com\/legal\/cookie-policy?trk=organization-guest_footer-cookie-policy\">https:\/\/www.linkedin.com\/legal\/cookie-policy?trk=organization-guest_footer-cookie-policy<\/a><\/li>\n<li><strong>AIS VISION <\/strong>a <strong>YouTube<\/strong>. Les seves finalitats estan descrites a la P\u00e0gina de Cookies de <strong>YouTube<\/strong>: <a href=\"https:\/\/www.google.es\/intl\/es\/policies\/privacy\/key-terms\/#toc-terms-cookie\">https:\/\/www.google.es\/intl\/es\/policies\/privacy\/key-terms\/#toc-terms-cookie<\/a><\/li>\n<li><strong>AIS VISION <\/strong>a Les seves finalitats estan descrites a la P\u00e0gina de Cookies d\u2019<strong>Instagram: <\/strong><a href=\"https:\/\/help.instagram.com\/1896641480634370?ref=ig\">https:\/\/help.instagram.com\/1896641480634370?ref=ig<\/a><\/li>\n<\/ul>\n<p><u>\u00a0<\/u><\/p>\n<p><strong>Aquesta informaci\u00f3 l\u2019utilitzem per a millorar la nostra p\u00e0gina, <\/strong>detectar noves necessitats i valorar les millores a introduir amb la finalitat de prestar un millor servei als usuaris que ens visiten.<\/p>\n<p><strong>Per permetre, con\u00e8ixer, bloquejar o eliminar les cookies instal\u00b7lades al teu equip, pots fer-ho mitjan\u00e7ant la configuraci\u00f3 de les opcions del navegador instal\u00b7lat al teu ordinador.<\/strong><\/p>\n<p>Per exemple, pots trobar informaci\u00f3 sobre com fer-ho en el cas que utilitzis algun d\u2019aquests navegadors:<\/p>\n<p>&nbsp;<\/p>\n<p>Firefox des d\u2019aqu\u00ed:<\/p>\n<p><a href=\"http:\/\/support.mozilla.org\/es\/kb\/habilitar-y-deshabilitar-cookies-que-los-sitios-we\">http:\/\/support.mozilla.org\/es\/kb\/habilitar-y-deshabilitar-cookies-que-los-sitios-we<\/a><\/p>\n<p>Chrome des d\u2019aqu\u00ed:<\/p>\n<p><a href=\"http:\/\/support.google.com\/chrome\/bin\/answer.py?hl=es&amp;answer=95647\">http:\/\/support.google.com\/chrome\/bin\/answer.py?hl=es&amp;answer=95647<\/a><\/p>\n<p>Explorer des d\u2019aqu\u00ed:<\/p>\n<p><a href=\"https:\/\/support.microsoft.com\/es-es\/help\/17442\/windows-internet-explorer-delete-manage-cookies\">https:\/\/support.microsoft.com\/es-es\/help\/17442\/windows-internet-explorer-delete-manage-cookies<\/a><\/p>\n<p>Safari des d\u2019aqu\u00ed:<\/p>\n<p><a href=\"http:\/\/support.apple.com\/kb\/ph5042\">http:\/\/support.apple.com\/kb\/ph5042<\/a><\/p>\n<p>Opera des d\u2019aqu\u00ed:<\/p>\n<p><a href=\"http:\/\/help.opera.com\/Windows\/11.50\/es-ES\/cookies.html\">http:\/\/help.opera.com\/Windows\/11.50\/es-ES\/cookies.html<\/a><\/p>","protected":false},"excerpt":{"rendered":"<p>AIS VISION ha desenvolupat aquesta pol\u00edtica per informar-lo de qu\u00e8 \u00e9s una cookie, quines utilitzem en aquesta web i ajudar-lo a poder gestionar-les segons sigui del seu inter\u00e8s. Amb la seva visita a la nostra web est\u00e0 sent informat de l\u2019exist\u00e8ncia de cookies i de la present pol\u00edtica de cookies. Amb l\u2019acceptaci\u00f3 de la pol\u00edtica [&hellip;]<\/p>\n","protected":false},"author":1,"featured_media":0,"parent":0,"menu_order":48,"comment_status":"closed","ping_status":"closed","template":"","meta":{"_acf_changed":false,"inline_featured_image":false,"footnotes":"","_links_to":"","_links_to_target":""},"class_list":["post-755","page","type-page","status-publish","hentry"],"acf":[],"_links":{"self":[{"href":"https:\/\/aisvision.com\/ca\/wp-json\/wp\/v2\/pages\/755","targetHints":{"allow":["GET"]}}],"collection":[{"href":"https:\/\/aisvision.com\/ca\/wp-json\/wp\/v2\/pages"}],"about":[{"href":"https:\/\/aisvision.com\/ca\/wp-json\/wp\/v2\/types\/page"}],"author":[{"embeddable":true,"href":"https:\/\/aisvision.com\/ca\/wp-json\/wp\/v2\/users\/1"}],"replies":[{"embeddable":true,"href":"https:\/\/aisvision.com\/ca\/wp-json\/wp\/v2\/comments?post=755"}],"version-history":[{"count":16,"href":"https:\/\/aisvision.com\/ca\/wp-json\/wp\/v2\/pages\/755\/revisions"}],"predecessor-version":[{"id":2735,"href":"https:\/\/aisvision.com\/ca\/wp-json\/wp\/v2\/pages\/755\/revisions\/2735"}],"wp:attachment":[{"href":"https:\/\/aisvision.com\/ca\/wp-json\/wp\/v2\/media?parent=755"}],"curies":[{"name":"wp","href":"https:\/\/api.w.org\/{rel}","templated":true}]}}