{"id":1548,"date":"2023-11-29T18:04:21","date_gmt":"2023-11-29T17:04:21","guid":{"rendered":"https:\/\/aisvision.com\/es\/?page_id=1548"},"modified":"2026-03-20T10:59:50","modified_gmt":"2026-03-20T09:59:50","slug":"ais-rev-360","status":"publish","type":"page","link":"https:\/\/aisvision.com\/es\/soluciones\/vision-artificial\/troublepad-camara-rapida-industrial\/","title":{"rendered":"TroublePad | C\u00e1mara r\u00e1pida para an\u00e1lisis de procesos industriales"},"content":{"rendered":"<p class=\"qtranxs-available-languages-message qtranxs-available-languages-message-es\">Disculpa, pero esta entrada est\u00e1 disponible s\u00f3lo en <a href=\"https:\/\/aisvision.com\/ca\/wp-json\/wp\/v2\/pages\/1548\" class=\"qtranxs-available-language-link qtranxs-available-language-link-ca\" title=\"Catal\u00e0\">Catal\u00e0<\/a>, <a href=\"https:\/\/aisvision.com\/en\/wp-json\/wp\/v2\/pages\/1548\" class=\"qtranxs-available-language-link qtranxs-available-language-link-en\" title=\"English\">English<\/a>, <a href=\"https:\/\/aisvision.com\/fr\/wp-json\/wp\/v2\/pages\/1548\" class=\"qtranxs-available-language-link qtranxs-available-language-link-fr\" title=\"Fran\u00e7ais\">Fran\u00e7ais<\/a> y <a href=\"https:\/\/aisvision.com\/pt\/wp-json\/wp\/v2\/pages\/1548\" class=\"qtranxs-available-language-link qtranxs-available-language-link-pt\" title=\"Portugu\u00eas\">Portugu\u00eas<\/a>.<\/p>","protected":false},"excerpt":{"rendered":"<p>Disculpa, pero esta entrada est\u00e1 disponible s\u00f3lo en Catal\u00e0, English, Fran\u00e7ais y Portugu\u00eas.<\/p>\n","protected":false},"author":1,"featured_media":2818,"parent":17,"menu_order":11,"comment_status":"closed","ping_status":"closed","template":"default-soluciones.php","meta":{"_acf_changed":false,"inline_featured_image":false,"footnotes":"","_links_to":"","_links_to_target":""},"class_list":["post-1548","page","type-page","status-publish","has-post-thumbnail","hentry"],"acf":[],"_links":{"self":[{"href":"https:\/\/aisvision.com\/es\/wp-json\/wp\/v2\/pages\/1548","targetHints":{"allow":["GET"]}}],"collection":[{"href":"https:\/\/aisvision.com\/es\/wp-json\/wp\/v2\/pages"}],"about":[{"href":"https:\/\/aisvision.com\/es\/wp-json\/wp\/v2\/types\/page"}],"author":[{"embeddable":true,"href":"https:\/\/aisvision.com\/es\/wp-json\/wp\/v2\/users\/1"}],"replies":[{"embeddable":true,"href":"https:\/\/aisvision.com\/es\/wp-json\/wp\/v2\/comments?post=1548"}],"version-history":[{"count":141,"href":"https:\/\/aisvision.com\/es\/wp-json\/wp\/v2\/pages\/1548\/revisions"}],"predecessor-version":[{"id":2853,"href":"https:\/\/aisvision.com\/es\/wp-json\/wp\/v2\/pages\/1548\/revisions\/2853"}],"up":[{"embeddable":true,"href":"https:\/\/aisvision.com\/es\/wp-json\/wp\/v2\/pages\/17"}],"wp:featuredmedia":[{"embeddable":true,"href":"https:\/\/aisvision.com\/es\/wp-json\/wp\/v2\/media\/2818"}],"wp:attachment":[{"href":"https:\/\/aisvision.com\/es\/wp-json\/wp\/v2\/media?parent=1548"}],"curies":[{"name":"wp","href":"https:\/\/api.w.org\/{rel}","templated":true}]}}