{"id":752,"date":"2022-08-05T05:21:00","date_gmt":"2022-08-05T05:21:00","guid":{"rendered":"https:\/\/aisvision.com\/es\/?page_id=752"},"modified":"2026-03-10T16:39:56","modified_gmt":"2026-03-10T15:39:56","slug":"aviso-legal","status":"publish","type":"page","link":"https:\/\/aisvision.com\/es\/aviso-legal\/","title":{"rendered":"Aviso legal"},"content":{"rendered":"<p><\/p>\n<ol>\n<li><strong> IDENTIFICACI\u00d3N WEBSITE <\/strong><\/li>\n<\/ol>\n<p>En cumplimiento de lo dispuesto en el art\u00edculo 10 de la Ley 34\/2002, de 11 de julio, de Servicios de la Sociedad de la Informaci\u00f3n y Comercio Electr\u00f3nico (LSSICE), ponemos a su disposici\u00f3n la \u201cinformaci\u00f3n general\u201d, que comprende los datos identificativos de la entidad titular de este WEBSITE:<\/p>\n<p>Denominaci\u00f3n Social: <strong>AIS VISION SYSTEMS S.L.<\/strong><\/p>\n<p>Nombre Comercial: <strong>AIS VISION <\/strong><\/p>\n<p>Domicilio de Contacto: <strong>Carrer de Can Camps, 10, 08202 Sabadell, (Barcelona)<\/strong><\/p>\n<p>Domicilio Social: <strong>Carrer de Can Camps, 10, 08202, Sabadell (Barcelona)<\/strong><\/p>\n<p>CIF:<strong> B65946691<\/strong><\/p>\n<p>Tel\u00e9fono: <strong>931 003 035<\/strong><\/p>\n<p>E-mail: <strong>\u00a0<\/strong><a href=\"mailto:info@aisvision.com\">info@aisvision.com<\/a><\/p>\n<p>Nombre de dominio<strong>: \u00a0<\/strong><a href=\"http:\/\/www.aisvision.com\">www.aisvision.com<\/a><\/p>\n<p>Inscrita en el <strong>Registro Mercantil de Barcelona<\/strong>, Protocolo 58 otorgada 10\/01\/2013 ante notario F. de Salas Moreno, Registrada<strong> 08\/02\/2013<\/strong> Asiento 1681 Diario 1156<\/p>\n<p>&nbsp;<\/p>\n<h3 style=\"text-align: center;\"><strong>CONDICIONES DE USO DEL WEBSITE<\/strong><\/h3>\n<p><strong>\u00a0<\/strong><\/p>\n<ol start=\"2\">\n<li><strong> ATRIBUCI\u00d3N CONDICI\u00d3N DE USUARIO DEL WEBSITE<\/strong><\/li>\n<\/ol>\n<p>La utilizaci\u00f3n de <a href=\"http:\/\/www.aisvision.com\">www.aisvision.com<\/a> (en adelante, el \u201cWEBSITE\u201d) atribuye la condici\u00f3n de usuario del website e implica la aceptaci\u00f3n plena y sin reservas de todas y cada una de las disposiciones incluidas en este Aviso Legal en la versi\u00f3n publicada por <strong>AIS VISION <\/strong>en el momento mismo en que el usuario acceda al WEBSITE. En consecuencia, el usuario debe leer atentamente las presentes condiciones en cada una de las ocasiones en que se proponga utilizar el WEBSITE, ya que pueden sufrir modificaciones.<\/p>\n<p><strong>AIS VISION <\/strong>se reserva el derecho de modificar las condiciones de uso del WEBSITE, y es obligaci\u00f3n del Usuario revisar peri\u00f3dicamente las presentes condiciones.<\/p>\n<p>&nbsp;<\/p>\n<ol start=\"3\">\n<li><strong> OBJETO<\/strong><\/li>\n<\/ol>\n<p><strong>\u00a0<\/strong>Las presentes condiciones de uso pretenden regular el acceso de los usuarios y la navegaci\u00f3n posterior por el WEBSITE. Asimismo, estas condiciones regulan la relaci\u00f3n entre los usuarios y <strong>AIS VISION <\/strong>cuando los primeros usen el WEBSITE ofrecido por <strong>AIS VISION <\/strong>con cualquier tipo de finalidad.<\/p>\n<p><strong>\u00a0<\/strong><\/p>\n<ol start=\"4\">\n<li><strong> OBLIGACIONES DE LOS USUARIOS <\/strong><\/li>\n<\/ol>\n<p><strong>\u00a0<\/strong><\/p>\n<h4><strong>Acceso y utilizaci\u00f3n del WEBSITE:<\/strong><\/h4>\n<p>La visita y la consulta de informaci\u00f3n del WEBSITE, tiene car\u00e1cter gratuito para todos los Usuarios.<\/p>\n<h4><strong>Obligaci\u00f3n de hacer un uso correcto de los Contenidos:<\/strong><\/h4>\n<p>El Usuario se compromete a utilizar los contenidos puestos a disposici\u00f3n de los Usuarios en el WEBSITE y, entendiendo por estos, sin que esta enumeraci\u00f3n tenga car\u00e1cter limitativo, los textos, fotograf\u00edas, gr\u00e1ficos, im\u00e1genes, iconos, tecnolog\u00eda, software, links y dem\u00e1s contenidos audiovisuales o sonoros, as\u00ed como su dise\u00f1o gr\u00e1fico y c\u00f3digos fuente (en adelante, los \u00abContenidos\u00bb), de conformidad con la ley, el presente Aviso Legal (condiciones de uso) y dem\u00e1s avisos, reglamentos de uso e instrucciones puestos en su conocimiento, as\u00ed como con la moral y las buenas costumbres generalmente aceptadas y el orden p\u00fablico.<\/p>\n<p>&nbsp;<\/p>\n<ol start=\"5\">\n<li><strong> PROPIEDAD INTELECTUAL<\/strong><\/li>\n<\/ol>\n<p><strong>AIS VISION <\/strong>es titular de los derechos de propiedad intelectual e industrial, o ha obtenido las autorizaciones o licencias correspondientes para su explotaci\u00f3n, sobre el nombre de dominio, las marcas y signos distintivos, la informaci\u00f3n y el resto de las obras e invenciones relacionadas con el WEBSITE y la tecnolog\u00eda asociada al mismo, as\u00ed como sobre sus contenidos.<\/p>\n<p>Los contenidos de este WEBSITE, incluyendo dise\u00f1os, aplicaciones, texto, im\u00e1genes y c\u00f3digo fuente, est\u00e1n protegidos por derechos de propiedad intelectual e industrial.<\/p>\n<p>De ninguna forma el contenido se podr\u00e1 utilizar, reproducir, copiar o transmitir en forma alguna sin el permiso previo, escrito y expl\u00edcito de <strong>AIS VISION.<\/strong><\/p>\n<p>El Usuario deber\u00e1 abstenerse de aportar contenidos que hayan sido obtenidos de forma il\u00edcita o protegidos por derechos de propiedad intelectual (copyright) sin la autorizaci\u00f3n expresa de los autores originales o los propietarios de los citados derechos. En todo caso, responder\u00e1 el usuario y no <strong>AIS VISION <\/strong>de las posibles reclamaciones econ\u00f3micas o de cualquier tipo que pudieran dirigirse a <strong>AIS VISION <\/strong>por estos hechos en reclamaci\u00f3n de los citados derechos de propiedad intelectual.<\/p>\n<p>En el caso en el cual un Usuario o un tercero considere que existen hechos o circunstancias que revelen el car\u00e1cter indebido de la utilizaci\u00f3n de cualquier contenido y\/o de la realizaci\u00f3n de cualquier actividad en las p\u00e1ginas web incluidas o accesibles a trav\u00e9s del WEBSITE y, en particular, de la violaci\u00f3n de derechos de propiedad intelectual o industrial (patentes, modelos y dibujos industriales, marcas y nombres comerciales, etc.), el incumplimiento de los deberes y obligaciones previstas en estas condiciones o la vulneraci\u00f3n de otros derechos, deber\u00e1 enviar un email a <a href=\"http:\/\/www.aisvision.com\">www.aisvision.com<\/a> informando a <strong>AIS VISION <\/strong>y en el que se contengan los siguientes extremos:<\/p>\n<p>(a) Datos personales del reclamante: nombre, direcci\u00f3n, n\u00famero de tel\u00e9fono y direcci\u00f3n de correo electr\u00f3nico;<\/p>\n<p>(b) Especificaci\u00f3n de la supuesta actividad il\u00edcita llevada a cabo en el WEBSITE y, en particular, cuando se trate de una supuesta violaci\u00f3n de derechos, indicaci\u00f3n precisa y concreta de los contenidos protegidos, as\u00ed como de su localizaci\u00f3n en las p\u00e1ginas web;<\/p>\n<p>(c) Hechos o circunstancias que revelan el car\u00e1cter il\u00edcito de dicha actividad;<\/p>\n<p>(d) En el supuesto de violaci\u00f3n de derechos, con los datos personales del titular de los derechos supuestamente infringidos.<\/p>\n<p>(e) Declaraci\u00f3n expresa, clara y bajo la responsabilidad del reclamante de que la informaci\u00f3n proporcionada en la notificaci\u00f3n es exacta y del car\u00e1cter indebido de la utilizaci\u00f3n de los contenidos o de la realizaci\u00f3n de las actividades descritas.<\/p>\n<p><strong>AIS VISION <\/strong>proceder\u00e1 de inmediato a adoptar las medidas para la subsanaci\u00f3n o eliminaci\u00f3n, en su caso, de los citados datos o contenidos.<\/p>\n<p>Todos los servicios del uso del software est\u00e1n protegidos por leyes de copyright y tratados internacionales de copyright, as\u00ed como otras leyes y tratados de car\u00e1cter intelectual. Todos los derechos de t\u00edtulo y de propiedad intelectual en el contenido que se accede por medio del uso del WEBSITE es propiedad de <strong>AIS VISION <\/strong>o del respectivo due\u00f1o y tambi\u00e9n est\u00e1n protegidos por copyright y otras leyes de propiedad intelectual.<\/p>\n<p>&nbsp;<\/p>\n<ol start=\"6\">\n<li><strong> PROTECCI\u00d3N DE DATOS PERSONALES y CONFIDENCIALIDAD<\/strong><\/li>\n<\/ol>\n<p>En cumplimiento de lo que se dispone en la normativa de protecci\u00f3n de datos, <strong>AIS VISION<\/strong>, como responsable del tratamiento, le informa que los datos de car\u00e1cter personal que nos proporcione durante su navegaci\u00f3n por el WEBSITE y\/o mediante la cumplimentaci\u00f3n de formularios ubicados en este, solo se utilizar\u00e1n para gestionar el mantenimiento del WEBSITE, ofrecerle un servicio \u00f3ptimo y de calidad, mejorar la experiencia del usuario y realizar tareas administrativas relacionas con los servicios y actividades que ofrecemos mediante el WEBSITE. Con la cesi\u00f3n de sus datos, usted nos autoriza a tratar sus datos con las finalidades indicadas.<\/p>\n<p><strong>AIS VISION <\/strong>garantiza la confidencialidad y seguridad de sus datos de car\u00e1cter personal cuando estos son objeto de tratamiento en la medida que tiene implantadas las pol\u00edticas de tratamiento y medidas de seguridad a las que se refiere la normativa de privacidad. Las pol\u00edticas de tratamiento y medidas de seguridad implantadas en <strong>AIS VISION <\/strong>evitan la alteraci\u00f3n, p\u00e9rdida, tratamiento o uso no autorizado de sus datos de car\u00e1cter personal.<\/p>\n<p>Toda la informaci\u00f3n que facilite el usuario a trav\u00e9s de los formularios del WEBSITE deber\u00e1 ser veraz. Usted nos autoriza a que pasen a formar parte de un fichero del cual es responsable <strong>AIS VISION <\/strong>ante el cual podr\u00e1 ejercitar sus derechos, y a que sea utilizada para mantener la relaci\u00f3n comercial y recibir informaci\u00f3n y publicidad de nuestra empresa.<\/p>\n<p>A estos efectos, el usuario garantiza la autenticidad de todos aquellos datos que comunique como consecuencia de la cumplimentaci\u00f3n de los formularios. De igual forma, ser\u00e1 responsabilidad del usuario mantener toda la informaci\u00f3n facilitada <strong>AIS VISION <\/strong>permanentemente actualizada de forma que responda, en cada momento, a la situaci\u00f3n real del usuario. El usuario ser\u00e1 el \u00fanico responsable de las manifestaciones falsas o inexactas que realice y de los perjuicios que cause a <strong>AIS VISION <\/strong>o a terceros por la informaci\u00f3n que facilite.<\/p>\n<p>Podr\u00e1 ejercer sus derechos de acceso, rectificaci\u00f3n, supresi\u00f3n, limitaci\u00f3n, portabilidad y oposici\u00f3n dirigi\u00e9ndose a <strong>AIS VISION <\/strong>enviando un email a <a href=\"http:\/\/www.aisvision.com\">www.aisvision.com<\/a> indicando en el asunto \u201cEjercicio de derechos LOPDGDD\u201d y el siguiente contenido:<\/p>\n<ul>\n<li>Su nombre y apellidos o nombre de usuario,<\/li>\n<li>DNI\/NIE<\/li>\n<li>Correo electr\u00f3nico<\/li>\n<li>Derecho que se quiere ejercer<\/li>\n<li>Informaci\u00f3n sobre la que quiere tener acceso, rectificar, suprimir, limitar el tratamiento o ejercer su derecho de portabilidad<\/li>\n<\/ul>\n<p>&nbsp;<\/p>\n<p>Para m\u00e1s informaci\u00f3n sobre nuestra pol\u00edtica de protecci\u00f3n de datos consulte nuestra <em><u>\u201c<\/u><\/em><a href=\"https:\/\/aisvision.com\/es\/politica-de-privacidad\/\">Pol\u00edtica de Privacidad<\/a> y <a href=\"https:\/\/aisvision.com\/es\/politica-de-cookies\/\">Pol\u00edtica de Cookies<\/a><em><u>\u201d<\/u><\/em><\/p>\n<p><strong>\u00a0<\/strong><\/p>\n<ol start=\"7\">\n<li><strong> LIMITACIONES DE RESPONSABILIDAD<\/strong><\/li>\n<\/ol>\n<p><strong>AIS VISION <\/strong>no garantiza la disponibilidad y continuidad del funcionamiento de los servicios del WEBSITE. Cuando ello sea razonablemente posible, advertir\u00e1 previamente de las interrupciones en el funcionamiento de los mismos.<strong> AIS VISION <\/strong>tampoco garantiza la utilidad de los servicios del WEBSITE para la realizaci\u00f3n de ninguna actividad en concreto, ni su infalibilidad y, en particular, aunque no de modo exclusivo, no garantiza que los usuarios puedan efectivamente utilizar los mismos, acceder a las distintas p\u00e1ginas web que forman el WEBSITE o aquellas desde las cuales se prestan los servicios.<\/p>\n<p>Si usted se siente perjudicado por la difusi\u00f3n en nuestro WEBSITE de videos o im\u00e1genes, puede remitirnos un email a <a href=\"http:\/\/www.aisvision.com\">www.aisvision.com<\/a> y estudiaremos su reclamaci\u00f3n y la posibilidad de retirar el material de nuestro WEBSITE.<\/p>\n<p><strong>AIS VISION <\/strong>no garantiza la veracidad, exactitud, exhaustividad y actualidad de los contenidos de su WEBSITE generados por empleados de <strong>AIS VISION <\/strong>o por los usuarios del WEBSITE al publicar sus opiniones en este WEBSITE.<\/p>\n<p>Respecto a los enlaces externos: el WEBSITE puede contener enlaces a sitios web que no pertenecen, ni son controlados, editados o censurados por <strong>AIS VISION, <\/strong>por lo tanto, no asumimos ninguna responsabilidad por el contenido, pol\u00edticas de privacidad o pr\u00e1cticas de estos sitios web externos. La existencia de dichos enlaces en la web no comporta, por parte de <strong>AIS VISION<\/strong>, la aprobaci\u00f3n de los productos, servicios, contenidos, informaci\u00f3n, datos, archivos y cualquier otra clase de material existente en tales sitios web y no controla ni se hace responsable de la calidad, licitud, fiabilidad y utilidad de la informaci\u00f3n y\/o contenidos y servicios existentes en los sitios.<\/p>\n<p><strong>AIS VISION <\/strong>se guardar\u00e1 el derecho a cambiar, modificar o a\u00f1adir cl\u00e1usulas sin notificaci\u00f3n previa, siempre y cuando se hagan constar debidamente online en el presente documento.<\/p>\n<p><strong>\u00a0<\/strong><\/p>\n<ol start=\"8\">\n<li><strong> LEGISLACI\u00d3N APLICABLE<\/strong> <strong>Y JURISDICCI\u00d3N COMPETENTE<\/strong><\/li>\n<\/ol>\n<p>Los t\u00e9rminos y el uso del WEBSITE de<strong> AIS VISION <\/strong>o cualquier servicio que ofrezca <strong>AIS VISION <\/strong>ser\u00e1n regidos e interpretados de acuerdo con las leyes espa\u00f1olas, y para cualquier controversia que se derive del uso de este servicio las partes se someten expresamente a la <em>Jurisdicci\u00f3n de los<\/em> <em>Tribunales de la ciudad de Sabadell (Barcelona).<\/em><\/p>","protected":false},"excerpt":{"rendered":"<p>IDENTIFICACI\u00d3N WEBSITE En cumplimiento de lo dispuesto en el art\u00edculo 10 de la Ley 34\/2002, de 11 de julio, de Servicios de la Sociedad de la Informaci\u00f3n y Comercio Electr\u00f3nico (LSSICE), ponemos a su disposici\u00f3n la \u201cinformaci\u00f3n general\u201d, que comprende los datos identificativos de la entidad titular de este WEBSITE: Denominaci\u00f3n Social: AIS VISION SYSTEMS [&hellip;]<\/p>\n","protected":false},"author":1,"featured_media":0,"parent":0,"menu_order":47,"comment_status":"closed","ping_status":"closed","template":"","meta":{"_acf_changed":false,"inline_featured_image":false,"footnotes":"","_links_to":"","_links_to_target":""},"class_list":["post-752","page","type-page","status-publish","hentry"],"acf":[],"_links":{"self":[{"href":"https:\/\/aisvision.com\/es\/wp-json\/wp\/v2\/pages\/752","targetHints":{"allow":["GET"]}}],"collection":[{"href":"https:\/\/aisvision.com\/es\/wp-json\/wp\/v2\/pages"}],"about":[{"href":"https:\/\/aisvision.com\/es\/wp-json\/wp\/v2\/types\/page"}],"author":[{"embeddable":true,"href":"https:\/\/aisvision.com\/es\/wp-json\/wp\/v2\/users\/1"}],"replies":[{"embeddable":true,"href":"https:\/\/aisvision.com\/es\/wp-json\/wp\/v2\/comments?post=752"}],"version-history":[{"count":15,"href":"https:\/\/aisvision.com\/es\/wp-json\/wp\/v2\/pages\/752\/revisions"}],"predecessor-version":[{"id":2734,"href":"https:\/\/aisvision.com\/es\/wp-json\/wp\/v2\/pages\/752\/revisions\/2734"}],"wp:attachment":[{"href":"https:\/\/aisvision.com\/es\/wp-json\/wp\/v2\/media?parent=752"}],"curies":[{"name":"wp","href":"https:\/\/api.w.org\/{rel}","templated":true}]}}