{"id":755,"date":"2022-08-05T06:05:20","date_gmt":"2022-08-05T06:05:20","guid":{"rendered":"https:\/\/aisvision.com\/es\/?page_id=755"},"modified":"2026-03-10T16:41:50","modified_gmt":"2026-03-10T15:41:50","slug":"politica-de-cookies","status":"publish","type":"page","link":"https:\/\/aisvision.com\/es\/politica-de-cookies\/","title":{"rendered":"Pol\u00edtica de cookies"},"content":{"rendered":"<p><strong>AIS VISION\u00a0<\/strong><strong>ha desarrollado esta pol\u00edtica para informarle de qu\u00e9 es una cookie, cu\u00e1les usamos en esta web y ayudarle a poder gestionarlas seg\u00fan sea de su inter\u00e9s.<\/strong><\/p>\n<p>Con su visita a nuestra web est\u00e1 siendo informado de la existencia de cookies y de la presente pol\u00edtica de cookies. Con la aceptaci\u00f3n de la pol\u00edtica de cookies,\u00a0<strong>est\u00e1 consintiendo la instalaci\u00f3n de las cookies\u00a0<\/strong>informadas (salvo que haya modificado la configuraci\u00f3n de su navegador para rechazar cookies).<\/p>\n<p>Una \u201cCookie\u201d es un peque\u00f1o archivo de texto que un sitio web almacena en el\u00a0navegador del usuario. Las cookies facilitan el uso y la navegaci\u00f3n por una p\u00e1gina web y son esenciales para el funcionamiento de internet, aportando innumerables ventajas en la prestaci\u00f3n de servicios interactivos.<\/p>\n<p>Las cookies se utilizan por ejemplo para gestionar la sesi\u00f3n del usuario (reduciendo el n\u00famero de veces que tiene que incluir su contrase\u00f1a) o para adecuar los contenidos de una p\u00e1gina web a sus preferencias. Las cookies pueden ser de \u201csesi\u00f3n\u201d, por lo que se borrar\u00e1n una vez el usuario abandone la p\u00e1gina web que las gener\u00f3, o \u201cpersistentes\u201d, que permanecen en su ordenador hasta una fecha determinada.<\/p>\n<p>Este documento de \u201cUso de Cookies\u201d ha sido elaborado a partir de una auditor\u00eda t\u00e9cnica externa estando, por tanto, sujeto a actualizaciones peri\u00f3dicas. Su prop\u00f3sito es ayudarle a comprender el uso que la presente p\u00e1gina web hace de las cookies, la finalidad de las cookies utilizadas, as\u00ed como de las opciones que el usuario tiene a su disposici\u00f3n para gestionarlas.<\/p>\n<p>La aceptaci\u00f3n de esta pol\u00edtica de cookies y con la funcionalidad de su navegador habilitada para aceptar las mismas, implica la aceptaci\u00f3n por parte del usuario de la tecnolog\u00eda cookie utilizada por este website.<\/p>\n<p>&nbsp;<\/p>\n<h3><strong>Ejemplos de Tipo de cookies:<\/strong><\/h3>\n<h4><strong>Cookies t\u00e9cnicas o de uso interno<\/strong><\/h4>\n<p>Son\u00a0<em>cookies t\u00e9cnicas o de uso interno,<\/em>\u00a0las\u00a0imprescindibles para el funcionamiento de una web, como, por ejemplo, aquellas que permiten la autenticaci\u00f3n o el mantenimiento de la sesi\u00f3n del usuario registrado cuando navega por la p\u00e1gina. La desactivaci\u00f3n de estas cookies impide el funcionamiento correcto de algunas de las funcionalidades de la web.<\/p>\n<h4><strong>Cookies Anal\u00edticas<\/strong><\/h4>\n<p>Son\u00a0<em>cookies anal\u00edticas,\u00a0<\/em>aquellas que sirven para recabar estad\u00edsticas sobre la actividad del usuario en la web y la actividad general de la misma. La informaci\u00f3n recopilada es an\u00f3nima y permite optimizar la navegaci\u00f3n de una p\u00e1gina web y garantizar el mejor servicio al usuario. El usuario puede excluir su actividad mediante los sistemas de exclusi\u00f3n facilitados por las herramientas anal\u00edticas.<\/p>\n<h4><strong>Cookies de terceros para la gesti\u00f3n de espacios publicitarios<\/strong><\/h4>\n<p>Son cookies almacenadas por terceras partes que gestionan los espacios publicitarios que los usuarios visualizan al acceder a esta web. Estas cookies permiten medir la efectividad de campa\u00f1as online, proporcionar al usuario informaci\u00f3n de su inter\u00e9s y ofrecerle contenidos publicitarios de su preferencia. De conformidad con sus propias pol\u00edticas, algunos gestores de publicidad pueden utilizar las cookies an\u00f3nimas para mostrar anuncios de su inter\u00e9s cuando visite otras p\u00e1ginas web. No obstante, los usuarios pueden gestionar la aceptaci\u00f3n o no de dichas cookies mediante la configuraci\u00f3n de su navegador.<\/p>\n<h4><strong>Garant\u00edas y opciones sobre las cookies<\/strong><\/h4>\n<p>Por medio de la configuraci\u00f3n de su navegador, el usuario tiene la posibilidad de aceptar o rechazar la instalaci\u00f3n de cookies, o bien rechazar la instalaci\u00f3n de un determinado tipo de cookies, como las cookies de publicidad y de terceros. Adem\u00e1s, despu\u00e9s de cada sesi\u00f3n puede eliminar todas o algunas de las cookies almacenadas.<\/p>\n<p>Asimismo, el usuario puede activar:<\/p>\n<p>\u2013 La navegaci\u00f3n privada, mediante la cual su navegador deja de guardar el historial de navegaci\u00f3n, contrase\u00f1as de sitios web, cookies y otra informaci\u00f3n de las p\u00e1ginas que visita, o<\/p>\n<p>\u2013 la funci\u00f3n de no rastrear, por la que el navegador pide a los sitios web que visita que no rastreen sus h\u00e1bitos de navegaci\u00f3n para, por ejemplo, servirle publicidad de su inter\u00e9s en los sitios que visita.<\/p>\n<p>Le recomendamos que consulte la ayuda de su navegador para informarse de las diferentes opciones sobre c\u00f3mo gestionar las cookies.\u00a0<strong>Tenga en cuenta que el bloqueo de cookies puede afectar a todas o algunas de las funcionalidades de nuestra web<\/strong>. Incluso, puede ocurrir que al NO ACEPTAR las cookies t\u00e9cnicas\/internas, no pueda acceder a nuestro website.<\/p>\n<p>&nbsp;<\/p>\n<h4><strong>Cookies utilizadas en esta Web:<\/strong><\/h4>\n<div class=\"e-scroll-horizontal\">\n<table class=\"e-table\">\n<thead>\n<tr>\n<td><strong>Nombre de Cookie<\/strong><\/td>\n<td><strong>Tipo de cookie<\/strong><\/td>\n<td><strong>Tiempo de caducidad<\/strong><\/td>\n<td><strong>Descripci\u00f3n<\/strong><\/td>\n<\/tr>\n<\/thead>\n<tbody>\n<tr>\n<td>_ga<\/td>\n<td>Cookie anal\u00edtica (de terceros)<\/td>\n<td>2 a\u00f1os desde la \u00faltima actualizaci\u00f3n<\/td>\n<td>Cookie de Google Analytics que habilita la funci\u00f3n de control de visitas \u00fanicas. La primera vez que un usuario entre en el sitio web a trav\u00e9s de un navegador se instalar\u00e1 esta cookie. Cuando este usuario vuelva a entrar en la web con el mismo navegador, la cookie considerar\u00e1 que es el mismo usuario. Solo en el caso de que el usuario cambie de navegador, se considerar\u00e1 otro usuario.<\/td>\n<\/tr>\n<tr>\n<td>_gid<\/td>\n<td>Cookie anal\u00edtica (de terceros)<\/td>\n<td>24h desde la \u00faltima actualizaci\u00f3n<\/td>\n<td>Esta cookie se asocia con Google Analytics. Se utiliza para distinguir a los usuarios<\/td>\n<\/tr>\n<tr>\n<td>_gat<\/td>\n<td>Cookie anal\u00edtica (de terceros)<\/td>\n<td>10 minutos desde creaci\u00f3n o modificaci\u00f3n<\/td>\n<td>Esta cookie se asocia con Google Analytics. Se utiliza para limitar la velocidad de petici\u00f3n \u2013 la limitaci\u00f3n de la recogida de datos en los sitios de alto tr\u00e1fico.<\/td>\n<\/tr>\n<tr>\n<td>PHPSESSID<\/td>\n<td>Cookie T\u00e9cnica (Interna)<\/td>\n<td>Al terminar sesi\u00f3n<\/td>\n<td>Esta cookie se utiliza para guardar los datos de la sesi\u00f3n del usuario. Es esencial para el funcionamiento de la web<\/td>\n<\/tr>\n<tr>\n<td>lang<\/td>\n<td>Cookie T\u00e9cnica (Interna)<\/td>\n<td>Al terminar sesi\u00f3n<\/td>\n<td>Cookie utilizada para mantener y recordar el idioma actual en que navega el usuario.<\/td>\n<\/tr>\n<tr>\n<td>ac_cookies<\/td>\n<td>Cookie T\u00e9cnica (Interna)<\/td>\n<td>1 a\u00f1o desde la \u00faltima actualizacion<\/td>\n<td>Cookie t\u00e9cnica y estrictamente necesaria que contiene el valor de si se ha aceptado la instalaci\u00f3n de cookies.<\/td>\n<\/tr>\n<tr>\n<td>__utma<\/td>\n<td>Cookie anal\u00edtica (de terceros)<\/td>\n<td>2 a\u00f1os desde creaci\u00f3n o modificaci\u00f3n<\/td>\n<td>Se usa para diferenciar entre usuarios y sesiones. La cookie se crea al cargar la librer\u00eda javascript y no existe una versi\u00f3n previa de la cookie __utma. La cookie se actualiza cada vez que env\u00eda los datos a Google Analytics.<\/td>\n<\/tr>\n<tr>\n<td>__utmb<\/td>\n<td>Cookie anal\u00edtica (de terceros)<\/td>\n<td>30 mins desde creaci\u00f3n o modificaci\u00f3n<\/td>\n<td>Se usa para saber si hay una nueva sesi\u00f3n o visita. La cookie se crea al cargar la librer\u00eda javascript y no existe una versi\u00f3n previa de la cookie __utmb. La cookie se actualiza cada vez que env\u00eda los datos a Google Analytics.<\/td>\n<\/tr>\n<tr>\n<td>__utmc<\/td>\n<td>Cookie de sesi\u00f3n (de terceros)<\/td>\n<td>Al terminar sesi\u00f3n<\/td>\n<td>No se usa en la librer\u00eda ga.js. Esta cookie se usa para facilitar la funcionalidad con la librer\u00eda urchin.js. Hist\u00f3ricamente, esta cookie funciona junto con la cookie __utmb para saber si el usuario es una nueva sesi\u00f3n o visita.<\/td>\n<\/tr>\n<tr>\n<td>__utmli<\/td>\n<td>Cookie anal\u00edtica (de terceros)<\/td>\n<td>30 segundos desde creaci\u00f3n o modificaci\u00f3n<\/td>\n<td>La utilidad es poder diferenciar en el reporte de Anal\u00edtica de p\u00e1gina, diferentes enlaces que apunten a un mismo destino.<\/td>\n<\/tr>\n<tr>\n<td>__utmv<\/td>\n<td>Cookie anal\u00edtica (de terceros)<\/td>\n<td>2 a\u00f1os desde creaci\u00f3n o modificaci\u00f3n<\/td>\n<td>Usada para guardar datos variables personalizados del nivel del visitante. La cookie se actualiza cada vez que env\u00eda los datos a Google Analytics.<\/td>\n<\/tr>\n<tr>\n<td>__utmz<\/td>\n<td>Cookie anal\u00edtica (de terceros)<\/td>\n<td>6 meses desde creaci\u00f3n o modificaci\u00f3n<\/td>\n<td>Guarda el origen del tr\u00e1fico o la campa\u00f1a que explica desde donde llega el usuario hasta el sitio web. La cookie se crea cuando la librer\u00eda javascript se carga y se actualiza cada vez que env\u00eda los datos a Google Analytics.<\/td>\n<\/tr>\n<tr>\n<td>__utmt<\/td>\n<td>Cookie anal\u00edtica (de terceros)<\/td>\n<td>10 minutos<\/td>\n<td>Google Analytics. Se usa para limitar el porcentaje de solicitudes.<\/td>\n<\/tr>\n<tr>\n<td>wpml_referer_url<\/td>\n<td>Cookie T\u00e9cnica (Interna)<\/td>\n<td>1 d\u00eda<\/td>\n<td>Almacena la \u00faltima p\u00e1gina visitada, para poder hacer el cambio de idioma a la misma secci\u00f3n<\/td>\n<\/tr>\n<tr>\n<td>&nbsp;<\/p>\n<p>-icl-current-lenguage<\/p>\n<p>&nbsp;<\/p>\n<p>&nbsp;<\/td>\n<td>Cookie T\u00e9cnica (Interna)<\/td>\n<td>Al terminar sesi\u00f3n<\/td>\n<td>Permite conocer el idioma que utiliza el usuario.<\/td>\n<\/tr>\n<tr>\n<td>AdSense<\/td>\n<td>Cookie de terceros<\/td>\n<td>Indeterminado<\/td>\n<td>Estad\u00edsticas de publicidad. Google AdSense<\/td>\n<\/tr>\n<tr>\n<td>AID<\/td>\n<td>Cookie de terceros<\/td>\n<td>3 meses desde la \u00faltima actualizaci\u00f3n<\/td>\n<td>Cookie de los servicios de publicidad de Google<\/td>\n<\/tr>\n<tr>\n<td>GAPS<\/td>\n<td>Cookie de terceros<\/td>\n<td>Sesi\u00f3n<\/td>\n<td>Al crear o iniciar sesi\u00f3n en una cuenta de Google se almacenan las cookies PREF, NID, HSID, APISID, SID, SSID, SAPISID, GAPS, LSID, BEAT, ULS, en su ordenador con el fin de permanecer conectado a su cuenta de Google al visitar sus servicios de nuevo. Mientras permanezca con esta sesi\u00f3n activa y use complementos en otros sitios Web como el nuestro, Google har\u00e1 uso de estas cookies para mejorar su experiencia de uso.<\/td>\n<\/tr>\n<tr>\n<td>HSID<\/td>\n<td>Cookie de Terceros<\/td>\n<td>2 a\u00f1os<\/td>\n<td>Al crear o iniciar sesi\u00f3n en una cuenta de Google se almacenan las cookies PREF, NID, HSID, APISID, SID, SSID, SAPISID, GAPS, LSID, BEAT, ULS, en su ordenador con el fin de permanecer conectado a su cuenta de Google al visitar sus servicios de nuevo. Mientras permanezca con esta sesi\u00f3n activa y use complementos en otros sitios Web como el nuestro, Google har\u00e1 uso de estas cookies para mejorar su experiencia de uso.<\/td>\n<\/tr>\n<tr>\n<td>APISID<\/td>\n<td>Cookie de Terceros<\/td>\n<td>2 a\u00f1os<\/td>\n<td>Al crear o iniciar sesi\u00f3n en una cuenta de Google se almacenan las cookies PREF, NID, HSID, APISID, SID, SSID, SAPISID, GAPS, LSID, BEAT, ULS, en su ordenador con el fin de permanecer conectado a su cuenta de Google al visitar sus servicios de nuevo. Mientras permanezca con esta sesi\u00f3n activa y use complementos en otros sitios Web como el nuestro, Google har\u00e1 uso de estas cookies para mejorar su experiencia de uso.<\/td>\n<\/tr>\n<tr>\n<td>&nbsp;<\/p>\n<p>&nbsp;<\/p>\n<p>NID<\/td>\n<td>&nbsp;<\/p>\n<p>&nbsp;<\/p>\n<p>Cookie de Terceros<\/td>\n<td>&nbsp;<\/p>\n<p>&nbsp;<\/p>\n<p>6 meses<\/td>\n<td>&nbsp;<\/p>\n<p>&nbsp;<\/p>\n<p>Al crear o iniciar sesi\u00f3n en una cuenta de Google se almacenan las cookies PREF, NID, HSID, APISID, SID, SSID, SAPISID, GAPS, LSID, BEAT, ULS, en su ordenador con el fin de permanecer conectado a su cuenta de Google al visitar sus servicios de nuevo. Mientras permanezca con esta sesi\u00f3n activa y use complementos en otros sitios Web como el nuestro, Google har\u00e1 uso de estas cookies para mejorar su experiencia de uso.<\/td>\n<\/tr>\n<tr>\n<td>OTZ<\/td>\n<td>Cookie de Terceros<\/td>\n<td>1 mes<\/td>\n<td>Cookies de Google que guardan informaci\u00f3n de las cuentas de Google del usuario.<\/td>\n<\/tr>\n<tr>\n<td>PAIDCONTENT<\/td>\n<td>Cookie de Terceros<\/td>\n<td>2 a\u00f1os<\/td>\n<td>Conectan con Google Analytics y sirven para conocer, de forma an\u00f3nima, c\u00f3mo has usado esta web<\/td>\n<\/tr>\n<tr>\n<td>SAPISID<\/td>\n<td>Cookie de Terceros<\/td>\n<td>2 a\u00f1os<\/td>\n<td>Al crear o iniciar sesi\u00f3n en una cuenta de Google se almacenan las cookies PREF, NID, HSID, APISID, SID, SSID, SAPISID, GAPS, LSID, BEAT, ULS, en su ordenador con el fin de permanecer conectado a su cuenta de Google al visitar sus servicios de nuevo. Mientras permanezca con esta sesi\u00f3n activa y use complementos en otros sitios Web como el nuestro, Google har\u00e1 uso de estas cookies para mejorar su experiencia de uso.<\/td>\n<\/tr>\n<tr>\n<td>SIDCC<\/td>\n<td>Cookie de Terceros<\/td>\n<td>4 meses<\/td>\n<td>Facilita la personalizaci\u00f3n en los servicios de Google<\/td>\n<\/tr>\n<tr>\n<td>SID<\/td>\n<td>Cookie de Terceros<\/td>\n<td>2 a\u00f1os<\/td>\n<td>Al crear o iniciar sesi\u00f3n en una cuenta de Google se almacenan las cookies PREF, NID, HSID, APISID, SID, SSID, SAPISID, GAPS, LSID, BEAT, ULS, en su ordenador con el fin de permanecer conectado a su cuenta de Google al visitar sus servicios de nuevo. Mientras permanezca con esta sesi\u00f3n activa y use complementos en otros sitios Web como el nuestro, Google har\u00e1 uso de estas cookies para mejorar su experiencia de uso.<\/td>\n<\/tr>\n<tr>\n<td>SSID<\/td>\n<td>Cookie de Terceros<\/td>\n<td>2 a\u00f1os<\/td>\n<td>Al crear o iniciar sesi\u00f3n en una cuenta de Google se almacenan las cookies PREF, NID, HSID, APISID, SID, SSID, SAPISID, GAPS, LSID, BEAT, ULS, en su ordenador con el fin de permanecer conectado a su cuenta de Google al visitar sus servicios de nuevo. Mientras permanezca con esta sesi\u00f3n activa y use complementos en otros sitios Web como el nuestro, Google har\u00e1 uso de estas cookies para mejorar su experiencia de uso.<\/td>\n<\/tr>\n<tr>\n<td>viewed_cookie_policy<\/td>\n<td>Cookie T\u00e9cnica (Interna)<\/td>\n<td>1 a\u00f1o<\/td>\n<td>Cookies de uso interno necesaria para el funcionamiento de la visualizaci\u00f3n de la pol\u00edtica de cookies de la web<\/td>\n<\/tr>\n<\/tbody>\n<\/table>\n<\/div>\n<p>&nbsp;<\/p>\n<p><strong>Redes Sociales:<\/strong><\/p>\n<p>Cookies de complementos externos de contenidos y Cookies usadas por redes sociales:<\/p>\n<p>En otros sitios que no pertenecen a\u00a0<strong>AIS VISION\u00a0<\/strong>se instalan cookies de terceros a todos sus visitantes, aunque no sean usuarios registrados en las correspondientes plataformas:<\/p>\n<ul>\n<li><strong>AIS VISION\u00a0<\/strong>en\u00a0<strong>Twitter<\/strong>. Sus finalidades est\u00e1n descritas en la P\u00e1gina de Cookies de\u00a0<strong>Twitter<\/strong>:\u00a0<a href=\"https:\/\/support.twitter.com\/articles\/20170521-el-uso-que-hace-twitter-de-cookies-y-tecnologias-similares\" target=\"_blank\" rel=\"noopener\">https:\/\/support.twitter.com\/articles\/20170521-el-uso-que-hace-twitter-de-cookies-y-tecnologias-similares<\/a><\/li>\n<li><strong>AIS VISION\u00a0<\/strong>en\u00a0<strong>Facebook<\/strong>. Sus finalidades est\u00e1n descritas en la P\u00e1gina de Cookies de\u00a0<strong>Facebook<\/strong>:\u00a0<a href=\"https:\/\/es-es.facebook.com\/help\/cookies\/\" target=\"_blank\" rel=\"noopener\">https:\/\/es-es.facebook.com\/help\/cookies\/<\/a><\/li>\n<li><strong>AIS VISION\u00a0<\/strong>en\u00a0<strong>LinkedIn<\/strong>. Sus finalidades est\u00e1n descritas en la P\u00e1gina de Cookies de\u00a0<strong>LinkedIn<\/strong>:\u00a0<a href=\"https:\/\/www.linkedin.com\/legal\/cookie-policy?trk=organization-guest_footer-cookie-policy\" target=\"_blank\" rel=\"noopener\">https:\/\/www.linkedin.com\/legal\/cookie-policy?trk=organization-guest_footer-cookie-policy<\/a><\/li>\n<li><strong>AIS VISION\u00a0<\/strong>en\u00a0<strong>YouTube<\/strong>. Sus finalidades est\u00e1n descritas en la P\u00e1gina de Cookies de\u00a0<strong>YouTube<\/strong>:\u00a0<a href=\"https:\/\/www.google.es\/intl\/es\/policies\/privacy\/key-terms\/#toc-terms-cookie\" target=\"_blank\" rel=\"noopener\">https:\/\/www.google.es\/intl\/es\/policies\/privacy\/key-terms\/#toc-terms-cookie<\/a><\/li>\n<li><strong>AIS VISION\u00a0<\/strong>en\u00a0<strong>Instagram.\u00a0<\/strong>Sus finalidades est\u00e1n descritas en la P\u00e1gina de Cookies de<strong>\u00a0Instagram:\u00a0<\/strong><a href=\"https:\/\/help.instagram.com\/1896641480634370?ref=ig\" target=\"_blank\" rel=\"noopener\">https:\/\/help.instagram.com\/1896641480634370?ref=ig<\/a><\/li>\n<\/ul>\n<p>&nbsp;<\/p>\n<p><strong>Esta informaci\u00f3n la utilizamos para mejorar nuestra p\u00e1gina<\/strong>, detectar nuevas necesidades y valorar las mejoras a introducir con la finalidad de prestar un mejor servicio a los usuarios que nos visitan.<\/p>\n<p><strong>Para permitir, conocer, bloquear o eliminar las cookies instaladas en tu equipo puedes hacerlo mediante la configuraci\u00f3n de las opciones del navegador instalado en su ordenador<\/strong>.<\/p>\n<p>Por ejemplo, puedes encontrar informaci\u00f3n sobre c\u00f3mo hacerlo en el caso que uses alguno de estos navegadores:<\/p>\n<p>&nbsp;<\/p>\n<p>Firefox desde aqu\u00ed:<\/p>\n<p><u><a href=\"http:\/\/support.mozilla.org\/es\/kb\/habilitar-y-deshabilitar-cookies-que-los-sitios-we\" target=\"_blank\" rel=\"noopener\">http:\/\/support.mozilla.org\/es\/kb\/habilitar-y-deshabilitar-cookies-que-los-sitios-we<\/a><\/u><\/p>\n<p>Chrome desde aqu\u00ed:<\/p>\n<p><u><a href=\"http:\/\/support.google.com\/chrome\/bin\/answer.py?hl=es&amp;answer=95647\" target=\"_blank\" rel=\"noopener\">http:\/\/support.google.com\/chrome\/bin\/answer.py?hl=es&amp;answer=95647<\/a><\/u><\/p>\n<p>Explorer desde aqu\u00ed:<\/p>\n<p><a href=\"https:\/\/support.microsoft.com\/es-es\/help\/17442\/windows-internet-explorer-delete-manage-cookies\" target=\"_blank\" rel=\"noopener\">https:\/\/support.microsoft.com\/es-es\/help\/17442\/windows-internet-explorer-delete-manage-cookies<\/a><\/p>\n<p>Safari desde aqu\u00ed:<\/p>\n<p><u><a href=\"http:\/\/support.apple.com\/kb\/ph5042\" target=\"_blank\" rel=\"noopener\">http:\/\/support.apple.com\/kb\/ph5042<\/a><\/u><\/p>\n<p>Opera desde aqu\u00ed:<\/p>\n<p><u><a href=\"http:\/\/help.opera.com\/Windows\/11.50\/es-ES\/cookies.html\" target=\"_blank\" rel=\"noopener\">http:\/\/help.opera.com\/Windows\/11.50\/es-ES\/cookies.html<\/a><\/u><\/p>\n<p>&nbsp;<\/p>","protected":false},"excerpt":{"rendered":"<p>AIS VISION\u00a0ha desarrollado esta pol\u00edtica para informarle de qu\u00e9 es una cookie, cu\u00e1les usamos en esta web y ayudarle a poder gestionarlas seg\u00fan sea de su inter\u00e9s. Con su visita a nuestra web est\u00e1 siendo informado de la existencia de cookies y de la presente pol\u00edtica de cookies. Con la aceptaci\u00f3n de la pol\u00edtica de [&hellip;]<\/p>\n","protected":false},"author":1,"featured_media":0,"parent":0,"menu_order":48,"comment_status":"closed","ping_status":"closed","template":"","meta":{"_acf_changed":false,"inline_featured_image":false,"footnotes":"","_links_to":"","_links_to_target":""},"class_list":["post-755","page","type-page","status-publish","hentry"],"acf":[],"_links":{"self":[{"href":"https:\/\/aisvision.com\/es\/wp-json\/wp\/v2\/pages\/755","targetHints":{"allow":["GET"]}}],"collection":[{"href":"https:\/\/aisvision.com\/es\/wp-json\/wp\/v2\/pages"}],"about":[{"href":"https:\/\/aisvision.com\/es\/wp-json\/wp\/v2\/types\/page"}],"author":[{"embeddable":true,"href":"https:\/\/aisvision.com\/es\/wp-json\/wp\/v2\/users\/1"}],"replies":[{"embeddable":true,"href":"https:\/\/aisvision.com\/es\/wp-json\/wp\/v2\/comments?post=755"}],"version-history":[{"count":16,"href":"https:\/\/aisvision.com\/es\/wp-json\/wp\/v2\/pages\/755\/revisions"}],"predecessor-version":[{"id":2735,"href":"https:\/\/aisvision.com\/es\/wp-json\/wp\/v2\/pages\/755\/revisions\/2735"}],"wp:attachment":[{"href":"https:\/\/aisvision.com\/es\/wp-json\/wp\/v2\/media?parent=755"}],"curies":[{"name":"wp","href":"https:\/\/api.w.org\/{rel}","templated":true}]}}