{"id":1914,"date":"2024-09-30T14:28:48","date_gmt":"2024-09-30T13:28:48","guid":{"rendered":"https:\/\/aisvision.com\/es\/?page_id=1914"},"modified":"2026-03-20T11:33:09","modified_gmt":"2026-03-20T10:33:09","slug":"inspector-de-tapon","status":"publish","type":"page","link":"https:\/\/aisvision.com\/fr\/solutions\/vision-artificielle\/ais-hopper-systeme-de-controle-de-bouchon-a-360\/","title":{"rendered":"AIS Hopper | Syst\u00e8me de contr\u00f4le de bouchon \u00e0 360\u00b0"},"content":{"rendered":"<p class=\"qtranxs-available-languages-message qtranxs-available-languages-message-fr\">D\u00e9sol\u00e9, cet article est seulement disponible en <a href=\"https:\/\/aisvision.com\/es\/wp-json\/wp\/v2\/pages\/1914\" class=\"qtranxs-available-language-link qtranxs-available-language-link-es\" title=\"Espa\u00f1ol\">Espa\u00f1ol<\/a>.<\/p>","protected":false},"excerpt":{"rendered":"<p>D\u00e9sol\u00e9, cet article est seulement disponible en Espa\u00f1ol.<\/p>\n","protected":false},"author":1,"featured_media":1804,"parent":17,"menu_order":8,"comment_status":"closed","ping_status":"closed","template":"default-soluciones.php","meta":{"_acf_changed":false,"inline_featured_image":false,"footnotes":"","_links_to":"","_links_to_target":""},"class_list":["post-1914","page","type-page","status-publish","has-post-thumbnail","hentry"],"acf":[],"_links":{"self":[{"href":"https:\/\/aisvision.com\/fr\/wp-json\/wp\/v2\/pages\/1914","targetHints":{"allow":["GET"]}}],"collection":[{"href":"https:\/\/aisvision.com\/fr\/wp-json\/wp\/v2\/pages"}],"about":[{"href":"https:\/\/aisvision.com\/fr\/wp-json\/wp\/v2\/types\/page"}],"author":[{"embeddable":true,"href":"https:\/\/aisvision.com\/fr\/wp-json\/wp\/v2\/users\/1"}],"replies":[{"embeddable":true,"href":"https:\/\/aisvision.com\/fr\/wp-json\/wp\/v2\/comments?post=1914"}],"version-history":[{"count":49,"href":"https:\/\/aisvision.com\/fr\/wp-json\/wp\/v2\/pages\/1914\/revisions"}],"predecessor-version":[{"id":2881,"href":"https:\/\/aisvision.com\/fr\/wp-json\/wp\/v2\/pages\/1914\/revisions\/2881"}],"up":[{"embeddable":true,"href":"https:\/\/aisvision.com\/fr\/wp-json\/wp\/v2\/pages\/17"}],"wp:featuredmedia":[{"embeddable":true,"href":"https:\/\/aisvision.com\/fr\/wp-json\/wp\/v2\/media\/1804"}],"wp:attachment":[{"href":"https:\/\/aisvision.com\/fr\/wp-json\/wp\/v2\/media?parent=1914"}],"curies":[{"name":"wp","href":"https:\/\/api.w.org\/{rel}","templated":true}]}}