{"id":2751,"date":"2026-03-19T12:42:55","date_gmt":"2026-03-19T11:42:55","guid":{"rendered":"https:\/\/aisvision.com\/es\/?page_id=2751"},"modified":"2026-03-20T11:14:28","modified_gmt":"2026-03-20T10:14:28","slug":"ais-rev-360-inspector-de-etiquetas-a-360","status":"publish","type":"page","link":"https:\/\/aisvision.com\/fr\/solutions\/vision-artificielle\/ais-rev-360-inspecteur-detiquettes-a-360\/","title":{"rendered":"AIS REV 360 | Inspecteur d&rsquo;\u00e9tiquettes \u00e0 360\u00b0"},"content":{"rendered":"<p class=\"qtranxs-available-languages-message qtranxs-available-languages-message-fr\">D\u00e9sol\u00e9, cet article est seulement disponible en <a href=\"https:\/\/aisvision.com\/es\/wp-json\/wp\/v2\/pages\/2751\" class=\"qtranxs-available-language-link qtranxs-available-language-link-es\" title=\"Espa\u00f1ol\">Espa\u00f1ol<\/a>.<\/p>","protected":false},"excerpt":{"rendered":"<p>D\u00e9sol\u00e9, cet article est seulement disponible en Espa\u00f1ol.<\/p>\n","protected":false},"author":2,"featured_media":2779,"parent":17,"menu_order":5,"comment_status":"closed","ping_status":"closed","template":"default-soluciones.php","meta":{"_acf_changed":false,"inline_featured_image":false,"footnotes":"","_links_to":"","_links_to_target":""},"class_list":["post-2751","page","type-page","status-publish","has-post-thumbnail","hentry"],"acf":[],"_links":{"self":[{"href":"https:\/\/aisvision.com\/fr\/wp-json\/wp\/v2\/pages\/2751","targetHints":{"allow":["GET"]}}],"collection":[{"href":"https:\/\/aisvision.com\/fr\/wp-json\/wp\/v2\/pages"}],"about":[{"href":"https:\/\/aisvision.com\/fr\/wp-json\/wp\/v2\/types\/page"}],"author":[{"embeddable":true,"href":"https:\/\/aisvision.com\/fr\/wp-json\/wp\/v2\/users\/2"}],"replies":[{"embeddable":true,"href":"https:\/\/aisvision.com\/fr\/wp-json\/wp\/v2\/comments?post=2751"}],"version-history":[{"count":10,"href":"https:\/\/aisvision.com\/fr\/wp-json\/wp\/v2\/pages\/2751\/revisions"}],"predecessor-version":[{"id":2855,"href":"https:\/\/aisvision.com\/fr\/wp-json\/wp\/v2\/pages\/2751\/revisions\/2855"}],"up":[{"embeddable":true,"href":"https:\/\/aisvision.com\/fr\/wp-json\/wp\/v2\/pages\/17"}],"wp:featuredmedia":[{"embeddable":true,"href":"https:\/\/aisvision.com\/fr\/wp-json\/wp\/v2\/media\/2779"}],"wp:attachment":[{"href":"https:\/\/aisvision.com\/fr\/wp-json\/wp\/v2\/media?parent=2751"}],"curies":[{"name":"wp","href":"https:\/\/api.w.org\/{rel}","templated":true}]}}