{"id":3,"date":"2022-05-08T13:15:44","date_gmt":"2022-05-08T13:15:44","guid":{"rendered":"https:\/\/aisvision.com\/?page_id=3"},"modified":"2026-03-10T16:37:56","modified_gmt":"2026-03-10T15:37:56","slug":"politica-privacidad","status":"publish","type":"page","link":"https:\/\/aisvision.com\/fr\/politique-de-confidentialite\/","title":{"rendered":"Politique de Confidentialit\u00e9"},"content":{"rendered":"<p><\/p>\n<h3 class=\"\" data-start=\"92\" data-end=\"107\">RESPONSABLE<\/h3>\n<p class=\"\" data-start=\"109\" data-end=\"143\"><strong data-start=\"109\" data-end=\"143\">Identit\u00e9 et donn\u00e9es de contact<\/strong><\/p>\n<p class=\"\" data-start=\"145\" data-end=\"168\">AIS VISION SYSTEMS S.L.<\/p>\n<p class=\"\" data-start=\"170\" data-end=\"244\"><strong data-start=\"170\" data-end=\"189\">Adresse postale<\/strong><br data-start=\"189\" data-end=\"192\" \/>Carrer de Can Camps, 10, 08202 Sabadell, (Barcelone)<\/p>\n<p class=\"\" data-start=\"246\" data-end=\"277\"><strong data-start=\"246\" data-end=\"256\">E-mail<\/strong><br data-start=\"256\" data-end=\"259\" \/><a class=\"cursor-pointer\" rel=\"noopener\" data-start=\"259\" data-end=\"277\">info@aisvision.com<\/a><\/p>\n<p class=\"\" data-start=\"284\" data-end=\"1134\">Conform\u00e9ment \u00e0 l&rsquo;article 11 de la Loi organique 3\/2018, du 5 d\u00e9cembre, sur la protection des donn\u00e9es personnelles et la garantie des droits num\u00e9riques (LOPDGDD), AIS VISION vous informe que les donn\u00e9es \u00e0 caract\u00e8re personnel que vous nous fournissez lors de votre navigation et\/ou via les formulaires du SITE WEB seront trait\u00e9es par AIS VISION dans le but de g\u00e9rer les services offerts. Nous traitons les informations que vous fournissez en tant que client et des personnes de contact participant \u00e0 la relation commerciale pendant la dur\u00e9e de cette relation, afin de maintenir la relation contractuelle et commerciale, effectuer des t\u00e2ches administratives li\u00e9es \u00e0 ces services et vous offrir un service optimal et de qualit\u00e9 via le SITE WEB et\/ou celui indiqu\u00e9 dans la clause de protection des donn\u00e9es pr\u00e9sente dans le formulaire que vous avez rempli.<\/p>\n<h3 class=\"\" data-start=\"1141\" data-end=\"1181\">COMMENT UTILISONS-NOUS VOS DONN\u00c9ES ?<\/h3>\n<p class=\"\" data-start=\"1183\" data-end=\"1321\">Chez AIS VISION, nous traitons les informations que nous fournissent nos clients dans le but de g\u00e9rer leur demande de services juridiques.<\/p>\n<p class=\"\" data-start=\"1323\" data-end=\"1639\">Nous utilisons les informations dont nous disposons, selon vos choix, pour vous fournir un service de qualit\u00e9 et assurer son bon fonctionnement. Les informations fournies vous serviront \u00e9galement \u00e0 acc\u00e9der et utiliser notre SITE WEB et \u00e0 vous fournir des informations sur les produits et services que vous souhaitez.<\/p>\n<p class=\"\" data-start=\"1641\" data-end=\"2518\">De plus, nous utilisons les informations dont nous disposons pour lutter contre les comportements nuisibles, suspects ou contraires \u00e0 nos conditions et politiques, d\u00e9tecter et pr\u00e9venir le spam et maintenir l&rsquo;int\u00e9grit\u00e9 de nos produits, services et donn\u00e9es collect\u00e9es, en prenant les MESURES DE S\u00c9CURIT\u00c9 appropri\u00e9es conform\u00e9ment aux donn\u00e9es collect\u00e9es et aux finalit\u00e9s du traitement pour garantir la confidentialit\u00e9 et la s\u00e9curit\u00e9 de vos donn\u00e9es personnelles lorsqu&rsquo;elles sont trait\u00e9es, dans la mesure o\u00f9 notre entit\u00e9 a mis en place les politiques de traitement et les mesures de s\u00e9curit\u00e9 qui font r\u00e9f\u00e9rence \u00e0 la r\u00e9glementation europ\u00e9enne actuelle sur la protection des donn\u00e9es. Les politiques de traitement et les mesures de s\u00e9curit\u00e9 mises en place chez AIS VISION visent \u00e0 \u00e9viter l&rsquo;alt\u00e9ration, la perte, le traitement ou l&rsquo;utilisation non autoris\u00e9e de vos donn\u00e9es personnelles.<\/p>\n<p class=\"\" data-start=\"2520\" data-end=\"2704\">Nous utilisons \u00e9galement les informations que vous nous fournissez pour r\u00e9pondre lorsque vous nous contactez ou pour communiquer avec vous dans les cas o\u00f9 cela est l\u00e9galement autoris\u00e9.<\/p>\n<p class=\"\" data-start=\"2706\" data-end=\"3113\">L&rsquo;utilisateur, en cochant et acceptant la case correspondant aux communications commerciales (check-box), consent express\u00e9ment \u00e0 ce qu&rsquo;AIS VISION lui envoie une NEWSLETTER (lettre d&rsquo;information) avec des nouveaut\u00e9s, des messages marketing, des publicit\u00e9s et\/ou des informations li\u00e9es \u00e0 notre entit\u00e9, les services que nous offrons et\/ou nos produits, en plus de vous informer de nos politiques et conditions.<\/p>\n<p class=\"\" data-start=\"3115\" data-end=\"3211\">Les donn\u00e9es collect\u00e9es ne seront pas trait\u00e9es de mani\u00e8re incompatible avec les fins mentionn\u00e9es.<\/p>\n<h3 class=\"\" data-start=\"3218\" data-end=\"3259\">QUELLE INFORMATIONS COLLECTONS-NOUS ?<\/h3>\n<p class=\"\" data-start=\"3261\" data-end=\"3536\">Le type d&rsquo;information collect\u00e9e par AIS VISION d\u00e9pend de l&rsquo;utilisation que vous faites du SITE WEB, les informations concernant les donn\u00e9es collect\u00e9es et comment les supprimer se trouvent dans la section relative \u00e0 l&rsquo;exercice des droits de cette Politique de confidentialit\u00e9.<\/p>\n<p class=\"\" data-start=\"3538\" data-end=\"3958\">Nous collectons les informations que vous nous fournissez lorsque vous naviguez sur notre SITE WEB, sp\u00e9cifiquement les donn\u00e9es d&rsquo;identification et d&rsquo;enregistrement incluses dans les formulaires ou les donn\u00e9es et messages que vous nous communiquez via ceux-ci. Ces donn\u00e9es peuvent inclure : votre nom et pr\u00e9nom, t\u00e9l\u00e9phone et e-mail, ainsi que d&rsquo;autres informations n\u00e9cessaires pour traiter votre demande ou communication.<\/p>\n<p class=\"\" data-start=\"3960\" data-end=\"4083\">Nous pouvons recevoir des informations d&rsquo;identification lorsque vous nous envoyez un e-mail ou lorsque vous nous contactez.<\/p>\n<p class=\"\" data-start=\"4085\" data-end=\"4411\">Nous pouvons recevoir, actuellement ou \u00e0 l&rsquo;avenir, des informations d&rsquo;identification lorsque vous acc\u00e9dez ou vous connectez \u00e0 une autre page, comme par exemple un r\u00e9seau social, depuis notre SITE WEB. Cela peut inclure du texte et\/ou des images de vos Informations Personnelles Identifiables disponibles sur ces pages tierces.<\/p>\n<p class=\"\" data-start=\"4413\" data-end=\"4779\">La R\u00c9PONSE aux formulaires pr\u00e9sent\u00e9s pour recevoir des informations sur les services offerts par AIS VISION, ainsi que tout autre questionnaire qui pourrait \u00eatre propos\u00e9 \u00e0 l&rsquo;avenir, est totalement facultative. Toutefois, le refus du client ou de l&rsquo;utilisateur de fournir certaines donn\u00e9es pourrait rendre impossible la prestation des services offerts par AIS VISION.<\/p>\n<p class=\"\" data-start=\"4781\" data-end=\"5015\">Nous vous informons \u00e9galement que nous utilisons (ou pouvons utiliser) des cookies pendant votre visite sur notre SITE WEB. Pour plus d&rsquo;informations sur notre utilisation des cookies, veuillez consulter notre <strong data-start=\"4990\" data-end=\"5014\">Politique de cookies<\/strong>.<\/p>\n<h3 class=\"\" data-start=\"5022\" data-end=\"5072\">D&rsquo;O\u00d9 PROVIENNENT LES INFORMATIONS COLLECT\u00c9ES ?<\/h3>\n<p class=\"\" data-start=\"5074\" data-end=\"5232\">Les informations que nous collectons via le SITE WEB proviennent exclusivement de vous. Nous ne recevons pas de donn\u00e9es de tiers ni de sources d&rsquo;acc\u00e8s public.<\/p>\n<h3 class=\"\" data-start=\"5239\" data-end=\"5310\">QUELLE BASE L\u00c9GALE NOUS L\u00c9GITIME \u00c0 TRAITER LES DONN\u00c9ES COLLECT\u00c9ES ?<\/h3>\n<p class=\"\" data-start=\"5312\" data-end=\"5378\">La base l\u00e9gale pour le traitement de vos donn\u00e9es est la suivante :<\/p>\n<ul data-start=\"5380\" data-end=\"5913\">\n<li class=\"\" data-start=\"5380\" data-end=\"5532\">\n<p class=\"\" data-start=\"5382\" data-end=\"5532\">L&rsquo;ex\u00e9cution du contrat dans lequel vous \u00eates partie ou l&rsquo;entreprise que vous repr\u00e9sentez et AIS VISION, ou l&rsquo;application de mesures pr\u00e9contractuelles.<\/p>\n<\/li>\n<li class=\"\" data-start=\"5533\" data-end=\"5827\">\n<p class=\"\" data-start=\"5535\" data-end=\"5827\">Le consentement donn\u00e9 par l&rsquo;acceptation expresse de la pr\u00e9sente Politique de confidentialit\u00e9, que vous pouvez r\u00e9voquer \u00e0 tout moment. Pour plus d&rsquo;informations sur la possibilit\u00e9 de r\u00e9voquer votre consentement, veuillez consulter la section relative \u00e0 l&rsquo;exercice des droits de cette Politique.<\/p>\n<\/li>\n<li class=\"\" data-start=\"5828\" data-end=\"5862\">\n<p class=\"\" data-start=\"5830\" data-end=\"5862\">L&rsquo;int\u00e9r\u00eat l\u00e9gitime d&rsquo;AIS VISION.<\/p>\n<\/li>\n<li class=\"\" data-start=\"5863\" data-end=\"5913\">\n<p class=\"\" data-start=\"5865\" data-end=\"5913\">Le respect des obligations l\u00e9gales d&rsquo;AIS VISION.<\/p>\n<\/li>\n<\/ul>\n<h3 class=\"\" data-start=\"5920\" data-end=\"5953\">CONSERVONS-NOUS VOS DONN\u00c9ES ?<\/h3>\n<p class=\"\" data-start=\"5955\" data-end=\"6841\">Les donn\u00e9es personnelles fournies seront conserv\u00e9es pendant le temps n\u00e9cessaire \u00e0 la r\u00e9alisation des finalit\u00e9s pr\u00e9vues pour le traitement. La dur\u00e9e pendant laquelle nous conservons vos donn\u00e9es d\u00e9pend des finalit\u00e9s pour lesquelles elles ont \u00e9t\u00e9 collect\u00e9es et du respect des obligations l\u00e9gales d&rsquo;AIS VISION. Les donn\u00e9es seront conserv\u00e9es tant que leur suppression n&rsquo;est pas demand\u00e9e par la personne concern\u00e9e. Pour plus d&rsquo;informations sur la mani\u00e8re de supprimer vos donn\u00e9es, veuillez consulter la section relative \u00e0 l&rsquo;exercice des droits de cette Politique de confidentialit\u00e9. Les donn\u00e9es collect\u00e9es seront conserv\u00e9es pendant la dur\u00e9e du lien contractuel avec le client et apr\u00e8s la fin de la relation, jusqu&rsquo;\u00e0 ce que des responsabilit\u00e9s puissent \u00eatre exig\u00e9es conform\u00e9ment \u00e0 la l\u00e9gislation applicable dans le domaine commercial, fiscal et pour respecter les obligations professionnelles.<\/p>\n<h3 class=\"\" data-start=\"6848\" data-end=\"6892\">COMMENT MISE \u00c0 JOUR VOTRE INFORMATIONS ?<\/h3>\n<p class=\"\" data-start=\"6894\" data-end=\"7467\">Toutes les informations fournies par l&rsquo;utilisateur lors de l&rsquo;enregistrement ou en remplissant les formulaires du SITE WEB doivent \u00eatre v\u00e9ridiques. Il est \u00e9galement de la responsabilit\u00e9 de l&rsquo;utilisateur de maintenir toutes les informations fournies \u00e0 AIS VISION constamment mises \u00e0 jour de mani\u00e8re \u00e0 ce qu&rsquo;elles correspondent, \u00e0 tout moment, \u00e0 la situation r\u00e9elle de l&rsquo;utilisateur. L&rsquo;utilisateur sera seul responsable des d\u00e9clarations fausses ou inexactes qu&rsquo;il fera et des pr\u00e9judices qu&rsquo;elles pourraient causer \u00e0 AIS VISION ou \u00e0 des tiers \u00e0 cause des informations fournies.<\/p>\n<p class=\"\" data-start=\"7469\" data-end=\"7685\">Nous vous demandons de nous informer imm\u00e9diatement de tout changement ou modification des donn\u00e9es que vous nous avez fournies, afin que celles-ci r\u00e9pondent avec exactitude \u00e0 votre situation personnelle \u00e0 tout moment.<\/p>\n<h3 class=\"\" data-start=\"7692\" data-end=\"7724\">COMMENT EXERCER VOS DROITS ?<\/h3>\n<p class=\"\" data-start=\"7726\" data-end=\"7788\">Conform\u00e9ment \u00e0 la LOPDGDD, vous disposez des droits suivants :<\/p>\n<ul data-start=\"7790\" data-end=\"9310\">\n<li class=\"\" data-start=\"7790\" data-end=\"7894\">\n<p class=\"\" data-start=\"7792\" data-end=\"7894\">Droit d&rsquo;obtenir la confirmation que AIS VISION traite ou non des donn\u00e9es personnelles vous concernant.<\/p>\n<\/li>\n<li class=\"\" data-start=\"7895\" data-end=\"7980\">\n<p class=\"\" data-start=\"7897\" data-end=\"7980\">Droit de demander l&rsquo;acc\u00e8s aux donn\u00e9es personnelles que nous d\u00e9tenons \u00e0 votre sujet.<\/p>\n<\/li>\n<li class=\"\" data-start=\"7981\" data-end=\"8437\">\n<p class=\"\" data-start=\"7983\" data-end=\"8437\">Droit de demander la rectification ou la suppression de vos donn\u00e9es, par exemple, vous pouvez demander la correction de votre adresse e-mail si elle est incorrecte ou demander la suppression des donn\u00e9es qu&rsquo;AIS VISION d\u00e9tient lorsque, entre autres, elles ne sont plus n\u00e9cessaires pour les finalit\u00e9s pour lesquelles elles ont \u00e9t\u00e9 collect\u00e9es. Lors de la suppression des donn\u00e9es, nous ne les conserverons que bloqu\u00e9es pour r\u00e9pondre \u00e0 des obligations l\u00e9gales.<\/p>\n<\/li>\n<li class=\"\" data-start=\"8438\" data-end=\"8786\">\n<p class=\"\" data-start=\"8440\" data-end=\"8786\">Droit de demander la limitation de leur traitement, par exemple, vous avez le droit de limiter le traitement de vos donn\u00e9es \u00e0 des fins de marketing, vous pouvez nous contacter pour vous d\u00e9sabonner de la NEWSLETTER ou des communications commerciales. Dans ce cas, nous ne conserverons les donn\u00e9es que pour l&rsquo;exercice ou la d\u00e9fense de r\u00e9clamations.<\/p>\n<\/li>\n<li class=\"\" data-start=\"8787\" data-end=\"9167\">\n<p class=\"\" data-start=\"8789\" data-end=\"9167\">Droit de vous opposer au traitement et de retirer votre consentement \u00e0 tout moment, par exemple, vous pouvez demander \u00e0 AIS VISION de cesser de traiter vos donn\u00e9es, sans que cela n&rsquo;affecte la l\u00e9gitimit\u00e9 du traitement bas\u00e9 sur le consentement avant son retrait, AIS VISION cessant de traiter les donn\u00e9es sauf pour des motifs l\u00e9gitimes ou l&rsquo;exercice ou la d\u00e9fense de r\u00e9clamations.<\/p>\n<\/li>\n<li class=\"\" data-start=\"9168\" data-end=\"9310\">\n<p class=\"\" data-start=\"9170\" data-end=\"9310\">Droit \u00e0 la portabilit\u00e9 des donn\u00e9es en format automatis\u00e9 vers un autre responsable dans les cas o\u00f9 le traitement est autoris\u00e9 par la LOPDGDD.<\/p>\n<\/li>\n<\/ul>\n<p class=\"\" data-start=\"9312\" data-end=\"9486\">Vous pouvez exercer ces droits en envoyant un e-mail \u00e0 <a class=\"cursor-pointer\" rel=\"noopener\" data-start=\"9367\" data-end=\"9385\">info@aisvision.com<\/a> en indiquant dans l&rsquo;objet \u00ab\u00a0Exercice des droits LOPDGDD\u00a0\u00bb et en pr\u00e9cisant les informations suivantes :<\/p>\n<ul data-start=\"9488\" data-end=\"9716\">\n<li class=\"\" data-start=\"9488\" data-end=\"9530\">\n<p class=\"\" data-start=\"9490\" data-end=\"9530\">Votre nom et pr\u00e9nom ou nom d&rsquo;utilisateur<\/p>\n<\/li>\n<li class=\"\" data-start=\"9531\" data-end=\"9540\">\n<p class=\"\" data-start=\"9533\" data-end=\"9540\">DNI\/NIE<\/p>\n<\/li>\n<li class=\"\" data-start=\"9541\" data-end=\"9549\">\n<p class=\"\" data-start=\"9543\" data-end=\"9549\">E-mail<\/p>\n<\/li>\n<li class=\"\" data-start=\"9550\" data-end=\"9584\">\n<p class=\"\" data-start=\"9552\" data-end=\"9584\">Droit que vous souhaitez exercer<\/p>\n<\/li>\n<li class=\"\" data-start=\"9585\" data-end=\"9716\">\n<p class=\"\" data-start=\"9587\" data-end=\"9716\">Informations auxquelles vous souhaitez acc\u00e9der, rectifier, supprimer, limiter le traitement ou exercer votre droit de portabilit\u00e9<\/p>\n<\/li>\n<\/ul>\n<p class=\"\" data-start=\"9723\" data-end=\"10184\">De plus, les personnes concern\u00e9es peuvent d\u00e9poser une r\u00e9clamation aupr\u00e8s de l&rsquo;Autorit\u00e9 de contr\u00f4le en mati\u00e8re de protection des donn\u00e9es comp\u00e9tente, en particulier lorsqu&rsquo;elles n&rsquo;ont pas obtenu satisfaction dans l&rsquo;exercice de leurs droits, via le lien suivant :<br data-start=\"9983\" data-end=\"9986\" \/><a class=\"cursor-pointer\" target=\"_new\" rel=\"noopener\" data-start=\"9986\" data-end=\"10184\">https:\/\/sedeagpd.gob.es\/sede-electronica-web\/vistas\/formNuevaReclamacion\/solicitudReclamacion.jsf<\/a><\/p>\n<h3 class=\"\" data-start=\"10191\" data-end=\"10237\">TRANSF\u00c9RONS-NOUS VOS DONN\u00c9ES \u00c0 DES TIERS ?<\/h3>\n<p class=\"\" data-start=\"10239\" data-end=\"10391\">Les donn\u00e9es ne seront pas communiqu\u00e9es ni transf\u00e9r\u00e9es \u00e0 des tiers, sauf \u00e0 des sous-traitants (fournisseurs qui fournissent des services \u00e0 notre entit\u00e9).<\/p>\n<p class=\"\" data-start=\"10393\" data-end=\"10868\">AIS VISION peut partager vos informations avec diverses autorit\u00e9s gouvernementales en r\u00e9ponse \u00e0 des convocations, ordonnances judiciaires ou autres proc\u00e9dures l\u00e9gales ou pour toute autre affaire requise par la loi. Vos donn\u00e9es ne seront pas communiqu\u00e9es \u00e0 des tiers sauf en cas d&rsquo;obligation l\u00e9gale \u00e0 l&rsquo;Agence Tributaire, aux Tribunaux, aux Banques et Institutions financi\u00e8res pour les paiements de services et \u00e0 nos partenaires si n\u00e9cessaire pour ex\u00e9cuter le service demand\u00e9.<\/p>\n<p class=\"\" data-start=\"10870\" data-end=\"11413\">Pour votre commodit\u00e9 et int\u00e9r\u00eat, nous pouvons fournir des liens vers des pages g\u00e9r\u00e9es par des organisateurs tiers (\u00ab\u00a0Pages de tiers\u00a0\u00bb). Nous ne divulguerons pas vos informations \u00e0 ces Pages de tiers sans votre consentement. Toutefois, nous n&rsquo;approuvons pas et ne sommes pas responsables des pratiques de confidentialit\u00e9 de ces pages. Si vous choisissez de suivre un lien vers l&rsquo;une de ces pages de tiers, vous devriez consulter leur Politique de confidentialit\u00e9 pour comprendre comment ces pages collectent et utilisent vos donn\u00e9es personnelles.<\/p>\n<p><\/p>","protected":false},"excerpt":{"rendered":"<p>RESPONSABLE Identit\u00e9 et donn\u00e9es de contact AIS VISION SYSTEMS S.L. Adresse postaleCarrer de Can Camps, 10, 08202 Sabadell, (Barcelone) E-mailinfo@aisvision.com Conform\u00e9ment \u00e0 l&rsquo;article 11 de la Loi organique 3\/2018, du 5 d\u00e9cembre, sur la protection des donn\u00e9es personnelles et la garantie des droits num\u00e9riques (LOPDGDD), AIS VISION vous informe que les donn\u00e9es \u00e0 caract\u00e8re personnel [&hellip;]<\/p>\n","protected":false},"author":1,"featured_media":0,"parent":0,"menu_order":45,"comment_status":"closed","ping_status":"closed","template":"","meta":{"_acf_changed":false,"inline_featured_image":false,"footnotes":"","_links_to":"","_links_to_target":""},"class_list":["post-3","page","type-page","status-publish","hentry"],"acf":[],"_links":{"self":[{"href":"https:\/\/aisvision.com\/fr\/wp-json\/wp\/v2\/pages\/3","targetHints":{"allow":["GET"]}}],"collection":[{"href":"https:\/\/aisvision.com\/fr\/wp-json\/wp\/v2\/pages"}],"about":[{"href":"https:\/\/aisvision.com\/fr\/wp-json\/wp\/v2\/types\/page"}],"author":[{"embeddable":true,"href":"https:\/\/aisvision.com\/fr\/wp-json\/wp\/v2\/users\/1"}],"replies":[{"embeddable":true,"href":"https:\/\/aisvision.com\/fr\/wp-json\/wp\/v2\/comments?post=3"}],"version-history":[{"count":19,"href":"https:\/\/aisvision.com\/fr\/wp-json\/wp\/v2\/pages\/3\/revisions"}],"predecessor-version":[{"id":2733,"href":"https:\/\/aisvision.com\/fr\/wp-json\/wp\/v2\/pages\/3\/revisions\/2733"}],"wp:attachment":[{"href":"https:\/\/aisvision.com\/fr\/wp-json\/wp\/v2\/media?parent=3"}],"curies":[{"name":"wp","href":"https:\/\/api.w.org\/{rel}","templated":true}]}}