{"id":752,"date":"2022-08-05T05:21:00","date_gmt":"2022-08-05T05:21:00","guid":{"rendered":"https:\/\/aisvision.com\/es\/?page_id=752"},"modified":"2026-03-10T16:39:56","modified_gmt":"2026-03-10T15:39:56","slug":"aviso-legal","status":"publish","type":"page","link":"https:\/\/aisvision.com\/fr\/informations-legales\/","title":{"rendered":"Informations l\u00e9gales"},"content":{"rendered":"<p><\/p>\n<h3 class=\"\" data-start=\"61\" data-end=\"91\">IDENTIFICATION DU SITE WEB<\/h3>\n<p class=\"\" data-start=\"93\" data-end=\"381\">Conform\u00e9ment \u00e0 l&rsquo;article 10 de la Loi 34\/2002 du 11 juillet sur les services de la soci\u00e9t\u00e9 de l&rsquo;information et le commerce \u00e9lectronique (LSSICE), nous mettons \u00e0 votre disposition l'\u00a0\u00bbinformation g\u00e9n\u00e9rale\u00a0\u00bb, qui comprend les donn\u00e9es d&rsquo;identification de l&rsquo;entit\u00e9 propri\u00e9taire de ce SITE WEB :<\/p>\n<ul data-start=\"383\" data-end=\"934\">\n<li class=\"\" data-start=\"383\" data-end=\"435\">\n<p class=\"\" data-start=\"385\" data-end=\"435\"><strong data-start=\"385\" data-end=\"409\">D\u00e9nomination sociale<\/strong> : AIS VISION SYSTEMS S.L.<\/p>\n<\/li>\n<li class=\"\" data-start=\"436\" data-end=\"469\">\n<p class=\"\" data-start=\"438\" data-end=\"469\"><strong data-start=\"438\" data-end=\"456\">Nom commercial<\/strong> : AIS VISION<\/p>\n<\/li>\n<li class=\"\" data-start=\"470\" data-end=\"549\">\n<p class=\"\" data-start=\"472\" data-end=\"549\"><strong data-start=\"472\" data-end=\"494\">Adresse de contact<\/strong> : Carrer de Can Camps, 10, 08202 Sabadell, (Barcelone)<\/p>\n<\/li>\n<li class=\"\" data-start=\"550\" data-end=\"626\">\n<p class=\"\" data-start=\"552\" data-end=\"626\"><strong data-start=\"552\" data-end=\"571\">Adresse sociale<\/strong> : Carrer de Can Camps, 10, 08202, Sabadell (Barcelone)<\/p>\n<\/li>\n<li class=\"\" data-start=\"627\" data-end=\"648\">\n<p class=\"\" data-start=\"629\" data-end=\"648\"><strong data-start=\"629\" data-end=\"636\">CIF<\/strong> : B65946691<\/p>\n<\/li>\n<li class=\"\" data-start=\"649\" data-end=\"678\">\n<p class=\"\" data-start=\"651\" data-end=\"678\"><strong data-start=\"651\" data-end=\"664\">T\u00e9l\u00e9phone<\/strong> : 931 003 035<\/p>\n<\/li>\n<li class=\"\" data-start=\"679\" data-end=\"711\">\n<p class=\"\" data-start=\"681\" data-end=\"711\"><strong data-start=\"681\" data-end=\"690\">Email<\/strong> : <a class=\"cursor-pointer\" rel=\"noopener\" data-start=\"693\" data-end=\"711\">info@aisvision.com<\/a><\/p>\n<\/li>\n<li class=\"\" data-start=\"712\" data-end=\"752\">\n<p class=\"\" data-start=\"714\" data-end=\"752\"><strong data-start=\"714\" data-end=\"732\">Nom de domaine<\/strong> : <a class=\"\" href=\"http:\/\/www.aisvision.com\" target=\"_new\" rel=\"noopener\" data-start=\"735\" data-end=\"752\">www.aisvision.com<\/a><\/p>\n<\/li>\n<li class=\"\" data-start=\"753\" data-end=\"934\">\n<p class=\"\" data-start=\"755\" data-end=\"934\"><strong data-start=\"755\" data-end=\"807\">Inscription au registre du commerce de Barcelone<\/strong> : Protocole 58 attribu\u00e9 le 10\/01\/2013 devant le notaire F. de Salas Moreno, enregistr\u00e9 le 08\/02\/2013, si\u00e8ge 1681, journal 1156<\/p>\n<\/li>\n<\/ul>\n<h3 class=\"\" data-start=\"936\" data-end=\"976\">CONDITIONS D&rsquo;UTILISATION DU SITE WEB<\/h3>\n<h4 class=\"\" data-start=\"978\" data-end=\"1036\">ATTRIBUTION DE LA CONDITION D&rsquo;UTILISATEUR DU SITE WEB<\/h4>\n<p class=\"\" data-start=\"1038\" data-end=\"1500\">L&rsquo;utilisation de <a class=\"\" href=\"http:\/\/www.aisvision.com\" target=\"_new\" rel=\"noopener\" data-start=\"1055\" data-end=\"1072\">www.aisvision.com<\/a> (ci-apr\u00e8s, le \u00ab\u00a0SITE WEB\u00a0\u00bb) conf\u00e8re la qualit\u00e9 d&rsquo;utilisateur du site web et implique l&rsquo;acceptation pleine et enti\u00e8re de toutes et chacune des dispositions incluses dans cet Avis L\u00e9gal, dans la version publi\u00e9e par AIS VISION au moment m\u00eame o\u00f9 l&rsquo;utilisateur acc\u00e8de au SITE WEB. En cons\u00e9quence, l&rsquo;utilisateur doit lire attentivement ces conditions \u00e0 chaque fois qu&rsquo;il souhaite utiliser le SITE WEB, car elles peuvent \u00eatre modifi\u00e9es.<\/p>\n<p class=\"\" data-start=\"1502\" data-end=\"1678\">AIS VISION se r\u00e9serve le droit de modifier les conditions d&rsquo;utilisation du SITE WEB, et il est de la responsabilit\u00e9 de l&rsquo;utilisateur de consulter p\u00e9riodiquement ces conditions.<\/p>\n<h4 class=\"\" data-start=\"1680\" data-end=\"1690\">OBJET<\/h4>\n<p class=\"\" data-start=\"1692\" data-end=\"1988\">Les pr\u00e9sentes conditions d&rsquo;utilisation visent \u00e0 r\u00e9gir l&rsquo;acc\u00e8s des utilisateurs et la navigation ult\u00e9rieure sur le SITE WEB. Ces conditions r\u00e9gissent \u00e9galement la relation entre les utilisateurs et AIS VISION lorsque les premiers utilisent le SITE WEB fourni par AIS VISION \u00e0 des fins quelconques.<\/p>\n<h4 class=\"\" data-start=\"1990\" data-end=\"2023\">OBLIGATIONS DES UTILISATEURS<\/h4>\n<p class=\"\" data-start=\"2025\" data-end=\"2063\"><strong data-start=\"2025\" data-end=\"2063\">Acc\u00e8s et utilisation du SITE WEB :<\/strong><\/p>\n<p class=\"\" data-start=\"2065\" data-end=\"2169\">La visite et la consultation des informations sur le SITE WEB sont gratuites pour tous les utilisateurs.<\/p>\n<p class=\"\" data-start=\"2171\" data-end=\"2224\"><strong data-start=\"2171\" data-end=\"2224\">Obligation d&rsquo;utiliser correctement les contenus :<\/strong><\/p>\n<p class=\"\" data-start=\"2226\" data-end=\"2786\">L&rsquo;utilisateur s&rsquo;engage \u00e0 utiliser les contenus mis \u00e0 disposition des utilisateurs sur le SITE WEB, comprenant, sans que cette \u00e9num\u00e9ration soit limitative, les textes, photographies, graphiques, images, ic\u00f4nes, technologies, logiciels, liens et autres contenus audiovisuels ou sonores, ainsi que la conception graphique et les codes sources (ci-apr\u00e8s, les \u00ab\u00a0Contenus\u00a0\u00bb), conform\u00e9ment \u00e0 la loi, aux pr\u00e9sentes conditions d&rsquo;utilisation, et aux autres avis, r\u00e8glements d&rsquo;utilisation et instructions mis \u00e0 sa disposition, ainsi qu&rsquo;aux bonnes m\u0153urs et \u00e0 l&rsquo;ordre public.<\/p>\n<h4 class=\"\" data-start=\"2788\" data-end=\"2817\">PROPRI\u00c9T\u00c9 INTELLECTUELLE<\/h4>\n<p class=\"\" data-start=\"2819\" data-end=\"3165\">AIS VISION est titulaire des droits de propri\u00e9t\u00e9 intellectuelle et industrielle, ou a obtenu les autorisations ou licences n\u00e9cessaires pour leur exploitation, sur le nom de domaine, les marques et signes distinctifs, les informations et le reste des \u0153uvres et inventions li\u00e9es au SITE WEB et \u00e0 la technologie associ\u00e9e, ainsi que sur ses contenus.<\/p>\n<p class=\"\" data-start=\"3167\" data-end=\"3341\">Les contenus de ce SITE WEB, y compris les conceptions, applications, textes, images et code source, sont prot\u00e9g\u00e9s par des droits de propri\u00e9t\u00e9 intellectuelle et industrielle.<\/p>\n<p class=\"\" data-start=\"3343\" data-end=\"3515\">En aucun cas, le contenu ne peut \u00eatre utilis\u00e9, reproduit, copi\u00e9 ou transmis de quelque mani\u00e8re que ce soit sans l&rsquo;autorisation pr\u00e9alable, \u00e9crite et explicite de AIS VISION.<\/p>\n<p class=\"\" data-start=\"3517\" data-end=\"3998\">L&rsquo;utilisateur doit s&rsquo;abstenir de soumettre des contenus obtenus de mani\u00e8re ill\u00e9gale ou prot\u00e9g\u00e9s par des droits de propri\u00e9t\u00e9 intellectuelle (copyright) sans l&rsquo;autorisation expresse des auteurs originaux ou des d\u00e9tenteurs des droits en question. Dans tous les cas, l&rsquo;utilisateur, et non AIS VISION, sera responsable des r\u00e9clamations \u00e9conomiques ou autres qui pourraient \u00eatre adress\u00e9es \u00e0 AIS VISION pour ces faits en lien avec la r\u00e9clamation de ces droits de propri\u00e9t\u00e9 intellectuelle.<\/p>\n<p class=\"\" data-start=\"4000\" data-end=\"4596\">Dans le cas o\u00f9 un utilisateur ou un tiers consid\u00e8re qu&rsquo;il existe des faits ou circonstances r\u00e9v\u00e9lant l&rsquo;usage ind\u00fb de tout contenu et\/ou la r\u00e9alisation de toute activit\u00e9 sur les pages web incluses ou accessibles par le SITE WEB, et en particulier la violation des droits de propri\u00e9t\u00e9 intellectuelle ou industrielle (brevets, mod\u00e8les et dessins industriels, marques et noms commerciaux, etc.), la non-remise des obligations et devoirs pr\u00e9vus dans ces conditions ou la violation d&rsquo;autres droits, il doit envoyer un e-mail \u00e0 <a class=\"\" href=\"http:\/\/www.aisvision.com\" target=\"_new\" rel=\"noopener\" data-start=\"4521\" data-end=\"4538\">www.aisvision.com<\/a> informant AIS VISION et contenant les \u00e9l\u00e9ments suivants :<\/p>\n<p class=\"\" data-start=\"4598\" data-end=\"4691\">(a) Donn\u00e9es personnelles du plaignant : nom, adresse, num\u00e9ro de t\u00e9l\u00e9phone et adresse e-mail ;<\/p>\n<p class=\"\" data-start=\"4693\" data-end=\"4925\">(b) Sp\u00e9cification de l&rsquo;activit\u00e9 pr\u00e9sum\u00e9e ill\u00e9gale r\u00e9alis\u00e9e sur le SITE WEB et, en particulier, lorsqu&rsquo;il s&rsquo;agit d&rsquo;une pr\u00e9sum\u00e9e violation de droits, indication pr\u00e9cise des contenus prot\u00e9g\u00e9s et de leur localisation sur les pages web ;<\/p>\n<p class=\"\" data-start=\"4927\" data-end=\"5003\">(c) Faits ou circonstances r\u00e9v\u00e9lant le caract\u00e8re ill\u00e9gal de cette activit\u00e9 ;<\/p>\n<p class=\"\" data-start=\"5005\" data-end=\"5114\">(d) En cas de violation de droits, avec les donn\u00e9es personnelles du titulaire des droits pr\u00e9sum\u00e9ment viol\u00e9s ;<\/p>\n<p class=\"\" data-start=\"5116\" data-end=\"5340\">(e) D\u00e9claration expresse, claire et sous la responsabilit\u00e9 du plaignant que les informations fournies dans la notification sont exactes et qu&rsquo;il consid\u00e8re l&rsquo;utilisation des contenus ou des activit\u00e9s d\u00e9crites comme ill\u00e9gales.<\/p>\n<p class=\"\" data-start=\"5342\" data-end=\"5480\">AIS VISION prendra imm\u00e9diatement les mesures n\u00e9cessaires pour rectifier ou supprimer, le cas \u00e9ch\u00e9ant, les donn\u00e9es ou contenus en question.<\/p>\n<p class=\"\" data-start=\"5482\" data-end=\"5967\">Tous les services d&rsquo;utilisation du logiciel sont prot\u00e9g\u00e9s par des lois sur le droit d&rsquo;auteur et des trait\u00e9s internationaux de droit d&rsquo;auteur, ainsi que d&rsquo;autres lois et trait\u00e9s relatifs \u00e0 la propri\u00e9t\u00e9 intellectuelle. Tous les droits de titre et de propri\u00e9t\u00e9 intellectuelle sur le contenu accessible par l&rsquo;utilisation du SITE WEB sont la propri\u00e9t\u00e9 d&rsquo;AIS VISION ou du propri\u00e9taire respectif et sont \u00e9galement prot\u00e9g\u00e9s par des droits d&rsquo;auteur et d&rsquo;autres lois de propri\u00e9t\u00e9 intellectuelle.<\/p>\n<h4 class=\"\" data-start=\"5969\" data-end=\"6028\">PROTECTION DES DONN\u00c9ES PERSONNELLES ET CONFIDENTIALIT\u00c9<\/h4>\n<p class=\"\" data-start=\"6030\" data-end=\"6623\">Conform\u00e9ment aux lois sur la protection des donn\u00e9es, AIS VISION, en tant que responsable du traitement, vous informe que les donn\u00e9es personnelles que vous nous fournissez pendant votre navigation sur le SITE WEB et\/ou via les formulaires pr\u00e9sents sur celui-ci seront uniquement utilis\u00e9es pour g\u00e9rer le maintien du SITE WEB, vous offrir un service optimal et de qualit\u00e9, am\u00e9liorer l&rsquo;exp\u00e9rience utilisateur et effectuer des t\u00e2ches administratives li\u00e9es aux services et activit\u00e9s offerts par le SITE WEB. En nous fournissant vos donn\u00e9es, vous nous autorisez \u00e0 les traiter pour les fins indiqu\u00e9es.<\/p>\n<p class=\"\" data-start=\"6625\" data-end=\"7065\">AIS VISION garantit la confidentialit\u00e9 et la s\u00e9curit\u00e9 de vos donn\u00e9es personnelles lorsqu&rsquo;elles sont trait\u00e9es, conform\u00e9ment aux politiques de traitement et aux mesures de s\u00e9curit\u00e9 mises en place, conform\u00e9ment \u00e0 la r\u00e9glementation sur la confidentialit\u00e9. Les politiques de traitement et les mesures de s\u00e9curit\u00e9 implant\u00e9es chez AIS VISION \u00e9vitent l&rsquo;alt\u00e9ration, la perte, le traitement ou l&rsquo;utilisation non autoris\u00e9e de vos donn\u00e9es personnelles.<\/p>\n<p class=\"\" data-start=\"7067\" data-end=\"7446\">Toutes les informations fournies par l&rsquo;utilisateur via les formulaires du SITE WEB doivent \u00eatre v\u00e9ridiques. Vous nous autorisez \u00e0 les inclure dans un fichier dont AIS VISION est responsable, aupr\u00e8s duquel vous pourrez exercer vos droits, et \u00e0 ce qu&rsquo;elles soient utilis\u00e9es pour maintenir la relation commerciale et recevoir des informations et de la publicit\u00e9 de notre entreprise.<\/p>\n<p class=\"\" data-start=\"7448\" data-end=\"7956\">\u00c0 cette fin, l&rsquo;utilisateur garantit l&rsquo;authenticit\u00e9 de toutes les donn\u00e9es fournies lors de la soumission des formulaires. De m\u00eame, il est de la responsabilit\u00e9 de l&rsquo;utilisateur de maintenir \u00e0 jour les informations fournies \u00e0 AIS VISION afin qu&rsquo;elles correspondent en tout temps \u00e0 la situation r\u00e9elle de l&rsquo;utilisateur. L&rsquo;utilisateur sera seul responsable des d\u00e9clarations fausses ou inexactes qu&rsquo;il fait et des dommages qu&rsquo;elles pourraient causer \u00e0 AIS VISION ou \u00e0 des tiers en raison des informations fournies.<\/p>\n<p class=\"\" data-start=\"7958\" data-end=\"8219\">Vous pouvez exercer vos droits d&rsquo;acc\u00e8s, de rectification, de suppression, de limitation, de portabilit\u00e9 et d&rsquo;opposition en envoyant un e-mail \u00e0 <a class=\"\" href=\"http:\/\/www.aisvision.com\" target=\"_new\" rel=\"noopener\" data-start=\"8102\" data-end=\"8119\">www.aisvision.com<\/a> en indiquant dans l&rsquo;objet \u00ab\u00a0Exercice des droits LOPDGDD\u00a0\u00bb et en incluant les informations suivantes :<\/p>\n<ul data-start=\"8221\" data-end=\"8450\">\n<li class=\"\" data-start=\"8221\" data-end=\"8264\">\n<p class=\"\" data-start=\"8223\" data-end=\"8264\">Votre nom et pr\u00e9nom ou nom d&rsquo;utilisateur,<\/p>\n<\/li>\n<li class=\"\" data-start=\"8265\" data-end=\"8274\">\n<p class=\"\" data-start=\"8267\" data-end=\"8274\">DNI\/NIE<\/p>\n<\/li>\n<li class=\"\" data-start=\"8275\" data-end=\"8283\">\n<p class=\"\" data-start=\"8277\" data-end=\"8283\">E-mail<\/p>\n<\/li>\n<li class=\"\" data-start=\"8284\" data-end=\"8318\">\n<p class=\"\" data-start=\"8286\" data-end=\"8318\">Droit que vous souhaitez exercer<\/p>\n<\/li>\n<li class=\"\" data-start=\"8319\" data-end=\"8450\">\n<p class=\"\" data-start=\"8321\" data-end=\"8450\">Informations auxquelles vous souhaitez acc\u00e9der, rectifier, supprimer, limiter le traitement ou exercer votre droit de portabilit\u00e9<\/p>\n<\/li>\n<\/ul>\n<p class=\"\" data-start=\"8452\" data-end=\"8606\">Pour plus d&rsquo;informations sur notre politique de protection des donn\u00e9es, veuillez consulter notre <strong data-start=\"8549\" data-end=\"8605\">Politique de confidentialit\u00e9 et Politique de cookies<\/strong>.<\/p>\n<h4 class=\"\" data-start=\"8608\" data-end=\"8642\">LIMITATIONS DE RESPONSABILIT\u00c9<\/h4>\n<p class=\"\" data-start=\"8644\" data-end=\"9238\">AIS VISION ne garantit pas la disponibilit\u00e9 et la continuit\u00e9 du fonctionnement des services du SITE WEB. Lorsque cela est raisonnablement possible, des avertissements seront donn\u00e9s \u00e0 l&rsquo;avance en cas d&rsquo;interruptions du service. AIS VISION ne garantit pas non plus l&rsquo;utilit\u00e9 des services du SITE WEB pour r\u00e9aliser une activit\u00e9 sp\u00e9cifique, ni leur infaillibilit\u00e9, et en particulier, bien que cela ne soit pas exclusif, ne garantit pas que les utilisateurs pourront effectivement les utiliser ou acc\u00e9der aux diff\u00e9rentes pages web du SITE WEB ou \u00e0 celles depuis lesquelles les services sont fournis.<\/p>\n<p class=\"\" data-start=\"9240\" data-end=\"9476\">Si vous vous sentez l\u00e9s\u00e9 par la diffusion de vid\u00e9os ou d&rsquo;images sur notre SITE WEB, vous pouvez nous envoyer un e-mail \u00e0 <a class=\"\" href=\"http:\/\/www.aisvision.com\" target=\"_new\" rel=\"noopener\" data-start=\"9361\" data-end=\"9378\">www.aisvision.com<\/a> et nous examinerons votre r\u00e9clamation et la possibilit\u00e9 de retirer le mat\u00e9riel de notre SITE WEB.<\/p>\n<p class=\"\" data-start=\"9478\" data-end=\"9697\">AIS VISION ne garantit pas la v\u00e9racit\u00e9, l&rsquo;exactitude, l&rsquo;exhaustivit\u00e9 et l&rsquo;actualit\u00e9 des contenus g\u00e9n\u00e9r\u00e9s par les employ\u00e9s d&rsquo;AIS VISION ou par les utilisateurs du SITE WEB lorsqu&rsquo;ils publient leurs opinions sur celui-ci.<\/p>\n<p class=\"\" data-start=\"9699\" data-end=\"10382\">Concernant les liens externes : le SITE WEB peut contenir des liens vers des sites web qui ne sont pas d\u00e9tenus, contr\u00f4l\u00e9s, \u00e9dit\u00e9s ou censur\u00e9s par AIS VISION. Par cons\u00e9quent, nous n&rsquo;assumons aucune responsabilit\u00e9 concernant le contenu, les politiques de confidentialit\u00e9 ou les pratiques de ces sites externes. L&rsquo;existence de ces liens ne signifie pas, de la part d&rsquo;AIS VISION, une approbation des produits, services, contenus, informations, donn\u00e9es, fichiers et tout autre mat\u00e9riel pr\u00e9sent sur ces sites externes, et nous ne contr\u00f4lons ni ne sommes responsables de la qualit\u00e9, de la l\u00e9galit\u00e9, de la fiabilit\u00e9 et de l&rsquo;utilit\u00e9 de l&rsquo;information et\/ou des services pr\u00e9sents sur ces sites.<\/p>\n<p class=\"\" data-start=\"10384\" data-end=\"10546\">AIS VISION se r\u00e9serve le droit de modifier, d&rsquo;ajouter ou de supprimer des clauses sans pr\u00e9avis, tant que celles-ci sont d\u00fbment publi\u00e9es en ligne dans ce document.<\/p>\n<h4 class=\"\" data-start=\"10548\" data-end=\"10601\">L\u00c9GISLATION APPLICABLE ET JURIDICTION COMP\u00c9TENTE<\/h4>\n<p class=\"\" data-start=\"10603\" data-end=\"10927\">Les termes et l&rsquo;utilisation du SITE WEB d&rsquo;AIS VISION ou de tout service offert par AIS VISION seront r\u00e9gis et interpr\u00e9t\u00e9s conform\u00e9ment aux lois espagnoles, et en cas de litige d\u00e9coulant de l&rsquo;utilisation de ce service, les parties se soumettent express\u00e9ment \u00e0 la juridiction des tribunaux de la ville de Sabadell (Barcelone).<\/p>\n<p><\/p>","protected":false},"excerpt":{"rendered":"<p>IDENTIFICATION DU SITE WEB Conform\u00e9ment \u00e0 l&rsquo;article 10 de la Loi 34\/2002 du 11 juillet sur les services de la soci\u00e9t\u00e9 de l&rsquo;information et le commerce \u00e9lectronique (LSSICE), nous mettons \u00e0 votre disposition l&rsquo;\u00a0\u00bbinformation g\u00e9n\u00e9rale\u00a0\u00bb, qui comprend les donn\u00e9es d&rsquo;identification de l&rsquo;entit\u00e9 propri\u00e9taire de ce SITE WEB : D\u00e9nomination sociale : AIS VISION SYSTEMS S.L. [&hellip;]<\/p>\n","protected":false},"author":1,"featured_media":0,"parent":0,"menu_order":47,"comment_status":"closed","ping_status":"closed","template":"","meta":{"_acf_changed":false,"inline_featured_image":false,"footnotes":"","_links_to":"","_links_to_target":""},"class_list":["post-752","page","type-page","status-publish","hentry"],"acf":[],"_links":{"self":[{"href":"https:\/\/aisvision.com\/fr\/wp-json\/wp\/v2\/pages\/752","targetHints":{"allow":["GET"]}}],"collection":[{"href":"https:\/\/aisvision.com\/fr\/wp-json\/wp\/v2\/pages"}],"about":[{"href":"https:\/\/aisvision.com\/fr\/wp-json\/wp\/v2\/types\/page"}],"author":[{"embeddable":true,"href":"https:\/\/aisvision.com\/fr\/wp-json\/wp\/v2\/users\/1"}],"replies":[{"embeddable":true,"href":"https:\/\/aisvision.com\/fr\/wp-json\/wp\/v2\/comments?post=752"}],"version-history":[{"count":15,"href":"https:\/\/aisvision.com\/fr\/wp-json\/wp\/v2\/pages\/752\/revisions"}],"predecessor-version":[{"id":2734,"href":"https:\/\/aisvision.com\/fr\/wp-json\/wp\/v2\/pages\/752\/revisions\/2734"}],"wp:attachment":[{"href":"https:\/\/aisvision.com\/fr\/wp-json\/wp\/v2\/media?parent=752"}],"curies":[{"name":"wp","href":"https:\/\/api.w.org\/{rel}","templated":true}]}}