{"id":755,"date":"2022-08-05T06:05:20","date_gmt":"2022-08-05T06:05:20","guid":{"rendered":"https:\/\/aisvision.com\/es\/?page_id=755"},"modified":"2026-03-10T16:41:50","modified_gmt":"2026-03-10T15:41:50","slug":"politica-de-cookies","status":"publish","type":"page","link":"https:\/\/aisvision.com\/fr\/politique-de-cookies\/","title":{"rendered":"Politique de cookies"},"content":{"rendered":"<p><\/p>\n<p class=\"\" data-start=\"80\" data-end=\"265\"><strong data-start=\"80\" data-end=\"94\">AIS VISION<\/strong> a d\u00e9velopp\u00e9 cette politique afin de vous informer sur ce qu&rsquo;est un cookie, lesquels nous utilisons sur ce site web et comment vous pouvez les g\u00e9rer selon vos pr\u00e9f\u00e9rences.<\/p>\n<p class=\"\" data-start=\"267\" data-end=\"559\">En visitant notre site web, vous \u00eates inform\u00e9 de l&rsquo;existence des cookies et de la pr\u00e9sente politique de cookies. En acceptant la politique de cookies, vous consentez \u00e0 l&rsquo;installation des cookies inform\u00e9s (sauf si vous avez modifi\u00e9 les param\u00e8tres de votre navigateur pour refuser les cookies).<\/p>\n<p class=\"\" data-start=\"561\" data-end=\"853\">Un \u00ab\u00a0Cookie\u00a0\u00bb est un petit fichier texte qu&rsquo;un site web stocke dans le navigateur de l&rsquo;utilisateur. Les cookies facilitent l&rsquo;utilisation et la navigation sur un site web et sont essentiels au fonctionnement d&rsquo;Internet, apportant de nombreux avantages dans la fourniture de services interactifs.<\/p>\n<p class=\"\" data-start=\"855\" data-end=\"1278\">Les cookies sont utilis\u00e9s par exemple pour g\u00e9rer la session de l&rsquo;utilisateur (r\u00e9duisant le nombre de fois o\u00f9 il doit saisir son mot de passe) ou pour adapter les contenus d&rsquo;une page web \u00e0 ses pr\u00e9f\u00e9rences. Les cookies peuvent \u00eatre de \u00ab\u00a0session\u00a0\u00bb, ce qui signifie qu&rsquo;ils seront supprim\u00e9s d\u00e8s que l&rsquo;utilisateur quitte la page web qui les a g\u00e9n\u00e9r\u00e9s, ou \u00ab\u00a0persistants\u00a0\u00bb, qui restent sur votre ordinateur jusqu&rsquo;\u00e0 une date d\u00e9termin\u00e9e.<\/p>\n<p class=\"\" data-start=\"1280\" data-end=\"1611\">Ce document sur l'\u00a0\u00bbUtilisation des Cookies\u00a0\u00bb a \u00e9t\u00e9 \u00e9labor\u00e9 \u00e0 partir d&rsquo;un audit technique externe et est donc sujet \u00e0 des mises \u00e0 jour p\u00e9riodiques. Son but est de vous aider \u00e0 comprendre l&rsquo;utilisation que fait ce site web des cookies, la finalit\u00e9 des cookies utilis\u00e9s, ainsi que les options dont l&rsquo;utilisateur dispose pour les g\u00e9rer.<\/p>\n<p class=\"\" data-start=\"1613\" data-end=\"1819\">L&rsquo;acceptation de cette politique de cookies et la fonctionnalit\u00e9 de votre navigateur activ\u00e9e pour accepter ces cookies implique l&rsquo;acceptation par l&rsquo;utilisateur de la technologie cookie utilis\u00e9e sur ce site.<\/p>\n<h3 class=\"\" data-start=\"1821\" data-end=\"1855\">Exemples de Types de Cookies :<\/h3>\n<p class=\"\" data-start=\"1857\" data-end=\"1893\"><strong data-start=\"1857\" data-end=\"1893\">Cookies techniques ou internes :<\/strong><\/p>\n<p class=\"\" data-start=\"1895\" data-end=\"2219\">Ce sont des cookies techniques ou internes, essentiels au fonctionnement d&rsquo;un site web, comme ceux qui permettent l&rsquo;authentification ou le maintien de la session d&rsquo;un utilisateur enregistr\u00e9 lorsqu&rsquo;il navigue sur la page. La d\u00e9sactivation de ces cookies emp\u00eache le bon fonctionnement de certaines fonctionnalit\u00e9s du site web.<\/p>\n<p class=\"\" data-start=\"2221\" data-end=\"2246\"><strong data-start=\"2221\" data-end=\"2246\">Cookies analytiques :<\/strong><\/p>\n<p class=\"\" data-start=\"2248\" data-end=\"2668\">Ce sont des cookies analytiques, utilis\u00e9s pour recueillir des statistiques sur l&rsquo;activit\u00e9 de l&rsquo;utilisateur sur le site et sur l&rsquo;activit\u00e9 g\u00e9n\u00e9rale de celui-ci. Les informations collect\u00e9es sont anonymes et permettent d&rsquo;optimiser la navigation sur un site web et d&rsquo;assurer le meilleur service possible \u00e0 l&rsquo;utilisateur. L&rsquo;utilisateur peut exclure son activit\u00e9 via les syst\u00e8mes d&rsquo;exclusion fournis par les outils analytiques.<\/p>\n<p class=\"\" data-start=\"2670\" data-end=\"2734\"><strong data-start=\"2670\" data-end=\"2734\">Cookies de tiers pour la gestion des espaces publicitaires :<\/strong><\/p>\n<p class=\"\" data-start=\"2736\" data-end=\"3419\">Ce sont des cookies stock\u00e9s par des tiers qui g\u00e8rent les espaces publicitaires que les utilisateurs voient lorsqu&rsquo;ils acc\u00e8dent \u00e0 ce site web. Ces cookies permettent de mesurer l&rsquo;efficacit\u00e9 des campagnes en ligne, de fournir \u00e0 l&rsquo;utilisateur des informations susceptibles de l&rsquo;int\u00e9resser et de lui offrir des contenus publicitaires adapt\u00e9s \u00e0 ses pr\u00e9f\u00e9rences. Conform\u00e9ment \u00e0 leurs propres politiques, certains gestionnaires publicitaires peuvent utiliser des cookies anonymes pour afficher des annonces qui vous int\u00e9ressent lorsque vous visitez d&rsquo;autres sites web. Cependant, les utilisateurs peuvent g\u00e9rer l&rsquo;acceptation ou le rejet de ces cookies via les param\u00e8tres de leur navigateur.<\/p>\n<h3 class=\"\" data-start=\"3421\" data-end=\"3463\">Garanties et options sur les cookies :<\/h3>\n<p class=\"\" data-start=\"3465\" data-end=\"3792\">Gr\u00e2ce aux param\u00e8tres de votre navigateur, vous avez la possibilit\u00e9 d&rsquo;accepter ou de refuser l&rsquo;installation de cookies, ou encore de refuser l&rsquo;installation d&rsquo;un certain type de cookies, tels que les cookies publicitaires et de tiers. De plus, apr\u00e8s chaque session, vous pouvez supprimer toutes ou certaines des cookies stock\u00e9es.<\/p>\n<p class=\"\" data-start=\"3794\" data-end=\"3825\">Vous pouvez \u00e9galement activer :<\/p>\n<ul data-start=\"3827\" data-end=\"4251\">\n<li class=\"\" data-start=\"3827\" data-end=\"4016\">\n<p class=\"\" data-start=\"3829\" data-end=\"4016\"><strong data-start=\"3829\" data-end=\"3853\">La navigation priv\u00e9e<\/strong>, qui emp\u00eache votre navigateur de sauvegarder l&rsquo;historique de navigation, les mots de passe des sites web, les cookies et d&rsquo;autres informations des pages visit\u00e9es.<\/p>\n<\/li>\n<li class=\"\" data-start=\"4017\" data-end=\"4251\">\n<p class=\"\" data-start=\"4019\" data-end=\"4251\"><strong data-start=\"4019\" data-end=\"4065\">La fonction \u00ab\u00a0Do Not Track\u00a0\u00bb (Ne pas suivre)<\/strong>, qui demande aux sites web que vous visitez de ne pas suivre vos habitudes de navigation, afin, par exemple, de ne pas vous servir de la publicit\u00e9 cibl\u00e9e sur les sites que vous visitez.<\/p>\n<\/li>\n<\/ul>\n<p class=\"\" data-start=\"4253\" data-end=\"4623\">Nous vous recommandons de consulter l&rsquo;aide de votre navigateur pour vous informer sur les diff\u00e9rentes options de gestion des cookies. Notez que le blocage des cookies peut affecter toutes ou certaines des fonctionnalit\u00e9s de notre site web. Il peut m\u00eame arriver que si vous ne <strong data-start=\"4529\" data-end=\"4579\">n&rsquo;acceptez pas les cookies techniques\/internes<\/strong>, vous ne puissiez pas acc\u00e9der \u00e0 notre site.<\/p>\n<h3 class=\"\" data-start=\"4625\" data-end=\"4659\">Cookies utilis\u00e9s sur ce site :<\/h3>\n<div class=\"group pointer-events-none relative flex justify-center *:pointer-events-auto\"><button class=\"hover:bg-token-main-surface-secondary text-token-text-secondary pointer-events-auto rounded-lg px-1 py-1 opacity-0 transition-opacity duration-200 group-focus-within:opacity-100 group-hover:opacity-100\"><\/button><\/p>\n<div class=\"tableContainer horzScrollShadows relative\">\n<table class=\"min-w-full\" data-start=\"4661\" data-end=\"6052\">\n<thead data-start=\"4661\" data-end=\"4729\">\n<tr data-start=\"4661\" data-end=\"4729\">\n<th data-start=\"4661\" data-end=\"4677\">Nom du Cookie<\/th>\n<th data-start=\"4677\" data-end=\"4694\">Type de Cookie<\/th>\n<th data-start=\"4694\" data-end=\"4714\">Dur\u00e9e de validit\u00e9<\/th>\n<th data-start=\"4714\" data-end=\"4729\">Description<\/th>\n<\/tr>\n<\/thead>\n<tbody data-start=\"4756\" data-end=\"6052\">\n<tr data-start=\"4756\" data-end=\"4901\">\n<td class=\"max-w-[calc(var(--thread-content-max-width)*2\/3)]\" data-start=\"4756\" data-end=\"4762\">_ga<\/td>\n<td class=\"max-w-[calc(var(--thread-content-max-width)*2\/3)]\" data-start=\"4762\" data-end=\"4790\">Cookie analytique (tiers)<\/td>\n<td class=\"max-w-[calc(var(--thread-content-max-width)*2\/3)]\" data-start=\"4790\" data-end=\"4829\">2 ans depuis la derni\u00e8re mise \u00e0 jour<\/td>\n<td class=\"max-w-[calc(var(--thread-content-max-width)*2\/3)] min-w-[calc(var(--thread-content-max-width)\/3)]\" data-start=\"4829\" data-end=\"4901\">Cookie de Google Analytics permettant de suivre les visites uniques.<\/td>\n<\/tr>\n<tr data-start=\"4902\" data-end=\"5039\">\n<td class=\"max-w-[calc(var(--thread-content-max-width)*2\/3)]\" data-start=\"4902\" data-end=\"4909\">_gid<\/td>\n<td class=\"max-w-[calc(var(--thread-content-max-width)*2\/3)]\" data-start=\"4909\" data-end=\"4937\">Cookie analytique (tiers)<\/td>\n<td class=\"max-w-[calc(var(--thread-content-max-width)*2\/3)]\" data-start=\"4937\" data-end=\"4974\">24h depuis la derni\u00e8re mise \u00e0 jour<\/td>\n<td class=\"max-w-[calc(var(--thread-content-max-width)*2\/3)] min-w-[calc(var(--thread-content-max-width)\/3)]\" data-start=\"4974\" data-end=\"5039\">Associ\u00e9e \u00e0 Google Analytics pour distinguer les utilisateurs.<\/td>\n<\/tr>\n<tr data-start=\"5040\" data-end=\"5159\">\n<td class=\"max-w-[calc(var(--thread-content-max-width)*2\/3)]\" data-start=\"5040\" data-end=\"5047\">_gat<\/td>\n<td class=\"max-w-[calc(var(--thread-content-max-width)*2\/3)]\" data-start=\"5047\" data-end=\"5075\">Cookie analytique (tiers)<\/td>\n<td class=\"max-w-[calc(var(--thread-content-max-width)*2\/3)]\" data-start=\"5075\" data-end=\"5088\">10 minutes<\/td>\n<td class=\"max-w-[calc(var(--thread-content-max-width)*2\/3)] min-w-[calc(var(--thread-content-max-width)\/3)]\" data-start=\"5088\" data-end=\"5159\">Associ\u00e9e \u00e0 Google Analytics pour limiter la fr\u00e9quence des requ\u00eates.<\/td>\n<\/tr>\n<tr data-start=\"5160\" data-end=\"5296\">\n<td class=\"max-w-[calc(var(--thread-content-max-width)*2\/3)]\" data-start=\"5160\" data-end=\"5172\">PHPSESSID<\/td>\n<td class=\"max-w-[calc(var(--thread-content-max-width)*2\/3)]\" data-start=\"5172\" data-end=\"5201\">Cookie technique (interne)<\/td>\n<td class=\"max-w-[calc(var(--thread-content-max-width)*2\/3)]\" data-start=\"5201\" data-end=\"5226\">\u00c0 la fin de la session<\/td>\n<td class=\"max-w-[calc(var(--thread-content-max-width)*2\/3)] min-w-[calc(var(--thread-content-max-width)\/3)]\" data-start=\"5226\" data-end=\"5296\">Utilis\u00e9e pour enregistrer les donn\u00e9es de session de l&rsquo;utilisateur.<\/td>\n<\/tr>\n<tr data-start=\"5297\" data-end=\"5423\">\n<td class=\"max-w-[calc(var(--thread-content-max-width)*2\/3)]\" data-start=\"5297\" data-end=\"5304\">lang<\/td>\n<td class=\"max-w-[calc(var(--thread-content-max-width)*2\/3)]\" data-start=\"5304\" data-end=\"5333\">Cookie technique (interne)<\/td>\n<td class=\"max-w-[calc(var(--thread-content-max-width)*2\/3)]\" data-start=\"5333\" data-end=\"5358\">\u00c0 la fin de la session<\/td>\n<td class=\"max-w-[calc(var(--thread-content-max-width)*2\/3)] min-w-[calc(var(--thread-content-max-width)\/3)]\" data-start=\"5358\" data-end=\"5423\">Permet de m\u00e9moriser la langue du navigateur de l&rsquo;utilisateur.<\/td>\n<\/tr>\n<tr data-start=\"5424\" data-end=\"5561\">\n<td class=\"max-w-[calc(var(--thread-content-max-width)*2\/3)]\" data-start=\"5424\" data-end=\"5437\">ac_cookies<\/td>\n<td class=\"max-w-[calc(var(--thread-content-max-width)*2\/3)]\" data-start=\"5437\" data-end=\"5466\">Cookie technique (interne)<\/td>\n<td class=\"max-w-[calc(var(--thread-content-max-width)*2\/3)]\" data-start=\"5466\" data-end=\"5473\">1 an<\/td>\n<td class=\"max-w-[calc(var(--thread-content-max-width)*2\/3)] min-w-[calc(var(--thread-content-max-width)\/2)]\" data-start=\"5473\" data-end=\"5561\">Cookie n\u00e9cessaire pour savoir si l&rsquo;utilisateur a accept\u00e9 l&rsquo;installation des cookies.<\/td>\n<\/tr>\n<tr data-start=\"5562\" data-end=\"5656\">\n<td class=\"max-w-[calc(var(--thread-content-max-width)*2\/3)]\" data-start=\"5562\" data-end=\"5571\">__utma<\/td>\n<td class=\"max-w-[calc(var(--thread-content-max-width)*2\/3)]\" data-start=\"5571\" data-end=\"5599\">Cookie analytique (tiers)<\/td>\n<td class=\"max-w-[calc(var(--thread-content-max-width)*2\/3)]\" data-start=\"5599\" data-end=\"5607\">2 ans<\/td>\n<td class=\"max-w-[calc(var(--thread-content-max-width)*2\/3)] min-w-[calc(var(--thread-content-max-width)\/3)]\" data-start=\"5607\" data-end=\"5656\">Diff\u00e9rencie les utilisateurs et les sessions.<\/td>\n<\/tr>\n<tr data-start=\"5657\" data-end=\"5764\">\n<td class=\"max-w-[calc(var(--thread-content-max-width)*2\/3)]\" data-start=\"5657\" data-end=\"5666\">__utmb<\/td>\n<td class=\"max-w-[calc(var(--thread-content-max-width)*2\/3)]\" data-start=\"5666\" data-end=\"5694\">Cookie analytique (tiers)<\/td>\n<td class=\"max-w-[calc(var(--thread-content-max-width)*2\/3)]\" data-start=\"5694\" data-end=\"5707\">30 minutes<\/td>\n<td class=\"max-w-[calc(var(--thread-content-max-width)*2\/3)] min-w-[calc(var(--thread-content-max-width)\/3)]\" data-start=\"5707\" data-end=\"5764\">Indique si une nouvelle session ou visite a commenc\u00e9.<\/td>\n<\/tr>\n<tr data-start=\"5765\" data-end=\"5914\">\n<td class=\"max-w-[calc(var(--thread-content-max-width)*2\/3)]\" data-start=\"5765\" data-end=\"5774\">__utmc<\/td>\n<td class=\"max-w-[calc(var(--thread-content-max-width)*2\/3)]\" data-start=\"5774\" data-end=\"5802\">Cookie de session (tiers)<\/td>\n<td class=\"max-w-[calc(var(--thread-content-max-width)*2\/3)]\" data-start=\"5802\" data-end=\"5827\">\u00c0 la fin de la session<\/td>\n<td class=\"max-w-[calc(var(--thread-content-max-width)*2\/3)] min-w-[calc(var(--thread-content-max-width)\/2)]\" data-start=\"5827\" data-end=\"5914\">Historique pour faciliter les fonctionnalit\u00e9s de l&rsquo;ancienne biblioth\u00e8que urchin.js.<\/td>\n<\/tr>\n<tr data-start=\"5915\" data-end=\"6052\">\n<td class=\"max-w-[calc(var(--thread-content-max-width)*2\/3)]\" data-start=\"5915\" data-end=\"5924\">__utmz<\/td>\n<td class=\"max-w-[calc(var(--thread-content-max-width)*2\/3)]\" data-start=\"5924\" data-end=\"5952\">Cookie analytique (tiers)<\/td>\n<td class=\"max-w-[calc(var(--thread-content-max-width)*2\/3)]\" data-start=\"5952\" data-end=\"5961\">6 mois<\/td>\n<td class=\"max-w-[calc(var(--thread-content-max-width)*2\/3)] min-w-[calc(var(--thread-content-max-width)\/2)]\" data-start=\"5961\" data-end=\"6052\">Enregistre l&rsquo;origine du trafic ou la campagne qui explique d&rsquo;o\u00f9 provient l&rsquo;utilisateur.<\/td>\n<\/tr>\n<\/tbody>\n<\/table>\n<\/div>\n<\/div>\n<p class=\"\" data-start=\"6054\" data-end=\"6057\">&#8230;<\/p>\n<h3 class=\"\" data-start=\"6059\" data-end=\"6080\">R\u00e9seaux sociaux :<\/h3>\n<p class=\"\" data-start=\"6082\" data-end=\"6155\">Cookies de plugins externes et cookies utilis\u00e9s par les r\u00e9seaux sociaux :<\/p>\n<p class=\"\" data-start=\"6157\" data-end=\"6341\">Sur des sites autres qu&rsquo;AIS VISION, des cookies de tiers sont install\u00e9s pour tous les visiteurs, m\u00eame si ceux-ci ne sont pas enregistr\u00e9s sur les plateformes correspondantes. Exemples :<\/p>\n<ul data-start=\"6343\" data-end=\"6772\">\n<li class=\"\" data-start=\"6343\" data-end=\"6460\">\n<p class=\"\" data-start=\"6345\" data-end=\"6460\"><a class=\"\" href=\"https:\/\/support.twitter.com\/articles\/20170521-el-uso-que-hace-twitter-de-cookies-y-tecnologias-similares\" target=\"_new\" rel=\"noopener\" data-start=\"6345\" data-end=\"6460\">Twitter<\/a><\/p>\n<\/li>\n<li class=\"\" data-start=\"6461\" data-end=\"6515\">\n<p class=\"\" data-start=\"6463\" data-end=\"6515\"><a class=\"\" href=\"https:\/\/es-es.facebook.com\/help\/cookies\/\" target=\"_new\" rel=\"noopener\" data-start=\"6463\" data-end=\"6515\">Facebook<\/a><\/p>\n<\/li>\n<li class=\"\" data-start=\"6516\" data-end=\"6618\">\n<p class=\"\" data-start=\"6518\" data-end=\"6618\"><a class=\"\" href=\"https:\/\/www.linkedin.com\/legal\/cookie-policy?trk=organization-guest_footer-cookie-policy\" target=\"_new\" rel=\"noopener\" data-start=\"6518\" data-end=\"6618\">LinkedIn<\/a><\/p>\n<\/li>\n<li class=\"\" data-start=\"6619\" data-end=\"6706\">\n<p class=\"\" data-start=\"6621\" data-end=\"6706\"><a class=\"\" href=\"https:\/\/www.google.es\/intl\/es\/policies\/privacy\/key-terms\/#toc-terms-cookie\" target=\"_new\" rel=\"noopener\" data-start=\"6621\" data-end=\"6706\">YouTube<\/a><\/p>\n<\/li>\n<li class=\"\" data-start=\"6707\" data-end=\"6772\">\n<p class=\"\" data-start=\"6709\" data-end=\"6772\"><a class=\"\" href=\"https:\/\/help.instagram.com\/1896641480634370?ref=ig\" target=\"_new\" rel=\"noopener\" data-start=\"6709\" data-end=\"6772\">Instagram<\/a><\/p>\n<\/li>\n<\/ul>\n<hr class=\"\" data-start=\"6774\" data-end=\"6777\" \/>\n<p class=\"\" data-start=\"6779\" data-end=\"6944\">Cette information est utilis\u00e9e pour am\u00e9liorer notre site, d\u00e9tecter de nouveaux besoins et \u00e9valuer les am\u00e9liorations \u00e0 apporter afin de mieux servir nos utilisateurs.<\/p>\n<p class=\"\" data-start=\"6946\" data-end=\"7102\">Pour permettre, conna\u00eetre, bloquer ou supprimer les cookies install\u00e9s sur votre appareil, vous pouvez le faire en modifiant les options de votre navigateur.<\/p>\n<p><\/p>","protected":false},"excerpt":{"rendered":"<p>AIS VISION a d\u00e9velopp\u00e9 cette politique afin de vous informer sur ce qu&rsquo;est un cookie, lesquels nous utilisons sur ce site web et comment vous pouvez les g\u00e9rer selon vos pr\u00e9f\u00e9rences. En visitant notre site web, vous \u00eates inform\u00e9 de l&rsquo;existence des cookies et de la pr\u00e9sente politique de cookies. En acceptant la politique de [&hellip;]<\/p>\n","protected":false},"author":1,"featured_media":0,"parent":0,"menu_order":48,"comment_status":"closed","ping_status":"closed","template":"","meta":{"_acf_changed":false,"inline_featured_image":false,"footnotes":"","_links_to":"","_links_to_target":""},"class_list":["post-755","page","type-page","status-publish","hentry"],"acf":[],"_links":{"self":[{"href":"https:\/\/aisvision.com\/fr\/wp-json\/wp\/v2\/pages\/755","targetHints":{"allow":["GET"]}}],"collection":[{"href":"https:\/\/aisvision.com\/fr\/wp-json\/wp\/v2\/pages"}],"about":[{"href":"https:\/\/aisvision.com\/fr\/wp-json\/wp\/v2\/types\/page"}],"author":[{"embeddable":true,"href":"https:\/\/aisvision.com\/fr\/wp-json\/wp\/v2\/users\/1"}],"replies":[{"embeddable":true,"href":"https:\/\/aisvision.com\/fr\/wp-json\/wp\/v2\/comments?post=755"}],"version-history":[{"count":16,"href":"https:\/\/aisvision.com\/fr\/wp-json\/wp\/v2\/pages\/755\/revisions"}],"predecessor-version":[{"id":2735,"href":"https:\/\/aisvision.com\/fr\/wp-json\/wp\/v2\/pages\/755\/revisions\/2735"}],"wp:attachment":[{"href":"https:\/\/aisvision.com\/fr\/wp-json\/wp\/v2\/media?parent=755"}],"curies":[{"name":"wp","href":"https:\/\/api.w.org\/{rel}","templated":true}]}}