{"id":3,"date":"2022-05-08T13:15:44","date_gmt":"2022-05-08T13:15:44","guid":{"rendered":"https:\/\/aisvision.com\/?page_id=3"},"modified":"2026-03-10T16:37:56","modified_gmt":"2026-03-10T15:37:56","slug":"politica-privacidad","status":"publish","type":"page","link":"https:\/\/aisvision.com\/pt\/politica-de-privacidade\/","title":{"rendered":"Pol\u00edtica de Privacidade"},"content":{"rendered":"<p><\/p>\n<table class=\"e-table\" style=\"width: 100%; height: 204px;\">\n<tbody>\n<tr style=\"height: 24px;\">\n<td style=\"height: 24px;\" colspan=\"2\" width=\"595\"><strong>RESPONS\u00c1VEL<\/strong><\/td>\n<\/tr>\n<tr style=\"height: 78px;\">\n<td style=\"height: 78px;\" width=\"225\">Identidade e dados de contacto<\/td>\n<td style=\"height: 78px;\" width=\"371\">\n<h4>AIS VISION SYSTEMS S.L.<\/h4>\n<\/td>\n<\/tr>\n<tr style=\"height: 78px;\">\n<td style=\"height: 78px;\" width=\"225\">Endere\u00e7o postal<\/td>\n<td style=\"height: 78px;\" width=\"371\">\n<h4>Carrer de Can Camps, 10, 08202 Sabadell, (Barcelona)<\/h4>\n<\/td>\n<\/tr>\n<tr style=\"height: 24px;\">\n<td style=\"height: 24px;\" width=\"225\">Correio eletr\u00f3nico<\/td>\n<td style=\"height: 24px;\" width=\"371\"><a href=\"mailto:info@aisvision.com\">info@aisvision.com<\/a><\/td>\n<\/tr>\n<\/tbody>\n<\/table>\n<p>&nbsp;<\/p>\n<p>Em conformidade com o disposto no artigo 11.\u00ba da Lei Org\u00e2nica 3\/2018, de 5 de dezembro, de Prote\u00e7\u00e3o de Dados Pessoais e garantia dos direitos digitais (doravante, LOPDGDD), a <strong>AIS VISION <\/strong>informa que os dados de car\u00e1ter pessoal que nos fornecer durante a sua navega\u00e7\u00e3o e\/ou atrav\u00e9s do preenchimento dos formul\u00e1rios do WEBSITE ser\u00e3o objeto de tratamento por parte da <strong>AIS VISION<\/strong>, o qual tem por FINALIDADE gerir os servi\u00e7os oferecidos. Tratamos a informa\u00e7\u00e3o que nos faculta como cliente e das pessoas de contacto que participam na rela\u00e7\u00e3o comercial durante o per\u00edodo de vig\u00eancia da mesma, com o fim de manter a rela\u00e7\u00e3o contratual e comercial, realizar tarefas administrativas relacionadas com os referidos servi\u00e7os e oferecer-lhe um servi\u00e7o ideal e de qualidade atrav\u00e9s do WEBSITE e\/ou a indicada na cl\u00e1usula de prote\u00e7\u00e3o de dados que se encontra junto ao formul\u00e1rio que acabou de preencher.<\/p>\n<p>&nbsp;<\/p>\n<h3>COMO UTILIZAMOS OS SEUS DADOS?<\/h3>\n<p>Na <strong>AIS VISION <\/strong>tratamos a informa\u00e7\u00e3o facultada pelos nossos clientes com o fim de gerir a sua encomenda de servi\u00e7os jur\u00eddicos.<\/p>\n<p>Utilizamos a informa\u00e7\u00e3o de que dispomos, de acordo com as suas decis\u00f5es, para lhe proporcionar um servi\u00e7o de qualidade, bem como para assegurar o funcionamento do mesmo. A informa\u00e7\u00e3o facultada tamb\u00e9m servir\u00e1 para aceder e utilizar o nosso WEBSITE e fornecer-lhe informa\u00e7\u00f5es sobre os produtos e servi\u00e7os que desejar.<\/p>\n<p>Al\u00e9m disso, utilizamos a informa\u00e7\u00e3o de que dispomos para combater condutas prejudiciais, suspeitas ou infra\u00e7\u00f5es das nossas condi\u00e7\u00f5es e pol\u00edticas, detetar e prevenir spam e preservar a integridade dos nossos produtos, servi\u00e7os e dados recolhidos, tomando as MEDIDAS DE SEGURAN\u00c7A pertinentes conforme os dados recolhidos e as finalidades do tratamento para garantir a confidencialidade e seguran\u00e7a dos seus dados de car\u00e1ter pessoal. A nossa entidade tem implementadas as pol\u00edticas de tratamento e medidas de seguran\u00e7a referidas na normativa europeia vigente de prote\u00e7\u00e3o de dados. As pol\u00edticas de tratamento e medidas de seguran\u00e7a implementadas na <strong>AIS VISION <\/strong>t\u00eam a finalidade de evitar a altera\u00e7\u00e3o, perda, tratamento ou acesso n\u00e3o autorizado aos seus dados de car\u00e1ter pessoal.<\/p>\n<p>Tamb\u00e9m utilizamos a informa\u00e7\u00e3o que nos faculta para lhe responder quando entra em contacto connosco ou para comunicarmos consigo nos casos em que \u00e9 legalmente permitido.<\/p>\n<p>O utilizador, ao marcar e aceitar a caixa correspondente a comunica\u00e7\u00f5es comerciais (check-box), consente expressamente que a <strong>AIS VISION <\/strong>lhe envie uma NEWSLETTER (boletim informativo) com novidades, mensagens de marketing, publicidade e\/ou informa\u00e7\u00f5es relacionadas com a nossa entidade, os servi\u00e7os que prestamos e\/ou os nossos produtos, al\u00e9m de o informar sobre as nossas pol\u00edticas e condi\u00e7\u00f5es.<\/p>\n<p>Os dados recolhidos n\u00e3o ser\u00e3o tratados de forma incompat\u00edvel com os fins indicados.<\/p>\n<p>&nbsp;<\/p>\n<h3>QUE INFORMA\u00c7\u00c3O RECOLHEMOS?<\/h3>\n<p>O tipo de informa\u00e7\u00e3o recolhida pela <strong>AIS VISION <\/strong>depende do uso que o utilizador fizer do WEBSITE; a informa\u00e7\u00e3o sobre a recolha e como elimin\u00e1-la encontra-se na sec\u00e7\u00e3o relativa ao exerc\u00edcio de direitos desta Pol\u00edtica de Privacidade.<\/p>\n<ul>\n\u00a0\t<\/p>\n<li>Recolhemos a informa\u00e7\u00e3o que nos faculta quando navega pelo nosso WEBSITE, especificamente os dados de identifica\u00e7\u00e3o e registo inclu\u00eddos em formul\u00e1rios ou dados e mensagens que nos comunique atrav\u00e9s dos mesmos. Estes dados podem incluir: o seu nome e apelidos, telefone e correio eletr\u00f3nico, al\u00e9m de outros dados necess\u00e1rios para processar a sua solicita\u00e7\u00e3o ou comunica\u00e7\u00e3o.<\/li>\n<p>\u00a0\t<\/p>\n<li>Podemos receber informa\u00e7\u00e3o identificativa quando nos envia um e-mail ou quando contacta connosco.<\/li>\n<p>\u00a0\t<\/p>\n<li>Podemos receber, atualmente ou no futuro, informa\u00e7\u00e3o identificativa quando acede ou inicia sess\u00e3o noutra p\u00e1gina, como por exemplo uma rede social, a partir do nosso WEBSITE. Isto pode incluir texto e\/ou imagens da sua Informa\u00e7\u00e3o Pessoal Identific\u00e1vel dispon\u00edvel nessas p\u00e1ginas de terceiros.<\/li>\n<\/ul>\n<p>A RESPOSTA aos formul\u00e1rios propostos para receber informa\u00e7\u00e3o dos servi\u00e7os oferecidos pela <strong>AIS VISION<\/strong>, bem como de qualquer outro question\u00e1rio que possa ser facultado no futuro, \u00e9 totalmente facultativa. No entanto, a recusa do cliente ou utilizador em facultar determinados dados poder\u00e1 impossibilitar a presta\u00e7\u00e3o dos servi\u00e7os oferecidos pela <strong>AIS VISION.<\/strong><\/p>\n<p>Informamos que tamb\u00e9m utilizamos (ou podemos utilizar) cookies enquanto visita o nosso WEBSITE. Para mais informa\u00e7\u00f5es sobre o nosso uso de cookies, por favor, consulte a nossa ( <a href=\"https:\/\/aisvision.com\/es\/politica-de-cookies\/\">Pol\u00edtica de Cookies<\/a> ).<\/p>\n<p>&nbsp;<\/p>\n<h3>DE ONDE PROV\u00c9M A INFORMA\u00c7\u00c3O RECOLHIDA?<\/h3>\n<p>A informa\u00e7\u00e3o que recolhemos atrav\u00e9s do WEBSITE prov\u00e9m exclusivamente do utilizador. N\u00e3o recebemos dados de terceiros nem de fontes de acesso p\u00fablico.<\/p>\n<p>&nbsp;<\/p>\n<h3>QUE BASE LEGAL NOS LEGITIMA PARA TRATAR OS DADOS RECOLHIDOS?<\/h3>\n<p>A base legal para o tratamento dos seus dados \u00e9 a seguinte:<\/p>\n<ul>\n\u00a0\t<\/p>\n<li>A execu\u00e7\u00e3o do contrato no qual o utilizador \u00e9 parte, ou a empresa que representa, e a <strong>AIS VISION<\/strong>, ou para a aplica\u00e7\u00e3o de medidas pr\u00e9-contratuais.<\/li>\n<p>\u00a0\t<\/p>\n<li>O consentimento prestado atrav\u00e9s da aceita\u00e7\u00e3o expressa da presente Pol\u00edtica de Privacidade, o qual pode revogar a qualquer momento. Para mais informa\u00e7\u00f5es sobre a possibilidade de revogar o seu consentimento, consulte a sec\u00e7\u00e3o relativa ao exerc\u00edcio de direitos desta Pol\u00edtica.<\/li>\n<p>\u00a0\t<\/p>\n<li>O interesse leg\u00edtimo da <strong>AIS VISION.<\/strong><\/li>\n<p>\u00a0\t<\/p>\n<li>O cumprimento de obriga\u00e7\u00f5es legais da <strong>AIS VISION. <\/strong><\/li>\n<\/ul>\n<p>&nbsp;<\/p>\n<h3>CONSERVAMOS OS SEUS DADOS?<\/h3>\n<p>Os dados pessoais fornecidos ser\u00e3o conservados durante o tempo necess\u00e1rio para o cumprimento das finalidades previstas do tratamento. O tempo durante o qual conservamos os seus dados depender\u00e1 das finalidades para as quais s\u00e3o recolhidos e do cumprimento de obriga\u00e7\u00f5es legais da <strong>AIS VISION. <\/strong>Os dados ser\u00e3o conservados enquanto n\u00e3o for solicitada a sua elimina\u00e7\u00e3o pelo interessado. Para mais informa\u00e7\u00f5es sobre como eliminar os seus dados, consulte a sec\u00e7\u00e3o referente ao exerc\u00edcio de direitos da presente Pol\u00edtica de Privacidade. Os dados obtidos ser\u00e3o conservados durante a manuten\u00e7\u00e3o do v\u00ednculo contratual com o cliente e, ap\u00f3s o t\u00e9rmino da rela\u00e7\u00e3o, at\u00e9 que possam ser exigidas responsabilidades de acordo com a legisla\u00e7\u00e3o vigente no \u00e2mbito mercantil, fiscal e para cumprir as obriga\u00e7\u00f5es relacionadas com o \u00e2mbito profissional.<\/p>\n<p>&nbsp;<\/p>\n<h3>COMO ATUALIZAMOS A SUA INFORMA\u00c7\u00c3O?<\/h3>\n<p>Toda a informa\u00e7\u00e3o que o utilizador faculte atrav\u00e9s do registo ou preenchimento dos formul\u00e1rios do WEBSITE dever\u00e1 ser verdadeira. Da mesma forma, ser\u00e1 responsabilidade do utilizador manter toda a informa\u00e7\u00e3o facultada \u00e0 <strong>AIS VISION <\/strong>permanentemente atualizada, de forma que responda, em cada momento, \u00e0 situa\u00e7\u00e3o real do utilizador. O utilizador ser\u00e1 o \u00fanico respons\u00e1vel por declara\u00e7\u00f5es falsas ou inexatas que realize e pelos preju\u00edzos que cause \u00e0 <strong>AIS VISION <\/strong>ou a terceiros pela informa\u00e7\u00e3o que faculte.<\/p>\n<p>Pedimos que comunique de imediato \u00e0 <strong>AIS VISION <\/strong>qualquer mudan\u00e7a ou modifica\u00e7\u00e3o que ocorra em rela\u00e7\u00e3o aos dados que nos facultou, a fim de que estes correspondam com veracidade \u00e0 sua situa\u00e7\u00e3o pessoal em todos os momentos.<\/p>\n<p>&nbsp;<\/p>\n<h3>COMO PODE EXERCER OS SEUS DIREITOS?<\/h3>\n<p>De conformidade com a LOPDGDD e o RGPD, o utilizador disp\u00f5e dos seguintes direitos:<\/p>\n<ul>\n\u00a0\t<\/p>\n<li>Direito a obter confirma\u00e7\u00e3o sobre se na <strong>AIS VISION <\/strong>estamos a tratar dados pessoais que lhe digam respeito, ou n\u00e3o.<\/li>\n<p>\u00a0\t<\/p>\n<li>Direito a solicitar o acesso aos dados pessoais de que dispomos relativos \u00e0 sua pessoa.<\/li>\n<p>\u00a0\t<\/p>\n<li>Direito a solicitar a sua retifica\u00e7\u00e3o ou elimina\u00e7\u00e3o; por exemplo, poder\u00e1 pedir que o seu endere\u00e7o de correio eletr\u00f3nico seja retificado se o mesmo estiver errado, ou pedir a elimina\u00e7\u00e3o dos dados de que a <strong>AIS VISION <\/strong>disp\u00f5e quando, entre outros motivos, j\u00e1 n\u00e3o sejam necess\u00e1rios para os fins para que foram recolhidos. No momento da elimina\u00e7\u00e3o dos dados, apenas os conservaremos bloqueados para o cumprimento de obriga\u00e7\u00f5es legais.<\/li>\n<p>\u00a0\t<\/p>\n<li>Direito a solicitar a limita\u00e7\u00e3o do seu tratamento; por exemplo, tem direito a limitar o tratamento dos seus dados para fins de marketing, podendo contactar-nos para cancelar a sua subscri\u00e7\u00e3o da NEWSLETTER ou comunica\u00e7\u00f5es comerciais. Neste caso, apenas conservaremos os dados para o exerc\u00edcio ou a defesa de reclama\u00e7\u00f5es.<\/li>\n<p>\u00a0\t<\/p>\n<li>Direito a opor-se ao tratamento e retirar o consentimento a qualquer momento; por exemplo, pode pedir \u00e0 <strong>AIS VISION <\/strong>que deixe de tratar os seus dados, sem que isso afete a licitude do tratamento baseado no consentimento pr\u00e9vio \u00e0 sua retirada. A <strong>AIS VISION <\/strong>deixar\u00e1 de tratar os dados, salvo por motivos leg\u00edtimos ou para o exerc\u00edcio ou defesa de poss\u00edveis reclama\u00e7\u00f5es.<\/li>\n<p>\u00a0\t<\/p>\n<li>Direito \u00e0 portabilidade dos dados em suporte automatizado para outro respons\u00e1vel, nos casos de tratamentos permitidos pela legisla\u00e7\u00e3o.<\/li>\n<\/ul>\n<p>&nbsp;<\/p>\n<p>Pode exercer estes direitos enviando um e-mail para <a href=\"mailto:info@aisvision.com\">info@aisvision.com<\/a> indicando no assunto \u201cExerc\u00edcio de direitos LOPDGDD\/RGPD\u201d e o seguinte conte\u00fado:<\/p>\n<ul>\n\u00a0\t<\/p>\n<li>O seu nome e apelidos ou nome de utilizador,<\/li>\n<p>\u00a0\t<\/p>\n<li>DNI\/NIE (ou documento de identifica\u00e7\u00e3o equivalente)<\/li>\n<p>\u00a0\t<\/p>\n<li>Correio eletr\u00f3nico<\/li>\n<p>\u00a0\t<\/p>\n<li>Direito que pretende exercer<\/li>\n<p>\u00a0\t<\/p>\n<li>Informa\u00e7\u00e3o \u00e0 qual pretende ter acesso, retificar, eliminar, limitar o tratamento ou exercer o seu direito de portabilidade<\/li>\n<\/ul>\n<p>&nbsp;<\/p>\n<p>Al\u00e9m disso, os interessados poder\u00e3o <strong><em>apresentar uma reclama\u00e7\u00e3o <\/em><\/strong>perante a Autoridade de Controlo em mat\u00e9ria de Prote\u00e7\u00e3o de Dados competente, especialmente quando n\u00e3o tenham obtido satisfa\u00e7\u00e3o no exerc\u00edcio dos seus direitos, atrav\u00e9s do seguinte link:<\/p>\n<p><a href=\"https:\/\/sedeagpd.gob.es\/sede-electronica-web\/vistas\/formNuevaReclamacion\/solicitudReclamacion.jsf\" target=\"_blank\" rel=\"noopener\">https:\/\/sedeagpd.gob.es\/sede-electronica-web\/vistas\/formNuevaReclamacion\/solicitudReclamacion.jsf<\/a><\/p>\n<p>&nbsp;<\/p>\n<h3>TRANSFERIMOS OU CEDEMOS OS SEUS DADOS A TERCEIROS?<\/h3>\n<p>Os dados n\u00e3o ser\u00e3o comunicados nem transferidos a terceiros, exceto aos poss\u00edveis Encarregados de Tratamento (fornecedores que prestam servi\u00e7o \u00e0 nossa entidade).<\/p>\n<p>A <strong>AIS VISION <\/strong>pode partilhar a sua informa\u00e7\u00e3o com v\u00e1rias autoridades governamentais em resposta a intima\u00e7\u00f5es, ordens judiciais ou outros processos legais, ou para qualquer outro assunto exigido por lei. Os seus dados n\u00e3o ser\u00e3o comunicados a terceiros, exceto por obriga\u00e7\u00e3o legal \u00e0 Autoridade Tribut\u00e1ria, Ju\u00edzos e Tribunais, a Bancos e Entidades financeiras para quest\u00f5es relacionadas com o pagamento dos servi\u00e7os e aos nossos correspons\u00e1veis, caso seja necess\u00e1rio para cumprir o servi\u00e7o encomendado.<\/p>\n<p>Para sua comodidade e interesse, podemos fornecer links para p\u00e1ginas geridas por terceiros (&#8220;P\u00e1ginas de terceiros&#8221;). N\u00e3o divulgamos a sua informa\u00e7\u00e3o a estas P\u00e1ginas de terceiros sem o seu consentimento. No entanto, n\u00e3o aprovamos e n\u00e3o somos respons\u00e1veis pelas pr\u00e1ticas de privacidade dessas p\u00e1ginas. Se decidir aceder a um link de uma dessas p\u00e1ginas de terceiros, dever\u00e1 rever a Pol\u00edtica de Privacidade publicada nessa p\u00e1gina para entender como essa p\u00e1gina de terceiros recolhe e utiliza os seus dados pessoais.<\/p>","protected":false},"excerpt":{"rendered":"<p>RESPONS\u00c1VEL Identidade e dados de contacto AIS VISION SYSTEMS S.L. Endere\u00e7o postal Carrer de Can Camps, 10, 08202 Sabadell, (Barcelona) Correio eletr\u00f3nico info@aisvision.com &nbsp; Em conformidade com o disposto no artigo 11.\u00ba da Lei Org\u00e2nica 3\/2018, de 5 de dezembro, de Prote\u00e7\u00e3o de Dados Pessoais e garantia dos direitos digitais (doravante, LOPDGDD), a AIS VISION [&hellip;]<\/p>\n","protected":false},"author":1,"featured_media":0,"parent":0,"menu_order":45,"comment_status":"closed","ping_status":"closed","template":"","meta":{"_acf_changed":false,"inline_featured_image":false,"footnotes":"","_links_to":"","_links_to_target":""},"class_list":["post-3","page","type-page","status-publish","hentry"],"acf":[],"_links":{"self":[{"href":"https:\/\/aisvision.com\/pt\/wp-json\/wp\/v2\/pages\/3","targetHints":{"allow":["GET"]}}],"collection":[{"href":"https:\/\/aisvision.com\/pt\/wp-json\/wp\/v2\/pages"}],"about":[{"href":"https:\/\/aisvision.com\/pt\/wp-json\/wp\/v2\/types\/page"}],"author":[{"embeddable":true,"href":"https:\/\/aisvision.com\/pt\/wp-json\/wp\/v2\/users\/1"}],"replies":[{"embeddable":true,"href":"https:\/\/aisvision.com\/pt\/wp-json\/wp\/v2\/comments?post=3"}],"version-history":[{"count":19,"href":"https:\/\/aisvision.com\/pt\/wp-json\/wp\/v2\/pages\/3\/revisions"}],"predecessor-version":[{"id":2733,"href":"https:\/\/aisvision.com\/pt\/wp-json\/wp\/v2\/pages\/3\/revisions\/2733"}],"wp:attachment":[{"href":"https:\/\/aisvision.com\/pt\/wp-json\/wp\/v2\/media?parent=3"}],"curies":[{"name":"wp","href":"https:\/\/api.w.org\/{rel}","templated":true}]}}