{"id":755,"date":"2022-08-05T06:05:20","date_gmt":"2022-08-05T06:05:20","guid":{"rendered":"https:\/\/aisvision.com\/es\/?page_id=755"},"modified":"2026-03-10T16:41:50","modified_gmt":"2026-03-10T15:41:50","slug":"politica-de-cookies","status":"publish","type":"page","link":"https:\/\/aisvision.com\/pt\/politica-de-cookies\/","title":{"rendered":"Pol\u00edtica de Cookies"},"content":{"rendered":"<p><strong>A AIS VISION desenvolveu esta pol\u00edtica para o informar sobre o que \u00e9 um cookie, quais utilizamos neste website e para o ajudar a geri-los de acordo com o seu interesse.<\/strong><\/p>\n<p>Com a sua visita ao nosso website, est\u00e1 a ser informado da exist\u00eancia de cookies e da presente pol\u00edtica de cookies. Ao aceitar a pol\u00edtica de cookies, <strong>est\u00e1 a consentir a instala\u00e7\u00e3o dos cookies<\/strong> informados (a menos que tenha modificado a configura\u00e7\u00e3o do seu navegador para rejeitar cookies).<\/p>\n<p>Um \u201cCookie\u201d \u00e9 um pequeno ficheiro de texto que um website armazena no navegador do utilizador. Os cookies facilitam a utiliza\u00e7\u00e3o e a navega\u00e7\u00e3o por uma p\u00e1gina web e s\u00e3o essenciais para o funcionamento da internet, proporcionando in\u00fameras vantagens na presta\u00e7\u00e3o de servi\u00e7os interativos.<\/p>\n<p>Os cookies s\u00e3o utilizados, por exemplo, para gerir a sess\u00e3o do utilizador (reduzindo o n\u00famero de vezes que tem de introduzir a sua palavra-passe) ou para adaptar os conte\u00fados de uma p\u00e1gina web \u00e0s suas prefer\u00eancias. Os cookies podem ser de \u201csess\u00e3o\u201d, sendo eliminados assim que o utilizador abandona a p\u00e1gina web que os gerou, ou \u201cpersistentes\u201d, que permanecem no seu computador at\u00e9 uma data determinada.<\/p>\n<p>Este documento de \u201cUtiliza\u00e7\u00e3o de Cookies\u201d foi elaborado a partir de uma auditoria t\u00e9cnica externa, estando, portanto, sujeito a atualiza\u00e7\u00f5es peri\u00f3dicas. O seu prop\u00f3sito \u00e9 ajud\u00e1-lo a compreender o uso que a presente p\u00e1gina web faz dos cookies, a finalidade dos cookies utilizados, bem como as op\u00e7\u00f5es que o utilizador tem \u00e0 sua disposi\u00e7\u00e3o para geri-los.<\/p>\n<p>A aceita\u00e7\u00e3o desta pol\u00edtica de cookies, com a funcionalidade do seu navegador habilitada para aceitar os mesmos, implica a aceita\u00e7\u00e3o por parte do utilizador da tecnologia cookie utilizada por este website.<\/p>\n<p>&nbsp;<\/p>\n<h3><strong>Exemplos de Tipos de cookies:<\/strong><\/h3>\n<h4><strong>Cookies t\u00e9cnicos ou de uso interno<\/strong><\/h4>\n<p>S\u00e3o <em>cookies t\u00e9cnicos ou de uso interno<\/em> os imprescind\u00edveis para o funcionamento de um website, como, por exemplo, aqueles que permitem a autentica\u00e7\u00e3o ou a manuten\u00e7\u00e3o da sess\u00e3o do utilizador registado quando navega pela p\u00e1gina. A desativa\u00e7\u00e3o destes cookies impede o funcionamento correto de algumas das funcionalidades do website.<\/p>\n<h4><strong>Cookies Anal\u00edticos<\/strong><\/h4>\n<p>S\u00e3o <em>cookies anal\u00edticos<\/em> aqueles que servem para recolher estat\u00edsticas sobre a atividade do utilizador no website e a atividade geral do mesmo. A informa\u00e7\u00e3o recolhida \u00e9 an\u00f3nima e permite otimizar a navega\u00e7\u00e3o de uma p\u00e1gina web e garantir o melhor servi\u00e7o ao utilizador. O utilizador pode excluir a sua atividade atrav\u00e9s dos sistemas de exclus\u00e3o facultados pelas ferramentas anal\u00edticas.<\/p>\n<h4><strong>Cookies de terceiros para a gest\u00e3o de espa\u00e7os publicit\u00e1rios<\/strong><\/h4>\n<p>S\u00e3o cookies armazenados por terceiras partes que gerem os espa\u00e7os publicit\u00e1rios que os utilizadores visualizam ao aceder a este website. Estes cookies permitem medir a efic\u00e1cia de campanhas online, proporcionar ao utilizador informa\u00e7\u00e3o do seu interesse e oferecer-lhe conte\u00fados publicit\u00e1rios da sua prefer\u00eancia. De conformidade com as suas pr\u00f3prias pol\u00edticas, alguns gestores de publicidade podem utilizar os cookies an\u00f3nimos para mostrar an\u00fancios do seu interesse quando visita outras p\u00e1ginas web. No entanto, os utilizadores podem gerir a aceita\u00e7\u00e3o ou n\u00e3o de tais cookies atrav\u00e9s da configura\u00e7\u00e3o do seu navegador.<\/p>\n<h4><strong>Garantias e op\u00e7\u00f5es sobre os cookies<\/strong><\/h4>\n<p>Atrav\u00e9s da configura\u00e7\u00e3o do seu navegador, o utilizador tem a possibilidade de aceitar ou rejeitar a instala\u00e7\u00e3o de cookies, ou rejeitar a instala\u00e7\u00e3o de um determinado tipo de cookies, como os cookies de publicidade e de terceiros. Al\u00e9m disso, ap\u00f3s cada sess\u00e3o, pode eliminar todos ou alguns dos cookies armazenados.<\/p>\n<p>Da mesma forma, o utilizador pode ativar:<\/p>\n<p>\u2013 A navega\u00e7\u00e3o privada, mediante a qual o seu navegador deixa de guardar o hist\u00f3rico de navega\u00e7\u00e3o, palavras-passe de websites, cookies e outra informa\u00e7\u00e3o das p\u00e1ginas que visita, ou<\/p>\n<p>\u2013 a fun\u00e7\u00e3o de n\u00e3o rastrear, pela qual o navegador pede aos websites que visita que n\u00e3o rastreiem os seus h\u00e1bitos de navega\u00e7\u00e3o para, por exemplo, lhe servir publicidade do seu interesse nos sites que visita.<\/p>\n<p>Recomendamos que consulte a ajuda do seu navegador para se informar sobre as diferentes op\u00e7\u00f5es de como gerir os cookies. <strong>Tenha em conta que o bloqueio de cookies pode afetar todas ou algumas das funcionalidades do nosso website<\/strong>. Inclusive, pode acontecer que, ao N\u00c3O ACEITAR os cookies t\u00e9cnicos\/internos, n\u00e3o consiga aceder ao nosso website.<\/p>\n<p>&nbsp;<\/p>\n<h4><strong>Cookies utilizados neste Website:<\/strong><\/h4>\n<div class=\"e-scroll-horizontal\">\n<table class=\"e-table\">\n<thead>\n<tr>\n<td><strong>Nome do Cookie<\/strong><\/td>\n<td><strong>Tipo de cookie<\/strong><\/td>\n<td><strong>Tempo de expira\u00e7\u00e3o<\/strong><\/td>\n<td><strong>Descri\u00e7\u00e3o<\/strong><\/td>\n<\/tr>\n<\/thead>\n<tbody>\n<tr>\n<td>_ga<\/td>\n<td>Cookie anal\u00edtico (de terceiros)<\/td>\n<td>2 anos desde a \u00faltima atualiza\u00e7\u00e3o<\/td>\n<td>Cookie do Google Analytics que ativa a fun\u00e7\u00e3o de controlo de visitas \u00fanicas. A primeira vez que um utilizador entra no website atrav\u00e9s de um navegador, este cookie \u00e9 instalado. Quando este utilizador volta a entrar no website com o mesmo navegador, o cookie considerar\u00e1 que \u00e9 o mesmo utilizador. Apenas no caso de o utilizador mudar de navegador \u00e9 que ser\u00e1 considerado outro utilizador.<\/td>\n<\/tr>\n<tr>\n<td>_gid<\/td>\n<td>Cookie anal\u00edtico (de terceiros)<\/td>\n<td>24h desde a \u00faltima atualiza\u00e7\u00e3o<\/td>\n<td>Este cookie est\u00e1 associado ao Google Analytics. \u00c9 utilizado para distinguir os utilizadores.<\/td>\n<\/tr>\n<tr>\n<td>_gat<\/td>\n<td>Cookie anal\u00edtico (de terceiros)<\/td>\n<td>10 minutos desde a cria\u00e7\u00e3o ou modifica\u00e7\u00e3o<\/td>\n<td>Este cookie est\u00e1 associado ao Google Analytics. \u00c9 utilizado para limitar a velocidade de pedido \u2013 a limita\u00e7\u00e3o da recolha de dados em sites de alto tr\u00e1fego.<\/td>\n<\/tr>\n<tr>\n<td>PHPSESSID<\/td>\n<td>Cookie T\u00e9cnico (Interno)<\/td>\n<td>Ao terminar a sess\u00e3o<\/td>\n<td>Este cookie \u00e9 utilizado para guardar os dados da sess\u00e3o do utilizador. \u00c9 essencial para o funcionamento do website.<\/td>\n<\/tr>\n<tr>\n<td>lang<\/td>\n<td>Cookie T\u00e9cnico (Interno)<\/td>\n<td>Ao terminar a sess\u00e3o<\/td>\n<td>Cookie utilizado para manter e recordar o idioma atual em que o utilizador navega.<\/td>\n<\/tr>\n<tr>\n<td>ac_cookies<\/td>\n<td>Cookie T\u00e9cnico (Interno)<\/td>\n<td>1 ano desde a \u00faltima atualiza\u00e7\u00e3o<\/td>\n<td>Cookie t\u00e9cnico e estritamente necess\u00e1rio que cont\u00e9m o valor de se foi aceite a instala\u00e7\u00e3o de cookies.<\/td>\n<\/tr>\n<tr>\n<td>__utma<\/td>\n<td>Cookie anal\u00edtico (de terceiros)<\/td>\n<td>2 anos desde a cria\u00e7\u00e3o ou modifica\u00e7\u00e3o<\/td>\n<td>Utilizado para diferenciar entre utilizadores e sess\u00f5es. O cookie \u00e9 criado ao carregar a biblioteca javascript e n\u00e3o existe uma vers\u00e3o pr\u00e9via do cookie __utma. O cookie \u00e9 atualizado cada vez que envia os dados para o Google Analytics.<\/td>\n<\/tr>\n<tr>\n<td>__utmb<\/td>\n<td>Cookie anal\u00edtico (de terceiros)<\/td>\n<td>30 min desde a cria\u00e7\u00e3o ou modifica\u00e7\u00e3o<\/td>\n<td>Utilizado para saber se existe uma nova sess\u00e3o ou visita. O cookie \u00e9 criado ao carregar a biblioteca javascript e n\u00e3o existe uma vers\u00e3o pr\u00e9via do cookie __utmb. O cookie \u00e9 atualizado cada vez que envia os dados para o Google Analytics.<\/td>\n<\/tr>\n<tr>\n<td>__utmc<\/td>\n<td>Cookie de sess\u00e3o (de terceiros)<\/td>\n<td>Ao terminar a sess\u00e3o<\/td>\n<td>N\u00e3o \u00e9 utilizado na biblioteca ga.js. Este cookie \u00e9 utilizado para facilitar a funcionalidade com a biblioteca urchin.js. Historicamente, este cookie funciona em conjunto com o cookie __utmb para saber se o utilizador iniciou uma nova sess\u00e3o ou visita.<\/td>\n<\/tr>\n<tr>\n<td>__utmli<\/td>\n<td>Cookie anal\u00edtico (de terceiros)<\/td>\n<td>30 segundos desde a cria\u00e7\u00e3o ou modifica\u00e7\u00e3o<\/td>\n<td>A utilidade \u00e9 poder diferenciar, no relat\u00f3rio de Anal\u00edtica da p\u00e1gina, diferentes links que apontem para um mesmo destino.<\/td>\n<\/tr>\n<tr>\n<td>__utmv<\/td>\n<td>Cookie anal\u00edtico (de terceiros)<\/td>\n<td>2 anos desde a cria\u00e7\u00e3o ou modifica\u00e7\u00e3o<\/td>\n<td>Utilizado para guardar dados vari\u00e1veis personalizados do n\u00edvel do visitante. O cookie \u00e9 atualizado cada vez que envia os dados para o Google Analytics.<\/td>\n<\/tr>\n<tr>\n<td>__utmz<\/td>\n<td>Cookie anal\u00edtico (de terceiros)<\/td>\n<td>6 meses desde a cria\u00e7\u00e3o ou modifica\u00e7\u00e3o<\/td>\n<td>Guarda a origem do tr\u00e1fego ou a campanha que explica por onde o utilizador chegou ao website. O cookie \u00e9 criado quando a biblioteca javascript \u00e9 carregada e \u00e9 atualizado cada vez que envia os dados para o Google Analytics.<\/td>\n<\/tr>\n<tr>\n<td>__utmt<\/td>\n<td>Cookie anal\u00edtico (de terceiros)<\/td>\n<td>10 minutos<\/td>\n<td>Google Analytics. \u00c9 utilizado para limitar a percentagem de solicita\u00e7\u00f5es.<\/td>\n<\/tr>\n<tr>\n<td>wpml_referer_url<\/td>\n<td>Cookie T\u00e9cnico (Interno)<\/td>\n<td>1 dia<\/td>\n<td>Armazena a \u00faltima p\u00e1gina visitada, para poder fazer a mudan\u00e7a de idioma para a mesma sec\u00e7\u00e3o.<\/td>\n<\/tr>\n<tr>\n<td>&nbsp;<br \/>\n-icl-current-lenguage<br \/>\n&nbsp;<\/td>\n<td>Cookie T\u00e9cnico (Interno)<\/td>\n<td>Ao terminar a sess\u00e3o<\/td>\n<td>Permite conhecer o idioma utilizado pelo utilizador.<\/td>\n<\/tr>\n<tr>\n<td>AdSense<\/td>\n<td>Cookie de terceiros<\/td>\n<td>Indeterminado<\/td>\n<td>Estat\u00edsticas de publicidade. Google AdSense.<\/td>\n<\/tr>\n<tr>\n<td>AID<\/td>\n<td>Cookie de terceiros<\/td>\n<td>3 meses desde a \u00faltima atualiza\u00e7\u00e3o<\/td>\n<td>Cookie dos servi\u00e7os de publicidade da Google.<\/td>\n<\/tr>\n<tr>\n<td>GAPS<\/td>\n<td>Cookie de terceiros<\/td>\n<td>Sess\u00e3o<\/td>\n<td>Ao criar ou iniciar sess\u00e3o numa conta Google, s\u00e3o armazenados os cookies PREF, NID, HSID, APISID, SID, SSID, SAPISID, GAPS, LSID, BEAT, ULS no seu computador com o fim de permanecer ligado \u00e0 sua conta Google ao visitar os seus servi\u00e7os novamente. Enquanto permanecer com esta sess\u00e3o ativa e usar complementos noutros websites como o nosso, a Google far\u00e1 uso destes cookies para melhorar a sua experi\u00eancia de utiliza\u00e7\u00e3o.<\/td>\n<\/tr>\n<tr>\n<td>HSID<\/td>\n<td>Cookie de Terceiros<\/td>\n<td>2 anos<\/td>\n<td>Ao criar ou iniciar sess\u00e3o numa conta Google, s\u00e3o armazenados os cookies referidos acima para garantir a autentica\u00e7\u00e3o e seguran\u00e7a da conta.<\/td>\n<\/tr>\n<tr>\n<td>APISID<\/td>\n<td>Cookie de Terceiros<\/td>\n<td>2 anos<\/td>\n<td>Utilizado pela Google para exibir an\u00fancios personalizados nos sites da Google com base em pesquisas recentes e intera\u00e7\u00f5es.<\/td>\n<\/tr>\n<tr>\n<td>NID<\/td>\n<td>Cookie de Terceiros<\/td>\n<td>6 meses<\/td>\n<td>O cookie NID cont\u00e9m um ID exclusivo que a Google utiliza para lembrar as suas prefer\u00eancias e outras informa\u00e7\u00f5es.<\/td>\n<\/tr>\n<tr>\n<td>OTZ<\/td>\n<td>Cookie de Terceiros<\/td>\n<td>1 m\u00eas<\/td>\n<td>Cookies da Google que guardam informa\u00e7\u00e3o das contas Google do utilizador.<\/td>\n<\/tr>\n<tr>\n<td>PAIDCONTENT<\/td>\n<td>Cookie de Terceiros<\/td>\n<td>2 anos<\/td>\n<td>Ligam-se ao Google Analytics e servem para conhecer, de forma an\u00f3nima, como utilizou este website.<\/td>\n<\/tr>\n<tr>\n<td>SAPISID<\/td>\n<td>Cookie de Terceiros<\/td>\n<td>2 anos<\/td>\n<td>Utilizado pela Google para identificar o utilizador e o seu comportamento de navega\u00e7\u00e3o para fins publicit\u00e1rios.<\/td>\n<\/tr>\n<tr>\n<td>SIDCC<\/td>\n<td>Cookie de Terceiros<\/td>\n<td>4 meses<\/td>\n<td>Facilita a personaliza\u00e7\u00e3o nos servi\u00e7os da Google.<\/td>\n<\/tr>\n<tr>\n<td>SID<\/td>\n<td>Cookie de Terceiros<\/td>\n<td>2 anos<\/td>\n<td>Cookie de seguran\u00e7a utilizado para confirmar a propriedade da conta e proteger o acesso.<\/td>\n<\/tr>\n<tr>\n<td>SSID<\/td>\n<td>Cookie de Terceiros<\/td>\n<td>2 anos<\/td>\n<td>Utilizado pela Google em conjunto com outros cookies para fins de publicidade e personaliza\u00e7\u00e3o.<\/td>\n<\/tr>\n<tr>\n<td>viewed_cookie_policy<\/td>\n<td>Cookie T\u00e9cnico (Interno)<\/td>\n<td>1 ano<\/td>\n<td>Cookie de uso interno necess\u00e1rio para o funcionamento da visualiza\u00e7\u00e3o da pol\u00edtica de cookies do website.<\/td>\n<\/tr>\n<\/tbody>\n<\/table>\n<\/div>\n<p>&nbsp;<\/p>\n<p><strong>Redes Sociais:<\/strong><\/p>\n<p>Cookies de complementos externos de conte\u00fados e Cookies usados por redes sociais:<\/p>\n<p>Noutros sites que n\u00e3o pertencem \u00e0 <strong>AIS VISION<\/strong>, s\u00e3o instalados cookies de terceiros a todos os seus visitantes, mesmo que n\u00e3o sejam utilizadores registados nas correspondentes plataformas:<\/p>\n<ul>\n\u00a0\t<\/p>\n<li><strong>AIS VISION<\/strong> no <strong>Twitter<\/strong>. As suas finalidades est\u00e3o descritas na P\u00e1gina de Cookies do Twitter: <a href=\"https:\/\/support.twitter.com\/articles\/20170521-el-uso-que-hace-twitter-de-cookies-y-tecnologias-similares\" target=\"_blank\" rel=\"noopener\">https:\/\/support.twitter.com\/articles\/20170521-el-uso-que-hace-twitter-de-cookies-y-tecnologias-similares<\/a><\/li>\n<p>\u00a0\t<\/p>\n<li><strong>AIS VISION<\/strong> no <strong>Facebook<\/strong>. As suas finalidades est\u00e3o descritas na P\u00e1gina de Cookies do Facebook: <a href=\"https:\/\/pt-pt.facebook.com\/help\/cookies\/\" target=\"_blank\" rel=\"noopener\">https:\/\/pt-pt.facebook.com\/help\/cookies\/<\/a><\/li>\n<p>\u00a0\t<\/p>\n<li><strong>AIS VISION<\/strong> no <strong>LinkedIn<\/strong>. As suas finalidades est\u00e3o descritas na P\u00e1gina de Cookies do LinkedIn: <a href=\"https:\/\/www.linkedin.com\/legal\/cookie-policy?trk=organization-guest_footer-cookie-policy\" target=\"_blank\" rel=\"noopener\">https:\/\/www.linkedin.com\/legal\/cookie-policy?trk=organization-guest_footer-cookie-policy<\/a><\/li>\n<p>\u00a0\t<\/p>\n<li><strong>AIS VISION<\/strong> no <strong>YouTube<\/strong>. As suas finalidades est\u00e3o descritas na P\u00e1gina de Cookies da Google\/YouTube: <a href=\"https:\/\/policies.google.com\/technologies\/cookies?hl=pt\" target=\"_blank\" rel=\"noopener\">https:\/\/policies.google.com\/technologies\/cookies?hl=pt<\/a><\/li>\n<p>\u00a0\t<\/p>\n<li><strong>AIS VISION<\/strong> no <strong>Instagram.<\/strong> As suas finalidades est\u00e3o descritas na P\u00e1gina de Cookies do Instagram: <a href=\"https:\/\/help.instagram.com\/1896641480634370?ref=ig\" target=\"_blank\" rel=\"noopener\">https:\/\/help.instagram.com\/1896641480634370?ref=ig<\/a><\/li>\n<\/ul>\n<p>&nbsp;<\/p>\n<p><strong>Utilizamos esta informa\u00e7\u00e3o para melhorar a nossa p\u00e1gina<\/strong>, detetar novas necessidades e avaliar as melhorias a introduzir com a finalidade de prestar um melhor servi\u00e7o aos utilizadores que nos visitam.<\/p>\n<p><strong>Para permitir, conhecer, bloquear ou eliminar os cookies instalados no seu equipamento, pode faz\u00ea-lo atrav\u00e9s da configura\u00e7\u00e3o das op\u00e7\u00f5es do navegador instalado no seu computador<\/strong>.<\/p>\n<p>Por exemplo, pode encontrar informa\u00e7\u00e3o sobre como faz\u00ea-lo caso use algum destes navegadores:<\/p>\n<p>&nbsp;<\/p>\n<p>Firefox aqui:<br \/>\n<u><a href=\"https:\/\/support.mozilla.org\/pt-PT\/kb\/cookies-informacoes-que-os-websites-armazenam-no-seu-computador\" target=\"_blank\" rel=\"noopener\">https:\/\/support.mozilla.org\/pt-PT\/kb\/cookies-informacoes-que-os-websites-armazenam-no-seu-computador<\/a><\/u><\/p>\n<p>Chrome aqui:<br \/>\n<u><a href=\"https:\/\/support.google.com\/chrome\/answer\/95647?hl=es\" target=\"_blank\" rel=\"noopener\">https:\/\/support.google.com\/chrome\/answer\/95647?hl=es<\/a><\/u><\/p>\n<p>Explorer aqui:<br \/>\n<a href=\"https:\/\/support.microsoft.com\/pt-pt\/help\/17442\/windows-internet-explorer-delete-manage-cookies\" target=\"_blank\" rel=\"noopener\">https:\/\/support.microsoft.com\/pt-pt\/help\/17442\/windows-internet-explorer-delete-manage-cookies<\/a><\/p>\n<p>Safari aqui:<br \/>\n<u><a href=\"https:\/\/support.apple.com\/pt-pt\/guide\/safari\/sfri11471\/mac\" target=\"_blank\" rel=\"noopener\">https:\/\/support.apple.com\/pt-pt\/guide\/safari\/sfri11471\/mac<\/a><\/u><\/p>\n<p>Opera aqui:<br \/>\n<u><a href=\"https:\/\/help.opera.com\/en\/latest\/web-preferences\/#cookies\" target=\"_blank\" rel=\"noopener\">https:\/\/help.opera.com\/en\/latest\/web-preferences\/#cookies<\/a><\/u><\/p>","protected":false},"excerpt":{"rendered":"<p>A AIS VISION desenvolveu esta pol\u00edtica para o informar sobre o que \u00e9 um cookie, quais utilizamos neste website e para o ajudar a geri-los de acordo com o seu interesse. Com a sua visita ao nosso website, est\u00e1 a ser informado da exist\u00eancia de cookies e da presente pol\u00edtica de cookies. Ao aceitar a [&hellip;]<\/p>\n","protected":false},"author":1,"featured_media":0,"parent":0,"menu_order":48,"comment_status":"closed","ping_status":"closed","template":"","meta":{"_acf_changed":false,"inline_featured_image":false,"footnotes":"","_links_to":"","_links_to_target":""},"class_list":["post-755","page","type-page","status-publish","hentry"],"acf":[],"_links":{"self":[{"href":"https:\/\/aisvision.com\/pt\/wp-json\/wp\/v2\/pages\/755","targetHints":{"allow":["GET"]}}],"collection":[{"href":"https:\/\/aisvision.com\/pt\/wp-json\/wp\/v2\/pages"}],"about":[{"href":"https:\/\/aisvision.com\/pt\/wp-json\/wp\/v2\/types\/page"}],"author":[{"embeddable":true,"href":"https:\/\/aisvision.com\/pt\/wp-json\/wp\/v2\/users\/1"}],"replies":[{"embeddable":true,"href":"https:\/\/aisvision.com\/pt\/wp-json\/wp\/v2\/comments?post=755"}],"version-history":[{"count":16,"href":"https:\/\/aisvision.com\/pt\/wp-json\/wp\/v2\/pages\/755\/revisions"}],"predecessor-version":[{"id":2735,"href":"https:\/\/aisvision.com\/pt\/wp-json\/wp\/v2\/pages\/755\/revisions\/2735"}],"wp:attachment":[{"href":"https:\/\/aisvision.com\/pt\/wp-json\/wp\/v2\/media?parent=755"}],"curies":[{"name":"wp","href":"https:\/\/api.w.org\/{rel}","templated":true}]}}